{"id":3592,"date":"2025-11-21T09:57:58","date_gmt":"2025-11-21T01:57:58","guid":{"rendered":"https:\/\/minghanggroup.com\/?post_type=product&#038;p=3592"},"modified":"2026-01-20T14:03:49","modified_gmt":"2026-01-20T06:03:49","slug":"empty-brown-swing-top-bottles-wholesale","status":"publish","type":"product","link":"https:\/\/minghanggroup.com\/pt\/produto\/empty-brown-swing-top-bottles-wholesale\/","title":{"rendered":"Frascos vazios de 485ml com tampa de press\u00e3o marrom para atacado"},"content":{"rendered":"<p>Garrafas de vidro marrom escuro com tampa de press\u00e3o t\u00eam um formato fino e alongado e uma tampa de metal de encaixe, sendo, portanto, a melhor op\u00e7\u00e3o para armazenar cerveja artesanal, cerveja caseira ou qualquer outro tipo de bebida especial.<\/p>\n<h2>Caracter\u00edsticas do produto<\/h2>\n<ul>\n<li><strong>Material do vidro marrom:<\/strong> Uma das fun\u00e7\u00f5es mais importantes do vidro \u00e2mbar \u00e9 proporcionar prote\u00e7\u00e3o total ao produto em seu interior (como cerveja ou molhos) contra os efeitos nocivos da luz e, ao mesmo tempo, conferir ao produto um aspecto cl\u00e1ssico.<\/li>\n<li><strong>Formato alongado da garrafa:<\/strong> O design atraente e compacto torna-o muito pr\u00e1tico para transportar e armazenar, sendo a escolha perfeita para fabrica\u00e7\u00e3o caseira de cerveja e armazenamento de bebidas.<\/li>\n<li><strong>Design de veda\u00e7\u00e3o por encaixe:<\/strong> Equipada com uma tampa de encaixe met\u00e1lica vermelha e branca, oferece \u00f3tima veda\u00e7\u00e3o, mant\u00e9m o conte\u00fado fresco por muito tempo e \u00e9 muito f\u00e1cil de operar manualmente.<\/li>\n<\/ul>\n<h2 style=\"text-align: left;\">Especifica\u00e7\u00f5es principais<\/h2>\n<table class=\"aligncenter\" style=\"border-collapse: collapse; width: 426.02pt;\" border=\"0\" width=\"568\" cellspacing=\"0\" cellpadding=\"0\">\n<tbody>\n<tr style=\"height: 13.50pt;\">\n<td style=\"height: 13.50pt; width: 105.75pt;\" width=\"141\" height=\"18\">Recurso<\/td>\n<td style=\"width: 320.25pt;\" width=\"427\">Detalhes<\/td>\n<\/tr>\n<tr style=\"height: 13.50pt;\">\n<td style=\"height: 13.50pt;\" height=\"18\">Capacidade<\/td>\n<td>485 ml (16,4 oz)<\/td>\n<\/tr>\n<tr style=\"height: 13.50pt;\">\n<td style=\"height: 13.50pt;\" height=\"18\">Dimens\u00f5es<\/td>\n<td>7,75 cm de di\u00e2metro \u00d7 22,3 cm de altura<\/td>\n<\/tr>\n<tr style=\"height: 13.50pt;\">\n<td style=\"height: 13.50pt;\" height=\"18\">Material<\/td>\n<td>Vidro \u00e2mbar (marrom) de cal sodada<\/td>\n<\/tr>\n<tr style=\"height: 13.50pt;\">\n<td style=\"height: 13.50pt;\" height=\"18\">Adequado para<\/td>\n<td>Garrafas com tampa de press\u00e3o por atacado, garrafa de vidro com tampa flip-top<\/td>\n<\/tr>\n<\/tbody>\n<\/table>\n<h2>Hist\u00f3ria de sucesso: uma solu\u00e7\u00e3o para uma cervejaria artesanal<\/h2>\n<p>Uma cervejaria artesanal queria uma garrafa que ajudasse a evitar o mau cheiro da sua cerveja IPA quando exposta na loja. As garrafas de 485 ml com tampa de press\u00e3o marrom da nossa empresa foram as escolhidas. A prote\u00e7\u00e3o UV foi um sucesso imediato entre os clientes, eliminando reclama\u00e7\u00f5es sobre o odor. A veda\u00e7\u00e3o herm\u00e9tica aumentou a vida \u00fatil do produto em 25%. Al\u00e9m disso, o visual \u00fanico e sofisticado do produto resultou em um aumento de 12% nas compras n\u00e3o planejadas. Assim, a cervejaria fez um pedido extra de mais de 500.000 garrafas para abastecer toda a sua linha principal de produtos, gra\u00e7as a esse impacto positivo significativo.<\/p>\n<h2>Decore garrafas com tampa de rosca para representar sua marca.<\/h2>\n<ul>\n<li><strong>Cores personalizadas:<\/strong> A tonalidade do vidro marrom pode ser personalizada, variando de \u00e2mbar claro a marrom escuro.<\/li>\n<li><strong>Logotipo da marca por meio de corros\u00e3o \u00e1cida:<\/strong> Personalize sua marca com um logotipo fosco permanente e elegante no vidro, uma op\u00e7\u00e3o bastante moderna para um toque sofisticado.<\/li>\n<li><strong>Serigrafia em cer\u00e2mica:<\/strong> Produza logotipos resistentes e com c\u00f3digos de cores que resistam \u00e0 lavagem e ao uso cont\u00ednuo, o que \u00e9 \u00f3timo para criar designs vibrantes.<\/li>\n<li><strong>Op\u00e7\u00f5es de cores para a corti\u00e7a:<\/strong> Dispon\u00edveis em diversas cores (por exemplo, preto ou bege), as rolhas de cer\u00e2mica divulgam discretamente a sua marca.<\/li>\n<\/ul>\n<p>Caso precise de frascos com tampa de press\u00e3o no atacado, n\u00e3o hesite em nos contatar para obter o melhor pre\u00e7o para este frasco de 485ml com tampa de press\u00e3o.<\/p>","protected":false},"excerpt":{"rendered":"<p>Garrafas resistentes com tampa de press\u00e3o, dispon\u00edveis para venda por atacado. Garrafas marrons com tampa de press\u00e3o ideais para bebidas, molhos e fermenta\u00e7\u00e3o. Aproveite ofertas exclusivas para compras em grandes quantidades.<\/p>","protected":false},"featured_media":3597,"template":"","meta":{"postBodyCss":"","postBodyMargin":[],"postBodyPadding":[],"postBodyBackground":{"backgroundType":"classic","gradient":""}},"product_brand":[],"product_cat":[15,16,56],"product_tag":[79,72,78],"class_list":{"0":"post-3592","1":"product","2":"type-product","3":"status-publish","4":"has-post-thumbnail","6":"product_cat-glass-containers","7":"product_cat-glass-bottles","8":"product_cat-flip-top-bottles","9":"product_tag-beer-bottles","10":"product_tag-juice-bottles","11":"product_tag-water-bottles","13":"first","14":"instock","15":"shipping-taxable","16":"product-type-simple"},"jetpack_sharing_enabled":true,"_links":{"self":[{"href":"https:\/\/minghanggroup.com\/pt\/wp-json\/wp\/v2\/product\/3592","targetHints":{"allow":["GET"]}}],"collection":[{"href":"https:\/\/minghanggroup.com\/pt\/wp-json\/wp\/v2\/product"}],"about":[{"href":"https:\/\/minghanggroup.com\/pt\/wp-json\/wp\/v2\/types\/product"}],"wp:featuredmedia":[{"embeddable":true,"href":"https:\/\/minghanggroup.com\/pt\/wp-json\/wp\/v2\/media\/3597"}],"wp:attachment":[{"href":"https:\/\/minghanggroup.com\/pt\/wp-json\/wp\/v2\/media?parent=3592"}],"wp:term":[{"taxonomy":"product_brand","embeddable":true,"href":"https:\/\/minghanggroup.com\/pt\/wp-json\/wp\/v2\/product_brand?post=3592"},{"taxonomy":"product_cat","embeddable":true,"href":"https:\/\/minghanggroup.com\/pt\/wp-json\/wp\/v2\/product_cat?post=3592"},{"taxonomy":"product_tag","embeddable":true,"href":"https:\/\/minghanggroup.com\/pt\/wp-json\/wp\/v2\/product_tag?post=3592"}],"curies":[{"name":"wp","href":"https:\/\/api.w.org\/{rel}","templated":true}]}}