{"id":3581,"date":"2025-11-20T16:42:54","date_gmt":"2025-11-20T08:42:54","guid":{"rendered":"https:\/\/minghanggroup.com\/?post_type=product&#038;p=3581"},"modified":"2026-01-20T14:04:03","modified_gmt":"2026-01-20T06:04:03","slug":"bulk-vertical-stripes-empty-fermentation-bottles","status":"publish","type":"product","link":"https:\/\/minghanggroup.com\/pt\/produto\/bulk-vertical-stripes-empty-fermentation-bottles\/","title":{"rendered":"Garrafas de fermenta\u00e7\u00e3o vazias com listras verticais, tamanhos 16oz e 32oz (aproximadamente 473ml e 946ml)."},"content":{"rendered":"<p>Estas garrafas de fermenta\u00e7\u00e3o apresentam um elegante padr\u00e3o de listras verticais, s\u00e3o feitas de vidro transparente e possuem tampas laranja com fecho de metal. Al\u00e9m disso, est\u00e3o dispon\u00edveis em dois tamanhos diferentes.<\/p>\n<h2>Caracter\u00edsticas do produto<\/h2>\n<ul>\n<li><strong>Design com listras verticais:<\/strong> O design com listras verticais n\u00e3o s\u00f3 embeleza a marca do produto e aumenta seu reconhecimento, como tamb\u00e9m melhora a ader\u00eancia ao produto.<\/li>\n<li><strong>Design de veda\u00e7\u00e3o por encaixe:<\/strong> A tampa laranja de encaixe da garrafa \u00e9 fixada com fechos met\u00e1licos que proporcionam a melhor veda\u00e7\u00e3o, conservando assim a frescura do l\u00edquido no seu interior de forma eficiente, e a garrafa \u00e9 tamb\u00e9m f\u00e1cil de abrir e fechar.<\/li>\n<li><strong>Dispon\u00edvel em dois tamanhos:<\/strong> Est\u00e3o dispon\u00edveis dois tamanhos para atender a diversas necessidades de armazenamento e s\u00e3o ideais para conter diferentes tipos de l\u00edquidos, como sucos e bebidas.<\/li>\n<\/ul>\n<h2 style=\"text-align: left;\">Especifica\u00e7\u00f5es principais<\/h2>\n<table class=\"aligncenter\" style=\"border-collapse: collapse; width: 528.77pt;\" border=\"0\" width=\"705\" cellspacing=\"0\" cellpadding=\"0\">\n<tbody>\n<tr style=\"height: 13.50pt;\">\n<td style=\"height: 13.50pt; width: 168.00pt;\" width=\"224\" height=\"18\">Recurso<\/td>\n<td style=\"width: 360.75pt;\" width=\"481\">Detalhes<\/td>\n<\/tr>\n<tr style=\"height: 13.50pt;\">\n<td style=\"height: 13.50pt;\" height=\"18\">Capacidade e dimens\u00f5es<\/td>\n<td>500 ml (16 oz) 7 cm \u00d7 26,6 cm \/ 1000 ml (34 oz) 8,5 cm \u00d7 31,5 cm<\/td>\n<\/tr>\n<tr style=\"height: 13.50pt;\">\n<td style=\"height: 13.50pt;\" height=\"18\">Tipo de vidro<\/td>\n<td>Vidro s\u00f3dio-c\u00e1lcico transparente com textura de nervuras verticais<\/td>\n<\/tr>\n<tr style=\"height: 13.50pt;\">\n<td style=\"height: 13.50pt;\" height=\"18\">Ideal para<\/td>\n<td>Garrafas de fermenta\u00e7\u00e3o, garrafas com tampa de press\u00e3o<\/td>\n<\/tr>\n<\/tbody>\n<\/table>\n<h2>Caso de sucesso: Expans\u00e3o de uma empresa de kombucha<\/h2>\n<p>Em pouco tempo, um produtor de kombucha artesanal precisava urgentemente de garrafas de fermenta\u00e7\u00e3o confi\u00e1veis \u200b\u200be optou por usar nossas garrafas de 1000ml com tampa de rosca para as fermenta\u00e7\u00f5es prim\u00e1ria e secund\u00e1ria. O aspecto mais importante, sem d\u00favida, \u00e9 a veda\u00e7\u00e3o resistente \u00e0 press\u00e3o, que reduz em 20% a perda de lotes causada por falhas na veda\u00e7\u00e3o, garantindo a seguran\u00e7a do produto lacrado. O design com listras verticais reduz em 15% os acidentes na linha de produ\u00e7\u00e3o, pois facilita o manuseio pelos funcion\u00e1rios. O cliente est\u00e1 extremamente satisfeito com o produto e recentemente fez um pedido adicional de 300.000 garrafas para apoiar o lan\u00e7amento em seus principais canais de varejo.<\/p>\n<h2>Criando sua garrafa de fermenta\u00e7\u00e3o personalizada<\/h2>\n<ul>\n<li><strong>Cor do vidro:<\/strong> Caso voc\u00ea v\u00e1 fermentar produtos fotossens\u00edveis (cerveja ou vinho) e queira proteg\u00ea-los dos raios UV, opte por vidro \u00e2mbar.<\/li>\n<li><strong>Marca\u00e7\u00e3o por corros\u00e3o \u00e1cida:<\/strong> Crie uma impress\u00e3o moderna, dur\u00e1vel e sofisticada gravando em \u00e1cido o vidro com uma \u00e1rea fosca antiderrapante permanente.<\/li>\n<li><strong>Impress\u00e3o no pesco\u00e7o:<\/strong> Grave em relevo n\u00fameros de lote pequenos ou marca\u00e7\u00f5es de capacidade no gargalo para dar um estilo profissional e utilit\u00e1rio.<\/li>\n<li><strong>Acabamento fosco:<\/strong> Aplicar um acabamento fosco em toda a superf\u00edcie do vidro resulta em uma textura suave e distinta, diferente das demais.<\/li>\n<\/ul>","protected":false},"excerpt":{"rendered":"<p>Garrafas de fermenta\u00e7\u00e3o de alta qualidade, com design em vidro listrado vertical e tampa de press\u00e3o segura. Dispon\u00edveis agora com entrega r\u00e1pida em todo o mundo.<\/p>","protected":false},"featured_media":3584,"template":"","meta":{"postBodyCss":"","postBodyMargin":[],"postBodyPadding":[],"postBodyBackground":{"backgroundType":"classic","gradient":""}},"product_brand":[],"product_cat":[15,16,56],"product_tag":[72,78],"class_list":{"0":"post-3581","1":"product","2":"type-product","3":"status-publish","4":"has-post-thumbnail","6":"product_cat-glass-containers","7":"product_cat-glass-bottles","8":"product_cat-flip-top-bottles","9":"product_tag-juice-bottles","10":"product_tag-water-bottles","12":"first","13":"instock","14":"shipping-taxable","15":"product-type-simple"},"jetpack_sharing_enabled":true,"_links":{"self":[{"href":"https:\/\/minghanggroup.com\/pt\/wp-json\/wp\/v2\/product\/3581","targetHints":{"allow":["GET"]}}],"collection":[{"href":"https:\/\/minghanggroup.com\/pt\/wp-json\/wp\/v2\/product"}],"about":[{"href":"https:\/\/minghanggroup.com\/pt\/wp-json\/wp\/v2\/types\/product"}],"wp:featuredmedia":[{"embeddable":true,"href":"https:\/\/minghanggroup.com\/pt\/wp-json\/wp\/v2\/media\/3584"}],"wp:attachment":[{"href":"https:\/\/minghanggroup.com\/pt\/wp-json\/wp\/v2\/media?parent=3581"}],"wp:term":[{"taxonomy":"product_brand","embeddable":true,"href":"https:\/\/minghanggroup.com\/pt\/wp-json\/wp\/v2\/product_brand?post=3581"},{"taxonomy":"product_cat","embeddable":true,"href":"https:\/\/minghanggroup.com\/pt\/wp-json\/wp\/v2\/product_cat?post=3581"},{"taxonomy":"product_tag","embeddable":true,"href":"https:\/\/minghanggroup.com\/pt\/wp-json\/wp\/v2\/product_tag?post=3581"}],"curies":[{"name":"wp","href":"https:\/\/api.w.org\/{rel}","templated":true}]}}