{"id":3575,"date":"2025-11-20T16:53:06","date_gmt":"2025-11-20T08:53:06","guid":{"rendered":"https:\/\/minghanggroup.com\/?post_type=product&#038;p=3575"},"modified":"2025-11-20T16:53:06","modified_gmt":"2025-11-20T08:53:06","slug":"wide-mouth-storage-jar-for-pickles-bulk","status":"publish","type":"product","link":"https:\/\/minghanggroup.com\/pt\/produto\/wide-mouth-storage-jar-for-pickles-bulk\/","title":{"rendered":"Pote de boca larga para armazenamento de picles a granel, com capacidade de 80 ml a 200 ml."},"content":{"rendered":"<p>N\u00e3o continue desperdi\u00e7ando dinheiro com embalagens sem gra\u00e7a que desvalorizam sua marca. Nossos potes de vidro premium com al\u00e7as duplas para conservas n\u00e3o s\u00f3 mant\u00eam seus pepinos em conserva frescos, como tamb\u00e9m elevam o n\u00edvel da sua apresenta\u00e7\u00e3o. Mais do que simples potes, eles s\u00e3o a nova arma secreta da sua marca para embalagens de alimentos.<\/p>\n<h2>Caracter\u00edsticas do produto<\/h2>\n<ol>\n<li><strong>Design cl\u00e1ssico de duas orelhas:<\/strong>Nosso design t\u00edpico de duas abas proporciona o manuseio mais natural do frasco e uma apar\u00eancia cl\u00e1ssica, o que ajudar\u00e1 a tornar sua marca mais atraente.<\/li>\n<li><strong>Clareza cristalina:<\/strong>O vidro transparente \u00e9 um recipiente ideal para vegetais em conserva, pois suas cores vibrantes podem ser vistas de relance do lado de fora.<\/li>\n<li><strong>Tampa met\u00e1lica segura:<\/strong>A tampa met\u00e1lica vermelha brilhante com veda\u00e7\u00e3o herm\u00e9tica mant\u00e9m os picles rec\u00e9m-preparados frescos e saborosos, para que voc\u00ea possa fazer suas conservas e picles sem preocupa\u00e7\u00f5es.<\/li>\n<\/ol>\n<h2>Especifica\u00e7\u00f5es principais<\/h2>\n<table style=\"border-collapse: collapse; width: 80%; margin-left: auto; margin-right: auto;\" border=\"0\" width=\"216\" cellspacing=\"0\" cellpadding=\"0\">\n<tbody>\n<tr style=\"height: 13.50pt;\">\n<td style=\"height: 13.5pt; width: 54pt; text-align: center;\" width=\"72\" height=\"18\">Capacidade (ml)<\/td>\n<td style=\"width: 54pt; text-align: center;\" width=\"72\">Tamanho (cm)<\/td>\n<td style=\"width: 54pt; text-align: center;\" width=\"72\">Forma<\/td>\n<\/tr>\n<tr style=\"height: 13.50pt;\">\n<td style=\"height: 13.5pt; text-align: center;\" align=\"right\" height=\"18\">80<\/td>\n<td style=\"text-align: center;\">6,9 x 4,4<\/td>\n<td class=\"et2\" style=\"text-align: center;\" rowspan=\"4\">Redondo<\/td>\n<\/tr>\n<tr style=\"height: 13.50pt;\">\n<td style=\"height: 13.5pt; text-align: center;\" align=\"right\" height=\"18\">100<\/td>\n<td style=\"text-align: center;\">7,6 x 4,6<\/td>\n<\/tr>\n<tr style=\"height: 13.50pt;\">\n<td style=\"height: 13.5pt; text-align: center;\" align=\"right\" height=\"18\">150<\/td>\n<td style=\"text-align: center;\">8,0 x 5,4<\/td>\n<\/tr>\n<tr style=\"height: 13.50pt;\">\n<td style=\"height: 13.5pt; text-align: center;\" align=\"right\" height=\"18\">200<\/td>\n<td style=\"text-align: center;\">8,9 x 5,5<\/td>\n<\/tr>\n<\/tbody>\n<\/table>\n<h2>Caso de sucesso<\/h2>\n<p>Uma marca popular de alimentos na Argentina embalava seus produtos em pl\u00e1stico simples e sem veda\u00e7\u00e3o adequada, o que resultava em baixa taxa de recompra. Eles nos procuraram para criar este pote de vidro refor\u00e7ado para conservas. O pote transparente \u00e9 uma \u00f3tima maneira de exibir o produto, como pimentas e vagem. A tampa de rosca vermelha resistente ao calor e o design com a marca em relevo tornam o produto ainda mais atraente na prateleira.<\/p>\n<p>Ap\u00f3s 3 meses do lan\u00e7amento, as vendas de seus produtos em conserva cresceram 28%.<\/p>\n<h2>Dicas de personaliza\u00e7\u00e3o<\/h2>\n<p>Caso voc\u00ea queira elevar o posicionamento da sua marca com este pote de picles, concentre-se na capacidade, na espessura e na transpar\u00eancia do frasco. Uma vers\u00e3o em vidro brilhante ou em tons mais s\u00f3brios pode ser escolhida dependendo da cor do produto, e para valorizar o material, uma tampa personalizada de metal ou com acabamento galvanizado pode ser utilizada. Al\u00e9m disso, voc\u00ea pode destacar o pote de picles na prateleira adicionando padr\u00f5es em relevo especiais no ombro ou no fundo do frasco. Etiquetas coloridas, juntas \u00e0 prova de explos\u00e3o ou embalagens combinadas tamb\u00e9m podem ser personalizadas para uma apar\u00eancia geral mais coesa, especialmente para canais de e-commerce ou caixas de presente.<\/p>","protected":false},"excerpt":{"rendered":"<p>Pote para picles feito de vidro grosso pr\u00f3prio para alimentos. Este pote de vidro para picles atende a pedidos em grande quantidade, fornecimento direto da f\u00e1brica e tampas e marca personaliz\u00e1veis.<\/p>","protected":false},"featured_media":3576,"template":"","meta":{"postBodyCss":"","postBodyMargin":[],"postBodyPadding":[],"postBodyBackground":{"backgroundType":"classic","gradient":""}},"product_brand":[],"product_cat":[15,17,55],"product_tag":[],"class_list":{"0":"post-3575","1":"product","2":"type-product","3":"status-publish","4":"has-post-thumbnail","6":"product_cat-glass-containers","7":"product_cat-glass-jars","8":"product_cat-pickle-jars","10":"first","11":"instock","12":"shipping-taxable","13":"product-type-simple"},"jetpack_sharing_enabled":true,"_links":{"self":[{"href":"https:\/\/minghanggroup.com\/pt\/wp-json\/wp\/v2\/product\/3575","targetHints":{"allow":["GET"]}}],"collection":[{"href":"https:\/\/minghanggroup.com\/pt\/wp-json\/wp\/v2\/product"}],"about":[{"href":"https:\/\/minghanggroup.com\/pt\/wp-json\/wp\/v2\/types\/product"}],"wp:featuredmedia":[{"embeddable":true,"href":"https:\/\/minghanggroup.com\/pt\/wp-json\/wp\/v2\/media\/3576"}],"wp:attachment":[{"href":"https:\/\/minghanggroup.com\/pt\/wp-json\/wp\/v2\/media?parent=3575"}],"wp:term":[{"taxonomy":"product_brand","embeddable":true,"href":"https:\/\/minghanggroup.com\/pt\/wp-json\/wp\/v2\/product_brand?post=3575"},{"taxonomy":"product_cat","embeddable":true,"href":"https:\/\/minghanggroup.com\/pt\/wp-json\/wp\/v2\/product_cat?post=3575"},{"taxonomy":"product_tag","embeddable":true,"href":"https:\/\/minghanggroup.com\/pt\/wp-json\/wp\/v2\/product_tag?post=3575"}],"curies":[{"name":"wp","href":"https:\/\/api.w.org\/{rel}","templated":true}]}}