{"id":3574,"date":"2025-11-20T15:21:08","date_gmt":"2025-11-20T07:21:08","guid":{"rendered":"https:\/\/minghanggroup.com\/?post_type=product&#038;p=3574"},"modified":"2026-01-20T14:04:58","modified_gmt":"2026-01-20T06:04:58","slug":"bulk-clear-grolsch-beer-bottle-with-flip-top","status":"publish","type":"product","link":"https:\/\/minghanggroup.com\/pt\/produto\/bulk-clear-grolsch-beer-bottle-with-flip-top\/","title":{"rendered":"Garrafa de cerveja Grolsch transparente de 500ml com tampa flip-top (pacote com v\u00e1rios)"},"content":{"rendered":"<p>Esta garrafa de cerveja Grolsch, feita de vidro transparente e decorada com uma t\u00edpica tampa de metal de encaixe, \u00e9 um presente perfeito para qualquer entusiasta de cerveja artesanal, produtor de bebidas caseiras ou amante de utens\u00edlios de cozinha.<\/p>\n<h2>Caracter\u00edsticas do produto<\/h2>\n<ul>\n<li><strong>Material do vidro transparente:<\/strong> O vidro visualmente transparente permite uma vis\u00e3o direta da cor e do n\u00edvel do conte\u00fado, facilitando assim o processo de reconhecimento e controle do l\u00edquido.<\/li>\n<li><strong>Design de veda\u00e7\u00e3o por encaixe:<\/strong> O sistema de encaixe e tampa de metal \u00e9 muito simples de entender e confi\u00e1vel \u2014 o fechamento \u00e9 sempre poss\u00edvel sem o uso de ferramentas.<\/li>\n<li><strong>Anel de veda\u00e7\u00e3o de silicone premium:<\/strong> O anel de veda\u00e7\u00e3o espesso mant\u00e9m a press\u00e3o durante a fermenta\u00e7\u00e3o, \u00e9 recicl\u00e1vel e permanece macio.<\/li>\n<\/ul>\n<h2 style=\"text-align: left;\">Especifica\u00e7\u00f5es principais<\/h2>\n<table class=\"aligncenter\" style=\"border-collapse: collapse; width: 436.52pt;\" border=\"0\" width=\"582\" cellspacing=\"0\" cellpadding=\"0\">\n<tbody>\n<tr style=\"height: 13.50pt;\">\n<td style=\"height: 13.50pt; width: 142.50pt;\" width=\"190\" height=\"18\">Recurso<\/td>\n<td style=\"width: 294.00pt;\" width=\"392\">Detalhes<\/td>\n<\/tr>\n<tr style=\"height: 13.50pt;\">\n<td style=\"height: 13.50pt;\" height=\"18\">Capacidade e dimens\u00f5es<\/td>\n<td>500 ml (16 oz) 8,1 cm \u00d7 22,3 cm<\/td>\n<\/tr>\n<tr style=\"height: 13.50pt;\">\n<td style=\"height: 13.50pt;\" height=\"18\">Tipo de vidro<\/td>\n<td>Vidro transparente de cal sodada<\/td>\n<\/tr>\n<tr style=\"height: 13.50pt;\">\n<td style=\"height: 13.50pt;\" height=\"18\">Acabamento do bra\u00e7o<\/td>\n<td>Compat\u00edvel com Grolsch padr\u00e3o<\/td>\n<\/tr>\n<tr style=\"height: 13.50pt;\">\n<td style=\"height: 13.50pt;\" height=\"18\">Ideal para<\/td>\n<td>Garrafa de cerveja Grolsch, garrafas de vidro com tampa flip-top<\/td>\n<\/tr>\n<\/tbody>\n<\/table>\n<h2>Hist\u00f3ria de sucesso: Uma marca de refrigerante artesanal deu a volta por cima.<\/h2>\n<p>A pequena empresa de refrigerantes enfrentava problemas com carbonata\u00e7\u00e3o inconsistente e embalagens sem gra\u00e7a. Ap\u00f3s a mudan\u00e7a para a nossa garrafa Grolsch de 500ml, tudo mudou. O fechamento herm\u00e9tico perfeito resolveu completamente o problema da falta de efervesc\u00eancia. A garrafa de vidro com tampa de rosca ficou t\u00e3o bonita que a marca p\u00f4de aumentar o pre\u00e7o em 15% sem perder clientes. Eles relataram que a quebra causada pelo processo de envase foi reduzida em 40% devido \u00e0 resist\u00eancia da garrafa. Ao usar o design de forma criativa, eles tamb\u00e9m conseguiram aumentar o n\u00famero de seguidores nas redes sociais em mais de 30%. Isso porque os clientes adoraram compartilhar fotos das garrafas. Ap\u00f3s esse sucesso incr\u00edvel, eles decidiram fazer um pedido maior de 500.000 garrafas para lan\u00e7ar uma nova linha de produtos.<\/p>\n<h2>Sugest\u00f5es de personaliza\u00e7\u00e3o<\/h2>\n<p>Fuja do convencional e crie garrafas exclusivas que reflitam a sua personalidade. Voc\u00ea pode personalizar suas garrafas de diversas maneiras, como:<\/p>\n<ul>\n<li><strong>Pel\u00edcula para vidros:<\/strong> Caso a bebida seja uma fonte de luz, como por exemplo, cerveja ou kombucha, utilize copos \u00e2mbar ou verdes para prote\u00e7\u00e3o.<\/li>\n<li><strong>Ataque \u00e1cido:<\/strong> Imprima a identidade da sua marca no vidro com pasta \u00e1cida para um visual fosco, luxuoso e permanente.<\/li>\n<li><strong>Etiqueta do pesco\u00e7o:<\/strong> Os furos feitos no molde do gargalo s\u00e3o perfeitos para a fixa\u00e7\u00e3o de etiquetas personalizadas com informa\u00e7\u00f5es sobre o lote ou a marca.<\/li>\n<\/ul>","protected":false},"excerpt":{"rendered":"<p>Garrafa de cerveja Grolsch cl\u00e1ssica com tampa de press\u00e3o, feita de vidro cristalino, ideal para fabrica\u00e7\u00e3o e envase de cerveja. Direto da f\u00e1brica para melhores pre\u00e7os.<\/p>","protected":false},"featured_media":3578,"template":"","meta":{"postBodyCss":"","postBodyMargin":[],"postBodyPadding":[],"postBodyBackground":{"backgroundType":"classic","gradient":""}},"product_brand":[],"product_cat":[15,16,56],"product_tag":[72,78],"class_list":{"0":"post-3574","1":"product","2":"type-product","3":"status-publish","4":"has-post-thumbnail","6":"product_cat-glass-containers","7":"product_cat-glass-bottles","8":"product_cat-flip-top-bottles","9":"product_tag-juice-bottles","10":"product_tag-water-bottles","12":"first","13":"instock","14":"shipping-taxable","15":"product-type-simple"},"jetpack_sharing_enabled":true,"_links":{"self":[{"href":"https:\/\/minghanggroup.com\/pt\/wp-json\/wp\/v2\/product\/3574","targetHints":{"allow":["GET"]}}],"collection":[{"href":"https:\/\/minghanggroup.com\/pt\/wp-json\/wp\/v2\/product"}],"about":[{"href":"https:\/\/minghanggroup.com\/pt\/wp-json\/wp\/v2\/types\/product"}],"wp:featuredmedia":[{"embeddable":true,"href":"https:\/\/minghanggroup.com\/pt\/wp-json\/wp\/v2\/media\/3578"}],"wp:attachment":[{"href":"https:\/\/minghanggroup.com\/pt\/wp-json\/wp\/v2\/media?parent=3574"}],"wp:term":[{"taxonomy":"product_brand","embeddable":true,"href":"https:\/\/minghanggroup.com\/pt\/wp-json\/wp\/v2\/product_brand?post=3574"},{"taxonomy":"product_cat","embeddable":true,"href":"https:\/\/minghanggroup.com\/pt\/wp-json\/wp\/v2\/product_cat?post=3574"},{"taxonomy":"product_tag","embeddable":true,"href":"https:\/\/minghanggroup.com\/pt\/wp-json\/wp\/v2\/product_tag?post=3574"}],"curies":[{"name":"wp","href":"https:\/\/api.w.org\/{rel}","templated":true}]}}