{"id":3566,"date":"2025-11-20T14:44:56","date_gmt":"2025-11-20T06:44:56","guid":{"rendered":"https:\/\/minghanggroup.com\/?post_type=product&#038;p=3566"},"modified":"2026-01-20T14:04:52","modified_gmt":"2026-01-20T06:04:52","slug":"wholesale-glass-flip-top-water-bottles-with-handle","status":"publish","type":"product","link":"https:\/\/minghanggroup.com\/pt\/produto\/wholesale-glass-flip-top-water-bottles-with-handle\/","title":{"rendered":"Garrafas de \u00e1gua de vidro com tampa flip-top e al\u00e7a, dispon\u00edveis para venda por atacado, nos tamanhos 250ml, 350ml e 500ml."},"content":{"rendered":"<p>Essas garrafas de \u00e1gua com tampa flip-top s\u00e3o feitas de vidro transparente e possuem uma al\u00e7a pr\u00e1tica para transporte manual. A tampa \u00e9 fechada com um fecho met\u00e1lico. Essas garrafas flip-top s\u00e3o \u00f3timas para armazenar bebidas gaseificadas, \u00e1gua aromatizada com frutas ou para a hidrata\u00e7\u00e3o regular do corpo.<\/p>\n<h2>Caracter\u00edsticas do produto<\/h2>\n<ul>\n<li><strong>Material de vidro transparente:<\/strong> A garrafa \u00e9 feita de vidro transparente, o que facilita a visualiza\u00e7\u00e3o da cor, da quantidade de l\u00edquido e se est\u00e1 gaseificado ou n\u00e3o.<\/li>\n<li><strong>Ideia de al\u00e7a:<\/strong> A garrafa possui uma al\u00e7a que facilita o manuseio e torna o transporte mais pr\u00e1tico. Al\u00e9m disso, a \u00e1rea da superf\u00edcie do produto, geralmente utilizada para fins de marketing, foi ampliada.<\/li>\n<li><strong>Gama dos tr\u00eas tamanhos:<\/strong> Com tamanhos pequeno, m\u00e9dio e grande, \u00e9 poss\u00edvel atender a diferentes necessidades de armazenamento, por exemplo, de \u00e1gua com g\u00e1s, bebidas e outros l\u00edquidos.<\/li>\n<\/ul>\n<h2 style=\"text-align: left;\">Especifica\u00e7\u00f5es principais<\/h2>\n<table class=\"aligncenter\" style=\"border-collapse: collapse; width: 724.52pt;\" border=\"0\" width=\"966\" cellspacing=\"0\" cellpadding=\"0\">\n<tbody>\n<tr style=\"height: 13.50pt;\">\n<td style=\"height: 13.50pt; width: 142.50pt;\" width=\"190\" height=\"18\">Recurso<\/td>\n<td style=\"width: 582.00pt;\" width=\"776\">Detalhes<\/td>\n<\/tr>\n<tr style=\"height: 13.50pt;\">\n<td style=\"height: 13.50pt;\" height=\"18\">Capacidade e dimens\u00f5es<\/td>\n<td>250 ml (8,5 oz) 6,7 \u00d7 17,2 cm \/ 350 ml (12 oz) 7,6 \u00d7 20 cm \/ 500 ml (17 oz) 8,7 \u00d7 21,8 cm<\/td>\n<\/tr>\n<tr style=\"height: 13.50pt;\">\n<td style=\"height: 13.50pt;\" height=\"18\">Material<\/td>\n<td>Copo de vidro s\u00f3dio-c\u00e1lcico transparente com al\u00e7a lateral moldada<\/td>\n<\/tr>\n<tr style=\"height: 13.50pt;\">\n<td style=\"height: 13.50pt;\" height=\"18\">Ideal para<\/td>\n<td>Garrafa de vidro com tampa flip-top, garrafas de \u00e1gua com tampa basculante<\/td>\n<\/tr>\n<\/tbody>\n<\/table>\n<h2>Hist\u00f3ria de sucesso<\/h2>\n<p>Uma marca de vinagres essenciais e suplementos nutritivos, para os quais a embalagem precisava ser n\u00e3o apenas pr\u00e1tica, mas tamb\u00e9m atraente para presentear, escolheu nossas garrafas de \u00e1gua de 350ml com tampa flip-top e al\u00e7a. O design com al\u00e7a \u00e9 um grande diferencial desta garrafa, permitindo uma elegante caixa de presente sem a necessidade de um envelope adicional. Seus testes de controle de qualidade mostraram que, ap\u00f3s seis meses de armazenamento, as veda\u00e7\u00f5es mantiveram 96% da integridade do produto. Gra\u00e7as ao tamanho conveniente, o volume de compras por unidade aumentou em 30%. Al\u00e9m disso, identificaram uma redu\u00e7\u00e3o de 20% nas reclama\u00e7\u00f5es de clientes relacionadas a vazamentos durante o transporte. Muito satisfeitos com o desempenho do produto, eles fizeram recentemente um novo pedido de 200.000 garrafas.<\/p>\n<h2>Sugest\u00f5es para o manuseio de garrafas de vidro com tampa flip-top<\/h2>\n<ul>\n<li><strong>Cor da al\u00e7a:<\/strong> Ajuste a cor da al\u00e7a met\u00e1lica revestida de pl\u00e1stico de acordo com os requisitos da sua marca.<\/li>\n<li><strong>Pel\u00edcula para vidros:<\/strong> Se o conte\u00fado for sens\u00edvel \u00e0 luz ou se o seu produto precisar de um visual diferenciado, voc\u00ea pode optar por vidro \u00e2mbar ou azul cobalto.<\/li>\n<li><strong>Logotipo impresso:<\/strong> Coloque seu logotipo na parte inferior ou no ombro da garrafa.<\/li>\n<li><strong>Painel de etiquetas:<\/strong> Um painel plano para r\u00f3tulo j\u00e1 est\u00e1 inserido no molde da garrafa para facilitar e tornar mais precisa a aplica\u00e7\u00e3o do r\u00f3tulo.<\/li>\n<\/ul>","protected":false},"excerpt":{"rendered":"<p>Essas garrafas de vidro com tampa flip-top e al\u00e7a possuem travas met\u00e1licas seguras e est\u00e3o dispon\u00edveis em tr\u00eas tamanhos. Ideais para \u00e1gua com tampa flip-top e entrega r\u00e1pida para pedidos em grande quantidade.<\/p>","protected":false},"featured_media":3567,"template":"","meta":{"postBodyCss":"","postBodyMargin":[],"postBodyPadding":[],"postBodyBackground":{"backgroundType":"classic","gradient":""}},"product_brand":[],"product_cat":[15,16,56],"product_tag":[72,78],"class_list":{"0":"post-3566","1":"product","2":"type-product","3":"status-publish","4":"has-post-thumbnail","6":"product_cat-glass-containers","7":"product_cat-glass-bottles","8":"product_cat-flip-top-bottles","9":"product_tag-juice-bottles","10":"product_tag-water-bottles","12":"first","13":"instock","14":"shipping-taxable","15":"product-type-simple"},"jetpack_sharing_enabled":true,"_links":{"self":[{"href":"https:\/\/minghanggroup.com\/pt\/wp-json\/wp\/v2\/product\/3566","targetHints":{"allow":["GET"]}}],"collection":[{"href":"https:\/\/minghanggroup.com\/pt\/wp-json\/wp\/v2\/product"}],"about":[{"href":"https:\/\/minghanggroup.com\/pt\/wp-json\/wp\/v2\/types\/product"}],"wp:featuredmedia":[{"embeddable":true,"href":"https:\/\/minghanggroup.com\/pt\/wp-json\/wp\/v2\/media\/3567"}],"wp:attachment":[{"href":"https:\/\/minghanggroup.com\/pt\/wp-json\/wp\/v2\/media?parent=3566"}],"wp:term":[{"taxonomy":"product_brand","embeddable":true,"href":"https:\/\/minghanggroup.com\/pt\/wp-json\/wp\/v2\/product_brand?post=3566"},{"taxonomy":"product_cat","embeddable":true,"href":"https:\/\/minghanggroup.com\/pt\/wp-json\/wp\/v2\/product_cat?post=3566"},{"taxonomy":"product_tag","embeddable":true,"href":"https:\/\/minghanggroup.com\/pt\/wp-json\/wp\/v2\/product_tag?post=3566"}],"curies":[{"name":"wp","href":"https:\/\/api.w.org\/{rel}","templated":true}]}}