{"id":3561,"date":"2025-11-20T13:24:42","date_gmt":"2025-11-20T05:24:42","guid":{"rendered":"https:\/\/minghanggroup.com\/?post_type=product&#038;p=3561"},"modified":"2026-01-20T14:04:43","modified_gmt":"2026-01-20T06:04:43","slug":"custom-32-oz-swing-top-bottle-with-handle","status":"publish","type":"product","link":"https:\/\/minghanggroup.com\/pt\/produto\/custom-32-oz-swing-top-bottle-with-handle\/","title":{"rendered":"Garrafa de vidro personalizada com tampa de press\u00e3o e al\u00e7a, 473 ml ou 946 ml."},"content":{"rendered":"<p>Estas s\u00e3o garrafas de vidro transparente com tampa de press\u00e3o e presilhas met\u00e1licas para manter a tampa no lugar. Elas n\u00e3o s\u00f3 conferem um visual moderno e elegante, como tamb\u00e9m garantem um fechamento firme, e o vidro transparente permite visualizar o conte\u00fado sem qualquer d\u00favida.<\/p>\n<h2>Caracter\u00edsticas do produto<\/h2>\n<ul>\n<li><strong>Material de vidro transparente:<\/strong> O vidro transparente facilita a visualiza\u00e7\u00e3o da cor e da quantidade do conte\u00fado, o que tamb\u00e9m \u00e9 \u00fatil para fins de identifica\u00e7\u00e3o e inspe\u00e7\u00e3o.<\/li>\n<li><strong>Mecanismo de veda\u00e7\u00e3o f\u00e1cil de usar:<\/strong> Com fechos met\u00e1licos, estas garrafas proporcionam uma boa veda\u00e7\u00e3o, mantendo eficazmente a frescura do conte\u00fado e facilitando a sua utiliza\u00e7\u00e3o.<\/li>\n<li><strong>Op\u00e7\u00f5es de cores para o bon\u00e9:<\/strong> As tampas est\u00e3o dispon\u00edveis em duas cores: preto e verde. Assim, os usu\u00e1rios podem escolher de acordo com suas prefer\u00eancias ou necessidades, o que tamb\u00e9m contribuir\u00e1 para a amplia\u00e7\u00e3o da linha de produtos.<\/li>\n<\/ul>\n<h2 style=\"text-align: left;\">Especifica\u00e7\u00f5es principais<\/h2>\n<table class=\"aligncenter\" style=\"border-collapse: collapse; width: 392.27pt;\" border=\"0\" width=\"523\" cellspacing=\"0\" cellpadding=\"0\">\n<tbody>\n<tr style=\"height: 13.50pt;\">\n<td style=\"height: 13.50pt; width: 87.75pt;\" width=\"117\" height=\"18\">Recurso<\/td>\n<td style=\"width: 304.50pt;\" width=\"406\">Detalhes<\/td>\n<\/tr>\n<tr style=\"height: 13.50pt;\">\n<td style=\"height: 13.50pt;\" height=\"18\">Dimens\u00f5es<\/td>\n<td>500 ml (16 oz) 8 cm \u00d7 23 cm \/ 1000 ml (32 oz) 10 cm \u00d7 29 cm<\/td>\n<\/tr>\n<tr style=\"height: 13.50pt;\">\n<td style=\"height: 13.50pt;\" height=\"18\">Tipo de vidro<\/td>\n<td>Vidro transparente de cal sodada<\/td>\n<\/tr>\n<tr style=\"height: 13.50pt;\">\n<td style=\"height: 13.50pt;\" height=\"18\">Ideal para<\/td>\n<td>Fabrica\u00e7\u00e3o de cerveja, kombucha, refrigerante, produ\u00e7\u00e3o de vinho.<\/td>\n<\/tr>\n<\/tbody>\n<\/table>\n<h2>Hist\u00f3ria de sucesso de refrigerantes artesanais<\/h2>\n<p>Uma startup de refrigerantes artesanais precisava de uma embalagem que n\u00e3o s\u00f3 preservasse a carbonata\u00e7\u00e3o intensa, mas tamb\u00e9m tornasse seu produto atraente nas prateleiras. Eles escolheram nossas garrafas de 946 ml com tampa de press\u00e3o e al\u00e7a. Os resultados foram excelentes: os testes de estabilidade revelaram que o n\u00edvel de carbonata\u00e7\u00e3o ap\u00f3s 120 dias era de 97%, muito acima dos padr\u00f5es da ind\u00fastria. O design inovador da al\u00e7a resultou em um aumento de 40% nas taxas de convers\u00e3o de vendas em compara\u00e7\u00e3o com a embalagem anterior. Al\u00e9m disso, eles mencionaram que a taxa de quebra durante o transporte foi reduzida em 25% devido ao uso de garrafas de vidro resistentes. O sucesso foi t\u00e3o grande que, recentemente, eles fizeram um novo pedido de 350.000 garrafas para facilitar sua expans\u00e3o nacional.<\/p>\n<h2>Personalize suas garrafas com tampa de rosca<\/h2>\n<ul>\n<li><strong>Cor do bon\u00e9:<\/strong> Escolha uma tampa met\u00e1lica, como preta, dourada ou prateada, que combine bem com as cores da sua marca.<\/li>\n<li><strong>Cor da garrafa:<\/strong> Use garrafas de vidro \u00e2mbar ou verde, que s\u00e3o melhores para a cerveja, pois bloqueiam a luz que pode fazer com que a cerveja perca seu sabor e frescor.<\/li>\n<li><strong>Decalque cer\u00e2mico (ACL):<\/strong> D\u00ea ao seu produto um visual vintage no estilo Grolsch com o r\u00f3tulo de cer\u00e2mica, um m\u00e9todo extremamente dur\u00e1vel de aplica\u00e7\u00e3o direta do r\u00f3tulo no vidro por meio de queima.<\/li>\n<\/ul>\n<p>Est\u00e1 pronto para fazer um pedido em grande quantidade de garrafas com tampa flip-top? Entre em contato conosco para obter pre\u00e7os de atacado para garrafas de 473 ml (16 oz) e 946 ml (32 oz) com tampa de press\u00e3o e para saber mais sobre as op\u00e7\u00f5es de personaliza\u00e7\u00e3o.<\/p>","protected":false},"excerpt":{"rendered":"<p>Nossas garrafas de 473 ml e 946 ml com tampa de press\u00e3o possuem corpo de vidro transparente, design com al\u00e7a e trava de metal, oferecendo uma solu\u00e7\u00e3o premium com entrega r\u00e1pida.<\/p>","protected":false},"featured_media":3563,"template":"","meta":{"postBodyCss":"","postBodyMargin":[],"postBodyPadding":[],"postBodyBackground":{"backgroundType":"classic","gradient":""}},"product_brand":[],"product_cat":[15,16,56],"product_tag":[72],"class_list":{"0":"post-3561","1":"product","2":"type-product","3":"status-publish","4":"has-post-thumbnail","6":"product_cat-glass-containers","7":"product_cat-glass-bottles","8":"product_cat-flip-top-bottles","9":"product_tag-juice-bottles","11":"first","12":"instock","13":"shipping-taxable","14":"product-type-simple"},"jetpack_sharing_enabled":true,"_links":{"self":[{"href":"https:\/\/minghanggroup.com\/pt\/wp-json\/wp\/v2\/product\/3561","targetHints":{"allow":["GET"]}}],"collection":[{"href":"https:\/\/minghanggroup.com\/pt\/wp-json\/wp\/v2\/product"}],"about":[{"href":"https:\/\/minghanggroup.com\/pt\/wp-json\/wp\/v2\/types\/product"}],"wp:featuredmedia":[{"embeddable":true,"href":"https:\/\/minghanggroup.com\/pt\/wp-json\/wp\/v2\/media\/3563"}],"wp:attachment":[{"href":"https:\/\/minghanggroup.com\/pt\/wp-json\/wp\/v2\/media?parent=3561"}],"wp:term":[{"taxonomy":"product_brand","embeddable":true,"href":"https:\/\/minghanggroup.com\/pt\/wp-json\/wp\/v2\/product_brand?post=3561"},{"taxonomy":"product_cat","embeddable":true,"href":"https:\/\/minghanggroup.com\/pt\/wp-json\/wp\/v2\/product_cat?post=3561"},{"taxonomy":"product_tag","embeddable":true,"href":"https:\/\/minghanggroup.com\/pt\/wp-json\/wp\/v2\/product_tag?post=3561"}],"curies":[{"name":"wp","href":"https:\/\/api.w.org\/{rel}","templated":true}]}}