{"id":3556,"date":"2025-11-20T13:05:58","date_gmt":"2025-11-20T05:05:58","guid":{"rendered":"https:\/\/minghanggroup.com\/?post_type=product&#038;p=3556"},"modified":"2026-01-20T14:04:11","modified_gmt":"2026-01-20T06:04:11","slug":"bulk-empty-clear-glass-bottle-with-flip-tops","status":"publish","type":"product","link":"https:\/\/minghanggroup.com\/pt\/produto\/bulk-empty-clear-glass-bottle-with-flip-tops\/","title":{"rendered":"Frasco de vidro transparente vazio de 465ml com tampa flip-top."},"content":{"rendered":"<p>O frasco de vidro transparente possui uma tampa flip-top, um design com corpo rebaixado e \u00e9 decorado com uma tampa de metal de encaixe. Al\u00e9m de uma boa veda\u00e7\u00e3o, apresenta um design moderno e atraente.<\/p>\n<h2>Caracter\u00edsticas do produto<\/h2>\n<ul>\n<li><strong>Material do vidro transparente:<\/strong> O corpo de vidro transparente facilita a visualiza\u00e7\u00e3o da cor do l\u00edquido e do volume restante, auxiliando assim na identifica\u00e7\u00e3o e na inspe\u00e7\u00e3o.<\/li>\n<li><strong>Design de corpo embutido:<\/strong> O design rebaixado n\u00e3o s\u00f3 embeleza o produto e o torna mais vis\u00edvel, como tamb\u00e9m proporciona uma melhor ader\u00eancia.<\/li>\n<li><strong>Design de veda\u00e7\u00e3o por encaixe:<\/strong> Com uma tampa de encaixe met\u00e1lica, garante uma \u00f3tima veda\u00e7\u00e3o e facilita a abertura e o fechamento.<\/li>\n<\/ul>\n<h2 style=\"text-align: left;\">Especifica\u00e7\u00f5es principais<\/h2>\n<table class=\"aligncenter\" style=\"border-collapse: collapse; width: 370.52pt;\" border=\"0\" width=\"494\" cellspacing=\"0\" cellpadding=\"0\">\n<tbody>\n<tr style=\"height: 13.50pt;\">\n<td style=\"height: 13.50pt; width: 105.75pt;\" width=\"141\" height=\"18\">Especifica\u00e7\u00e3o<\/td>\n<td style=\"width: 264.75pt;\" width=\"353\">Detalhe<\/td>\n<\/tr>\n<tr style=\"height: 13.50pt;\">\n<td style=\"height: 13.50pt;\" height=\"18\">Capacidade<\/td>\n<td>465 ml<\/td>\n<\/tr>\n<tr style=\"height: 13.50pt;\">\n<td style=\"height: 13.50pt;\" height=\"18\">Dimens\u00f5es<\/td>\n<td>22,3 cm \u00d7 7,75 cm<\/td>\n<\/tr>\n<tr style=\"height: 13.50pt;\">\n<td style=\"height: 13.50pt;\" height=\"18\">Tipo de vidro<\/td>\n<td>Vidro s\u00f3dio-c\u00e1lcico transparente de alta transpar\u00eancia<\/td>\n<\/tr>\n<tr style=\"height: 13.50pt;\">\n<td style=\"height: 13.50pt;\" height=\"18\">Ideal para<\/td>\n<td>Garrafas com tampa flip-top, garrafas com tampa de press\u00e3o<\/td>\n<\/tr>\n<\/tbody>\n<\/table>\n<h2>Hist\u00f3ria de sucesso<\/h2>\n<p>Era uma pequena cervejaria que produzia principalmente cervejas de estilo belga e queria embalar sua cerveja de uma forma que demonstrasse a sofistica\u00e7\u00e3o da sua marca. Decidiram usar garrafas de 465 ml com tampa flip-top. Ap\u00f3s 120 dias, a veda\u00e7\u00e3o da tampa flip-top continua muito eficaz e apenas 2% da carbonata\u00e7\u00e3o foi perdida. A equipe da linha de engarrafamento conseguiu reduzir o n\u00famero de acidentes em 25% gra\u00e7as ao design com corpo rebaixado. Al\u00e9m disso, descobriram que a apar\u00eancia diferenciada das garrafas resultou em um aumento de 15% nas vendas no varejo em compara\u00e7\u00e3o com as garrafas convencionais. O sucesso do lan\u00e7amento fez com que eles decidissem fazer um novo pedido de 300.000 garrafas para facilitar a expans\u00e3o para o novo mercado.<\/p>\n<h2>Sugest\u00f5es de personaliza\u00e7\u00e3o<\/h2>\n<ul>\n<li><strong>Cor do anel de veda\u00e7\u00e3o:<\/strong> Al\u00e9m do vermelho tradicional, tamb\u00e9m existem outras op\u00e7\u00f5es de cores para o anel de veda\u00e7\u00e3o de silicone.<\/li>\n<li><strong>Cor do vidro:<\/strong> Para produtos sens\u00edveis \u00e0 luz, como cerveja, est\u00e3o dispon\u00edveis recipientes de vidro nas cores \u00e2mbar ou verde.<\/li>\n<li><strong>Serigrafia:<\/strong> Os gr\u00e1ficos coloridos e de longa durabilidade s\u00e3o impressos diretamente na superf\u00edcie do vidro.<\/li>\n<li><strong>Efeito fosco:<\/strong> \u00c9 poss\u00edvel obter um efeito fosco ou acetinado em toda a superf\u00edcie do vidro ou em parte dela.<\/li>\n<\/ul>","protected":false},"excerpt":{"rendered":"<p>Mantenha suas bebidas frescas com esta elegante garrafa de vidro transparente, que possui tampa flip-top e fecho met\u00e1lico seguro. Dispon\u00edvel para envio r\u00e1pido e pedidos em grande quantidade.<\/p>","protected":false},"featured_media":3559,"template":"","meta":{"postBodyCss":"","postBodyMargin":[],"postBodyPadding":[],"postBodyBackground":{"backgroundType":"classic","gradient":""}},"product_brand":[],"product_cat":[15,16,56],"product_tag":[72,78],"class_list":{"0":"post-3556","1":"product","2":"type-product","3":"status-publish","4":"has-post-thumbnail","6":"product_cat-glass-containers","7":"product_cat-glass-bottles","8":"product_cat-flip-top-bottles","9":"product_tag-juice-bottles","10":"product_tag-water-bottles","12":"first","13":"instock","14":"shipping-taxable","15":"product-type-simple"},"jetpack_sharing_enabled":true,"_links":{"self":[{"href":"https:\/\/minghanggroup.com\/pt\/wp-json\/wp\/v2\/product\/3556","targetHints":{"allow":["GET"]}}],"collection":[{"href":"https:\/\/minghanggroup.com\/pt\/wp-json\/wp\/v2\/product"}],"about":[{"href":"https:\/\/minghanggroup.com\/pt\/wp-json\/wp\/v2\/types\/product"}],"wp:featuredmedia":[{"embeddable":true,"href":"https:\/\/minghanggroup.com\/pt\/wp-json\/wp\/v2\/media\/3559"}],"wp:attachment":[{"href":"https:\/\/minghanggroup.com\/pt\/wp-json\/wp\/v2\/media?parent=3556"}],"wp:term":[{"taxonomy":"product_brand","embeddable":true,"href":"https:\/\/minghanggroup.com\/pt\/wp-json\/wp\/v2\/product_brand?post=3556"},{"taxonomy":"product_cat","embeddable":true,"href":"https:\/\/minghanggroup.com\/pt\/wp-json\/wp\/v2\/product_cat?post=3556"},{"taxonomy":"product_tag","embeddable":true,"href":"https:\/\/minghanggroup.com\/pt\/wp-json\/wp\/v2\/product_tag?post=3556"}],"curies":[{"name":"wp","href":"https:\/\/api.w.org\/{rel}","templated":true}]}}