{"id":3551,"date":"2025-11-20T08:58:25","date_gmt":"2025-11-20T00:58:25","guid":{"rendered":"https:\/\/minghanggroup.com\/?post_type=product&#038;p=3551"},"modified":"2026-01-20T14:04:17","modified_gmt":"2026-01-20T06:04:17","slug":"wholesale-glass-flip-top-water-bottles-with-metal-handle","status":"publish","type":"product","link":"https:\/\/minghanggroup.com\/pt\/produto\/wholesale-glass-flip-top-water-bottles-with-metal-handle\/","title":{"rendered":"Garrafas de \u00e1gua de vidro com tampa flip-top e al\u00e7a de metal, 600ml e 1000ml, para venda por atacado."},"content":{"rendered":"<p>Esta garrafa de \u00e1gua com tampa flip-top \u00e9 feita de vidro transparente com um formato cil\u00edndrico fino e elegante. O vidro \u00e9 decorado com uma tampa de metal de encaixe e uma pr\u00e1tica al\u00e7a de metal.<\/p>\n<h2>Caracter\u00edsticas do produto<\/h2>\n<ul>\n<li><strong>Design de veda\u00e7\u00e3o instant\u00e2nea:<\/strong> A tampa met\u00e1lica de encaixe com que \u00e9 equipada proporciona uma veda\u00e7\u00e3o excepcional, mantendo assim a frescura do l\u00edquido armazenado por um longo per\u00edodo de tempo.<\/li>\n<li><strong>Cabo de metal:<\/strong> A parte met\u00e1lica da garrafa serve para facilitar o transporte e o uso quando voc\u00ea estiver fora de casa ou em movimento.<\/li>\n<li><strong>Corpo esguio e arredondado:<\/strong> Seu corpo esguio, arredondado e com linhas limpas proporciona uma pegada perfeita, sendo f\u00e1cil de guardar e pr\u00e1tico, o que o torna adequado tanto para uso em casa quanto para levar para viagem.<\/li>\n<\/ul>\n<h2 style=\"text-align: left;\">Especifica\u00e7\u00f5es principais<\/h2>\n<table class=\"aligncenter\" width=\"632\">\n<tbody>\n<tr>\n<td width=\"141\">Especifica\u00e7\u00e3o<\/td>\n<td width=\"491\">Detalhe<\/td>\n<\/tr>\n<tr>\n<td>Dimens\u00f5es<\/td>\n<td>600 ml (20 oz): 23,7 cm \u00d7 7,4 cm \/ 1000 ml (32 oz): 28,9 cm \u00d7 8,1 cm<\/td>\n<\/tr>\n<tr>\n<td>Tipo de vidro<\/td>\n<td>Vidro s\u00f3dio-c\u00e1lcico transparente de alta transpar\u00eancia<\/td>\n<\/tr>\n<tr>\n<td>Ideal para<\/td>\n<td>Garrafas de vidro com tampa flip-top, garrafas de \u00e1gua com tampa flip-top<\/td>\n<\/tr>\n<\/tbody>\n<\/table>\n<h2>Hist\u00f3ria de sucesso<\/h2>\n<p>Uma empresa especializada em refrigerantes artesanais e ch\u00e1s gelados solicitou um produto que atendesse \u00e0s necessidades funcionais de bebidas carbonatadas. Por fim, escolheram nossa garrafa de \u00e1gua de vidro transparente com tampa flip-top e al\u00e7a. Com o fechamento perfeito, a garrafa manteve 95% da carbonata\u00e7\u00e3o por 90 dias. Al\u00e9m disso, relataram um aumento de 30% na taxa de recompra. Gra\u00e7as ao feedback dos clientes, o compartilhamento nas redes sociais aumentou 40% devido ao design da al\u00e7a. Com base no desempenho do produto, a empresa ficou muito satisfeita e fez um novo pedido de 500.000 garrafas recentemente.<\/p>\n<h2>Garrafas de vidro personalizadas com tampa flip-top<\/h2>\n<ul>\n<li><strong>Acabamento do cabo:<\/strong> O cabo pode ter v\u00e1rios acabamentos met\u00e1licos, como prata polida, preto fosco ou dourado.<\/li>\n<li><strong>Cor do Snap:<\/strong> A cor da tampa met\u00e1lica articulada pode ser personalizada para combinar com o logotipo da sua marca.<\/li>\n<li><strong>Pel\u00edcula para vidros:<\/strong> Utilize copos de vidro \u00e2mbar ou verde para oferecer a devida prote\u00e7\u00e3o UV \u00e0 sua bebida fotossens\u00edvel, como a cerveja.<\/li>\n<li><strong>Serigrafia:<\/strong> Imprimir seu design atraente diretamente no vidro proporciona uma imagem de marca contempor\u00e2nea e arrojada.<\/li>\n<\/ul>\n<p>Deseja encantar seus clientes com a experi\u00eancia de compra mais pr\u00e1tica? Pre\u00e7os de atacado para esta garrafa multifuncional com tampa flip-top e al\u00e7a est\u00e3o dispon\u00edveis se voc\u00ea entrar em contato conosco hoje mesmo.<\/p>","protected":false},"excerpt":{"rendered":"<p>Hidrate-se com praticidade com nossas garrafas de vidro com tampa flip-top. Essas garrafas possuem al\u00e7as de metal e tampas herm\u00e9ticas, prontas para envio r\u00e1pido.<\/p>","protected":false},"featured_media":3554,"template":"","meta":{"postBodyCss":"","postBodyMargin":[],"postBodyPadding":[],"postBodyBackground":{"backgroundType":"classic","gradient":""}},"product_brand":[],"product_cat":[15,16,56],"product_tag":[72,78],"class_list":{"0":"post-3551","1":"product","2":"type-product","3":"status-publish","4":"has-post-thumbnail","6":"product_cat-glass-containers","7":"product_cat-glass-bottles","8":"product_cat-flip-top-bottles","9":"product_tag-juice-bottles","10":"product_tag-water-bottles","12":"first","13":"instock","14":"shipping-taxable","15":"product-type-simple"},"jetpack_sharing_enabled":true,"_links":{"self":[{"href":"https:\/\/minghanggroup.com\/pt\/wp-json\/wp\/v2\/product\/3551","targetHints":{"allow":["GET"]}}],"collection":[{"href":"https:\/\/minghanggroup.com\/pt\/wp-json\/wp\/v2\/product"}],"about":[{"href":"https:\/\/minghanggroup.com\/pt\/wp-json\/wp\/v2\/types\/product"}],"wp:featuredmedia":[{"embeddable":true,"href":"https:\/\/minghanggroup.com\/pt\/wp-json\/wp\/v2\/media\/3554"}],"wp:attachment":[{"href":"https:\/\/minghanggroup.com\/pt\/wp-json\/wp\/v2\/media?parent=3551"}],"wp:term":[{"taxonomy":"product_brand","embeddable":true,"href":"https:\/\/minghanggroup.com\/pt\/wp-json\/wp\/v2\/product_brand?post=3551"},{"taxonomy":"product_cat","embeddable":true,"href":"https:\/\/minghanggroup.com\/pt\/wp-json\/wp\/v2\/product_cat?post=3551"},{"taxonomy":"product_tag","embeddable":true,"href":"https:\/\/minghanggroup.com\/pt\/wp-json\/wp\/v2\/product_tag?post=3551"}],"curies":[{"name":"wp","href":"https:\/\/api.w.org\/{rel}","templated":true}]}}