{"id":3482,"date":"2025-11-19T16:38:15","date_gmt":"2025-11-19T08:38:15","guid":{"rendered":"https:\/\/minghanggroup.com\/?post_type=product&#038;p=3482"},"modified":"2026-01-20T14:05:10","modified_gmt":"2026-01-20T06:05:10","slug":"wholesale-empty-clear-32-oz-flip-top-bottles","status":"publish","type":"product","link":"https:\/\/minghanggroup.com\/pt\/produto\/wholesale-empty-clear-32-oz-flip-top-bottles\/","title":{"rendered":"Garrafas vazias transparentes de 946 ml (32 oz) com tampa flip-top para atacado."},"content":{"rendered":"<p>A garrafa com tampa flip-top \u00e9 feita de vidro transparente com um design refinado e elegante. Com capacidade para 946 ml (32 oz), possui uma tampa met\u00e1lica de encaixe, combinando minimalismo e funcionalidade na medida certa.<\/p>\n<h2>Caracter\u00edsticas do produto<\/h2>\n<ul>\n<li><strong>Material de vidro transparente:<\/strong> A garrafa de vidro transparente exibe lindamente o l\u00edquido em seu interior, enquanto a tampa flip-top mant\u00e9m o produto fresco.<\/li>\n<li><strong>Design de veda\u00e7\u00e3o por encaixe:<\/strong> Gra\u00e7as a uma rolha met\u00e1lica de encaixe, a veda\u00e7\u00e3o \u00e9 excelente, preservando perfeitamente o frescor da bebida em seu interior.<\/li>\n<li><strong>Ecologicamente correto:<\/strong> Reutilizar vidro grosso, que tamb\u00e9m \u00e9 resistente ao calor e f\u00e1cil de limpar, \u00e9 definitivamente uma boa ideia.<\/li>\n<\/ul>\n<h2 style=\"text-align: left;\">Especifica\u00e7\u00f5es principais<\/h2>\n<table class=\"aligncenter\" style=\"border-collapse: collapse; width: 375.02pt;\" border=\"0\" width=\"500\" cellspacing=\"0\" cellpadding=\"0\">\n<tbody>\n<tr style=\"height: 13.50pt;\">\n<td style=\"height: 13.50pt; width: 93.75pt;\" width=\"125\" height=\"18\">Especifica\u00e7\u00e3o<\/td>\n<td style=\"width: 281.25pt;\" width=\"375\">Detalhe<\/td>\n<\/tr>\n<tr style=\"height: 13.50pt;\">\n<td style=\"height: 13.50pt;\" height=\"18\">Capacidade<\/td>\n<td>1000 ml (32 oz)<\/td>\n<\/tr>\n<tr style=\"height: 13.50pt;\">\n<td style=\"height: 13.50pt;\" height=\"18\">Dimens\u00f5es<\/td>\n<td>29,6 cm \u00d7 8,7 cm<\/td>\n<\/tr>\n<tr style=\"height: 13.50pt;\">\n<td style=\"height: 13.50pt;\" height=\"18\">Tipo de vidro<\/td>\n<td>Vidro s\u00f3dio-c\u00e1lcico transparente de alta transpar\u00eancia<\/td>\n<\/tr>\n<tr style=\"height: 13.50pt;\">\n<td style=\"height: 13.50pt;\" height=\"18\">Ideal para<\/td>\n<td>Garrafas com tampa de press\u00e3o, recipientes de vidro<\/td>\n<\/tr>\n<\/tbody>\n<\/table>\n<h2>Reformula\u00e7\u00e3o das embalagens da empresa de kombucha: um caso de sucesso.<\/h2>\n<p>A embalagem de uma marca de kombucha em r\u00e1pido crescimento, que precisava ser modernizada \u00e0 medida que a linha de produtos se expandia para varejistas em todo o pa\u00eds, foi a principal preocupa\u00e7\u00e3o da empresa. Para o lan\u00e7amento da linha de produtos, eles escolheram nossas garrafas flip-top de 946 ml (32 oz). As compras dos consumidores aumentaram 38% devido \u00e0 apresenta\u00e7\u00e3o atraente da garrafa de vidro transparente, e o prazo de validade foi estendido em 42% gra\u00e7as \u00e0 veda\u00e7\u00e3o herm\u00e9tica da tampa flip-top. Ap\u00f3s avaliar esses resultados, a empresa fez um novo pedido de 550.000 garrafas para impulsionar ainda mais seu crescimento.<\/p>\n<h2>Ideias de personaliza\u00e7\u00e3o para tampa articulada<\/h2>\n<ul>\n<li><strong>Logotipo em relevo na garrafa:<\/strong> Para melhorar a imagem da marca, um pequeno logotipo em relevo poderia ser adicionado no ombro da garrafa.<\/li>\n<li><strong>Espa\u00e7o para promo\u00e7\u00e3o da marca Neckband:<\/strong> A \u00e1rea abaixo da jun\u00e7\u00e3o do pesco\u00e7o com o corpo pode ser usada para promo\u00e7\u00e3o da marca.<\/li>\n<li><strong>Design personalizado para a base da garrafa:<\/strong> Crie um fundo de garrafa que n\u00e3o seja apenas visualmente \u00fanico, mas tamb\u00e9m mais est\u00e1vel e eficaz na divulga\u00e7\u00e3o da marca.<\/li>\n<li><strong>Textura antiderrapante:<\/strong> Texturizar para melhorar a ader\u00eancia em uma superf\u00edcie de vidro lisa.<\/li>\n<\/ul>","protected":false},"excerpt":{"rendered":"<p>Resistentes, elegantes e seguras, nossas garrafas flip-top de 946 ml oferecem armazenamento confi\u00e1vel. Escolha este modelo de garrafa flip-top transparente com pre\u00e7o direto da f\u00e1brica.<\/p>","protected":false},"featured_media":3491,"template":"","meta":{"postBodyCss":"","postBodyMargin":[],"postBodyPadding":[],"postBodyBackground":{"backgroundType":"classic","gradient":""}},"product_brand":[],"product_cat":[15,16,56],"product_tag":[72,78],"class_list":{"0":"post-3482","1":"product","2":"type-product","3":"status-publish","4":"has-post-thumbnail","6":"product_cat-glass-containers","7":"product_cat-glass-bottles","8":"product_cat-flip-top-bottles","9":"product_tag-juice-bottles","10":"product_tag-water-bottles","12":"first","13":"instock","14":"shipping-taxable","15":"product-type-simple"},"jetpack_sharing_enabled":true,"_links":{"self":[{"href":"https:\/\/minghanggroup.com\/pt\/wp-json\/wp\/v2\/product\/3482","targetHints":{"allow":["GET"]}}],"collection":[{"href":"https:\/\/minghanggroup.com\/pt\/wp-json\/wp\/v2\/product"}],"about":[{"href":"https:\/\/minghanggroup.com\/pt\/wp-json\/wp\/v2\/types\/product"}],"wp:featuredmedia":[{"embeddable":true,"href":"https:\/\/minghanggroup.com\/pt\/wp-json\/wp\/v2\/media\/3491"}],"wp:attachment":[{"href":"https:\/\/minghanggroup.com\/pt\/wp-json\/wp\/v2\/media?parent=3482"}],"wp:term":[{"taxonomy":"product_brand","embeddable":true,"href":"https:\/\/minghanggroup.com\/pt\/wp-json\/wp\/v2\/product_brand?post=3482"},{"taxonomy":"product_cat","embeddable":true,"href":"https:\/\/minghanggroup.com\/pt\/wp-json\/wp\/v2\/product_cat?post=3482"},{"taxonomy":"product_tag","embeddable":true,"href":"https:\/\/minghanggroup.com\/pt\/wp-json\/wp\/v2\/product_tag?post=3482"}],"curies":[{"name":"wp","href":"https:\/\/api.w.org\/{rel}","templated":true}]}}