{"id":3452,"date":"2025-11-19T15:19:52","date_gmt":"2025-11-19T07:19:52","guid":{"rendered":"https:\/\/minghanggroup.com\/?post_type=product&#038;p=3452"},"modified":"2026-01-20T14:07:14","modified_gmt":"2026-01-20T06:07:14","slug":"wholesale-amber-swing-top-glass-bottles","status":"publish","type":"product","link":"https:\/\/minghanggroup.com\/pt\/produto\/wholesale-amber-swing-top-glass-bottles\/","title":{"rendered":"Garrafas de vidro \u00e2mbar com tampa de press\u00e3o, 946 ml (32 oz), para venda por atacado."},"content":{"rendered":"<p>Estas garrafas de vidro \u00e2mbar com tampa de press\u00e3o t\u00eam um formato alongado, simples e elegante. Acompanham tampas de metal com detalhes em vermelho e branco. Na verdade, s\u00e3o um exemplo perfeito do charme atemporal das garrafas de vidro com tampa de rosca.<\/p>\n<h2>Caracter\u00edsticas do produto<\/h2>\n<ul>\n<li><strong>Material do vidro marrom:<\/strong> Fabricado em vidro \u00e2mbar, bloqueia eficazmente os raios de luz que podem causar a deteriora\u00e7\u00e3o de l\u00edquidos como cerveja e molhos, preservando assim a sua qualidade. Ao mesmo tempo, confere um toque de charme vintage.<\/li>\n<li><strong>Corpo esbelto:<\/strong> A garrafa fina com suas superf\u00edcies curvas n\u00e3o s\u00f3 oferece uma boa pegada, como tamb\u00e9m \u00e9 uma op\u00e7\u00e3o de armazenamento eficiente para diferentes situa\u00e7\u00f5es.<\/li>\n<li><strong>Design de veda\u00e7\u00e3o por encaixe:<\/strong> A tampa de metal com fecho de press\u00e3o, juntamente com os detalhes em vermelho e branco, funcionam muito bem como fecho, proporcionando a melhor veda\u00e7\u00e3o, mantendo o frescor do produto por mais tempo, al\u00e9m de ser muito pr\u00e1tica para abrir e fechar.<\/li>\n<\/ul>\n<h2 style=\"text-align: left;\">Especifica\u00e7\u00f5es principais<\/h2>\n<table class=\"aligncenter\" style=\"border-collapse: collapse; width: 402.77pt;\" border=\"0\" width=\"537\" cellspacing=\"0\" cellpadding=\"0\">\n<tbody>\n<tr style=\"height: 13.50pt;\">\n<td style=\"height: 13.50pt; width: 93.75pt;\" width=\"125\" height=\"18\">Especifica\u00e7\u00e3o<\/td>\n<td style=\"width: 309.00pt;\" width=\"412\">Detalhe<\/td>\n<\/tr>\n<tr style=\"height: 13.50pt;\">\n<td style=\"height: 13.50pt;\" height=\"18\">Capacidade<\/td>\n<td>32 oz (1000 ml)<\/td>\n<\/tr>\n<tr style=\"height: 13.50pt;\">\n<td style=\"height: 13.50pt;\" height=\"18\">Dimens\u00f5es<\/td>\n<td>29,6 cm \u00d7 8,6 cm<\/td>\n<\/tr>\n<tr style=\"height: 13.50pt;\">\n<td style=\"height: 13.50pt;\" height=\"18\">Tipo de vidro<\/td>\n<td>Vidro \u00e2mbar de cal sodada com prote\u00e7\u00e3o UV<\/td>\n<\/tr>\n<tr style=\"height: 13.50pt;\">\n<td style=\"height: 13.50pt;\" height=\"18\">Ideal para<\/td>\n<td>Garrafas de vidro com tampa articulada, garrafas de vidro \u00e2mbar com tampa de press\u00e3o<\/td>\n<\/tr>\n<\/tbody>\n<\/table>\n<h2>Caso de sucesso: Ajudando uma empresa de refrigerantes artesanais a se transformar<\/h2>\n<p>Uma fabricante de refrigerantes artesanais premium enfrentava constantemente o problema da consist\u00eancia do sabor em bebidas engarrafadas em vidro transparente. O sabor melhorou drasticamente ap\u00f3s a mudan\u00e7a para nossas garrafas de vidro \u00e2mbar com tampa de press\u00e3o. Testes laboratoriais comprovaram que as garrafas de vidro \u00e2mbar bloqueiam 99,7% da radia\u00e7\u00e3o UV, enquanto a tampa de seguran\u00e7a \u00e9 respons\u00e1vel pela redu\u00e7\u00e3o de 65% nos casos de danos durante o transporte. Com base nessas evid\u00eancias, a empresa decidiu fazer um novo pedido de 450.000 garrafas com tampa de press\u00e3o.<\/p>\n<h2>Sugest\u00f5es de personaliza\u00e7\u00e3o para garrafas de vidro com tampa de press\u00e3o<\/h2>\n<ul>\n<li><strong>Marca\u00e7\u00e3o de capacidade em relevo:<\/strong> Coloque uma pequena marca\u00e7\u00e3o em relevo com \u201c1000ml\u201d ou \u201c1L\u201d no fundo da garrafa.<\/li>\n<li><strong>Marca\u00e7\u00e3o na gola:<\/strong> Adicione mais elementos de marca aqui, abaixo da tampa.<\/li>\n<li><strong>Design personalizado da base:<\/strong> Apresente um padr\u00e3o deslumbrante na base da garrafa, n\u00e3o apenas para estabilidade, mas tamb\u00e9m para estilo.<\/li>\n<li><strong>Acabamento fosco:<\/strong> Escolha um acabamento fosco seletivo para melhorar a ader\u00eancia e proporcionar uma melhor sensa\u00e7\u00e3o geral.<\/li>\n<\/ul>","protected":false},"excerpt":{"rendered":"<p>Garrafas de vidro \u00e2mbar com tampa de press\u00e3o, detalhes dourados e fecho met\u00e1lico. Essas garrafas de vidro com tampa de press\u00e3o garantem uma veda\u00e7\u00e3o segura \u2014 direto da f\u00e1brica e prontas para pedidos em grande quantidade.<\/p>","protected":false},"featured_media":3468,"template":"","meta":{"postBodyCss":"","postBodyMargin":[],"postBodyPadding":[],"postBodyBackground":{"backgroundType":"classic","gradient":""}},"product_brand":[],"product_cat":[15,16,56],"product_tag":[79],"class_list":{"0":"post-3452","1":"product","2":"type-product","3":"status-publish","4":"has-post-thumbnail","6":"product_cat-glass-containers","7":"product_cat-glass-bottles","8":"product_cat-flip-top-bottles","9":"product_tag-beer-bottles","11":"first","12":"instock","13":"shipping-taxable","14":"product-type-simple"},"jetpack_sharing_enabled":true,"_links":{"self":[{"href":"https:\/\/minghanggroup.com\/pt\/wp-json\/wp\/v2\/product\/3452","targetHints":{"allow":["GET"]}}],"collection":[{"href":"https:\/\/minghanggroup.com\/pt\/wp-json\/wp\/v2\/product"}],"about":[{"href":"https:\/\/minghanggroup.com\/pt\/wp-json\/wp\/v2\/types\/product"}],"wp:featuredmedia":[{"embeddable":true,"href":"https:\/\/minghanggroup.com\/pt\/wp-json\/wp\/v2\/media\/3468"}],"wp:attachment":[{"href":"https:\/\/minghanggroup.com\/pt\/wp-json\/wp\/v2\/media?parent=3452"}],"wp:term":[{"taxonomy":"product_brand","embeddable":true,"href":"https:\/\/minghanggroup.com\/pt\/wp-json\/wp\/v2\/product_brand?post=3452"},{"taxonomy":"product_cat","embeddable":true,"href":"https:\/\/minghanggroup.com\/pt\/wp-json\/wp\/v2\/product_cat?post=3452"},{"taxonomy":"product_tag","embeddable":true,"href":"https:\/\/minghanggroup.com\/pt\/wp-json\/wp\/v2\/product_tag?post=3452"}],"curies":[{"name":"wp","href":"https:\/\/api.w.org\/{rel}","templated":true}]}}