{"id":3431,"date":"2025-11-19T17:03:33","date_gmt":"2025-11-19T09:03:33","guid":{"rendered":"https:\/\/minghanggroup.com\/?post_type=product&#038;p=3431"},"modified":"2026-01-20T14:00:34","modified_gmt":"2026-01-20T06:00:34","slug":"bulk-airtight-clear-glass-jar-for-pickle-with-clamp-lid","status":"publish","type":"product","link":"https:\/\/minghanggroup.com\/pt\/produto\/bulk-airtight-clear-glass-jar-for-pickle-with-clamp-lid\/","title":{"rendered":"Pote de vidro transparente herm\u00e9tico para picles, com tampa de press\u00e3o, 100 oz (aproximadamente 2,8 litros)"},"content":{"rendered":"<p>Pare de gastar dinheiro com recipientes fr\u00e1geis que comprometem o frescor dos seus vegetais em conserva. Criamos potes de vidro premium para picles que transformam o armazenamento dos seus alimentos em uma solu\u00e7\u00e3o elegante e funcional, mantendo o sabor dos seus picles. Mais do que potes, s\u00e3o a nova arma secreta da sua marca para embalagens de alimentos.<\/p>\n<h2>Caracter\u00edsticas do produto<\/h2>\n<ol>\n<li><strong>Cristalino<\/strong>O vidro transparente permite que voc\u00ea veja as cores vibrantes dos seus vegetais em conserva imediatamente \u2014 chega de ficar adivinhando quando \u00e9 hora de reabastecer seus potes de vidro para conservas.<\/li>\n<li><strong>Grande capacidade:<\/strong>Com capacidade de 3000 ml, atende a todas as suas necessidades de conservas e picles, seja para pequenas por\u00e7\u00f5es em fam\u00edlia ou para grandes encomendas no atacado. Ideal para conservar picles, pepinos e outros vegetais.<\/li>\n<li><strong>Veda\u00e7\u00e3o segura da bra\u00e7adeira:<\/strong>A tampa de metal com fecho herm\u00e9tico mant\u00e9m o sabor e o frescor necess\u00e1rios para suas conservas e picles. O acabamento com rosca cont\u00ednua garante a melhor compatibilidade com suas necessidades de armazenamento de alimentos.<\/li>\n<\/ol>\n<h2>Especifica\u00e7\u00f5es principais<\/h2>\n<table style=\"border-collapse: collapse; width: 80%; margin-left: auto; margin-right: auto;\" border=\"0\" width=\"144\" cellspacing=\"0\" cellpadding=\"0\">\n<tbody>\n<tr style=\"height: 13.50pt;\">\n<td style=\"height: 13.5pt; width: 54pt; text-align: center;\" width=\"72\" height=\"18\">Recurso<\/td>\n<td style=\"width: 54pt; text-align: center;\" width=\"72\">Detalhes<\/td>\n<\/tr>\n<tr style=\"height: 13.50pt;\">\n<td style=\"height: 13.5pt; text-align: center;\" height=\"18\">Capacidade<\/td>\n<td style=\"text-align: center;\">3000ml (personaliz\u00e1vel)<\/td>\n<\/tr>\n<tr style=\"height: 13.50pt;\">\n<td style=\"height: 13.5pt; text-align: center;\" height=\"18\">Material<\/td>\n<td style=\"text-align: center;\">Constru\u00e7\u00e3o em vidro de alta qualidade<\/td>\n<\/tr>\n<tr style=\"height: 13.50pt;\">\n<td style=\"height: 13.5pt; text-align: center;\" height=\"18\">Tipo de tampa<\/td>\n<td style=\"text-align: center;\">Tampas herm\u00e9ticas com fecho de press\u00e3o<\/td>\n<\/tr>\n<tr style=\"height: 13.50pt;\">\n<td style=\"height: 13.5pt; text-align: center;\" height=\"18\">Op\u00e7\u00f5es de formato<\/td>\n<td style=\"text-align: center;\">Redondo, quadrado, personalizado<\/td>\n<\/tr>\n<tr style=\"height: 13.50pt;\">\n<td style=\"height: 13.5pt; text-align: center;\" height=\"18\">Tratamentos de superf\u00edcie<\/td>\n<td style=\"text-align: center;\">Estampagem a quente, Acabamento fosco, Grava\u00e7\u00e3o, Acabamento fosco, Decalque, Pintura, Polimento, Galvanoplastia<\/td>\n<\/tr>\n<\/tbody>\n<\/table>\n<h2>Caso de sucesso<\/h2>\n<p>Um produtor de alimentos fermentados de m\u00e9dio porte no Canad\u00e1 aprimorou sua linha de produtos com nossos potes para picles. Eles foram personalizados com paredes mais robustas, tampas met\u00e1licas com veda\u00e7\u00e3o a v\u00e1cuo e o logotipo da marca gravado nos ombros dos potes. Ap\u00f3s a mudan\u00e7a para esses potes, seus produtos se destacam mais nas vitrines refrigeradas dos pontos de venda, as reclama\u00e7\u00f5es de vazamento ca\u00edram para zero e seus distribuidores aprovaram dois novos SKUs devido \u00e0 melhoria na embalagem.<\/p>\n<h2>Dicas de personaliza\u00e7\u00e3o<\/h2>\n<p>Se voc\u00ea estiver personalizando este pote de vidro para conservas para atender \u00e0s necessidades da sua marca, alguns detalhes adicionais, como (a) a escolha de vidro mais espesso para maior estabilidade durante a conserva\u00e7\u00e3o em salmoura, (b) a substitui\u00e7\u00e3o do fecho met\u00e1lico padr\u00e3o por um acabamento em a\u00e7o inoxid\u00e1vel resistente \u00e0 ferrugem ou (c) a adi\u00e7\u00e3o de um logotipo em relevo para refor\u00e7ar a identidade visual na prateleira, certamente aprimorar\u00e3o tanto a marca quanto a funcionalidade do produto. Diferentes capacidades, desde pequenos potes para degusta\u00e7\u00e3o at\u00e9 potes de vidro de grande formato para conservas, tamb\u00e9m est\u00e3o dispon\u00edveis. Al\u00e9m disso, voc\u00ea pode escolher juntas de silicone em cores personalizadas para combinar com a paleta de cores da sua marca, conferindo ao produto final uma apar\u00eancia mais sofisticada e visualmente unificada.<\/p>","protected":false},"excerpt":{"rendered":"<p>Pote de vidro resistente para conservas. Esses potes de vidro para conservas s\u00e3o ideais para pedidos em grande quantidade e fornecimento direto da f\u00e1brica para marcas de alimentos que buscam embalagens confi\u00e1veis.<\/p>","protected":false},"featured_media":3432,"template":"","meta":{"postBodyCss":"","postBodyMargin":[],"postBodyPadding":[],"postBodyBackground":{"backgroundType":"classic","gradient":""}},"product_brand":[],"product_cat":[15,17,59],"product_tag":[69],"class_list":{"0":"post-3431","1":"product","2":"type-product","3":"status-publish","4":"has-post-thumbnail","6":"product_cat-glass-containers","7":"product_cat-glass-jars","8":"product_cat-glass-storage-jars","9":"product_tag-storage-jars","11":"first","12":"instock","13":"shipping-taxable","14":"product-type-simple"},"jetpack_sharing_enabled":true,"_links":{"self":[{"href":"https:\/\/minghanggroup.com\/pt\/wp-json\/wp\/v2\/product\/3431","targetHints":{"allow":["GET"]}}],"collection":[{"href":"https:\/\/minghanggroup.com\/pt\/wp-json\/wp\/v2\/product"}],"about":[{"href":"https:\/\/minghanggroup.com\/pt\/wp-json\/wp\/v2\/types\/product"}],"wp:featuredmedia":[{"embeddable":true,"href":"https:\/\/minghanggroup.com\/pt\/wp-json\/wp\/v2\/media\/3432"}],"wp:attachment":[{"href":"https:\/\/minghanggroup.com\/pt\/wp-json\/wp\/v2\/media?parent=3431"}],"wp:term":[{"taxonomy":"product_brand","embeddable":true,"href":"https:\/\/minghanggroup.com\/pt\/wp-json\/wp\/v2\/product_brand?post=3431"},{"taxonomy":"product_cat","embeddable":true,"href":"https:\/\/minghanggroup.com\/pt\/wp-json\/wp\/v2\/product_cat?post=3431"},{"taxonomy":"product_tag","embeddable":true,"href":"https:\/\/minghanggroup.com\/pt\/wp-json\/wp\/v2\/product_tag?post=3431"}],"curies":[{"name":"wp","href":"https:\/\/api.w.org\/{rel}","templated":true}]}}