{"id":3405,"date":"2025-11-19T13:56:38","date_gmt":"2025-11-19T05:56:38","guid":{"rendered":"https:\/\/minghanggroup.com\/?post_type=product&#038;p=3405"},"modified":"2026-01-20T14:05:50","modified_gmt":"2026-01-20T06:05:50","slug":"wholesale-empty-amber-grolsch-beer-bottles","status":"publish","type":"product","link":"https:\/\/minghanggroup.com\/pt\/produto\/wholesale-empty-amber-grolsch-beer-bottles\/","title":{"rendered":"Garrafas vazias de cerveja Grolsch \u00e2mbar, tamanhos 485ml e 500ml, para venda por atacado."},"content":{"rendered":"<p>Estas garrafas de cerveja Grolsch, feitas de vidro acastanhado, possuem uma tampa met\u00e1lica de encaixe ou uma tampa de coroa para sua cerveja ou outras bebidas especiais.<\/p>\n<h2>Caracter\u00edsticas do produto<\/h2>\n<ul>\n<li><strong>Prote\u00e7\u00e3o UV para vidro \u00e2mbar:<\/strong> O copo de castanho serve como a melhor prote\u00e7\u00e3o contra a luz, mantendo assim a cerveja fresca e preservando seu sabor e qualidade originais.<\/li>\n<li><strong>Duas op\u00e7\u00f5es de limite:<\/strong> Quer voc\u00ea escolha a tradicional tampa de coroa ou uma pr\u00e1tica tampa flip-top, seu recipiente para bebidas ou condimentos estar\u00e1 pronto para uso por qualquer cliente.<\/li>\n<li><strong>Duas op\u00e7\u00f5es de volume:<\/strong> As vers\u00f5es de 485ml e 500ml est\u00e3o \u00e0 sua disposi\u00e7\u00e3o para que voc\u00ea possa aproveitar ao m\u00e1ximo sua linha de produtos e estrat\u00e9gia de pre\u00e7os.<\/li>\n<\/ul>\n<h2 style=\"text-align: left;\">Especifica\u00e7\u00f5es principais<\/h2>\n<table class=\"aligncenter\" style=\"border-collapse: collapse; width: 423.02pt;\" border=\"0\" width=\"564\" cellspacing=\"0\" cellpadding=\"0\">\n<tbody>\n<tr style=\"height: 13.50pt;\">\n<td style=\"height: 13.50pt; width: 99.75pt;\" width=\"133\" height=\"18\">Especifica\u00e7\u00e3o<\/td>\n<td style=\"width: 323.25pt;\" width=\"431\">Detalhes<\/td>\n<\/tr>\n<tr style=\"height: 13.50pt;\">\n<td style=\"height: 13.50pt;\" height=\"18\">Dimens\u00f5es<\/td>\n<td>485 ml: 22,6 cm \u00d7 7,75 cm; 500 ml: 22,3 cm \u00d7 8,1 cm<\/td>\n<\/tr>\n<tr style=\"height: 13.50pt;\">\n<td style=\"height: 13.50pt;\" height=\"18\">Tipo de vidro<\/td>\n<td>Vidro \u00e2mbar de cal sodada com prote\u00e7\u00e3o UV<\/td>\n<\/tr>\n<tr style=\"height: 13.50pt;\">\n<td style=\"height: 13.50pt;\" height=\"18\">Ideal para<\/td>\n<td>Garrafas Grolsch, garrafas de cerveja, garrafas com tampa de press\u00e3o<\/td>\n<\/tr>\n<\/tbody>\n<\/table>\n<h2>Hist\u00f3ria de sucesso<\/h2>\n<p>Uma cervejaria artesanal local, em plena expans\u00e3o, precisava de uma solu\u00e7\u00e3o de embalagem que acompanhasse o crescimento do seu mercado. Decidiram usar as nossas garrafas de cerveja Grolsch para embalar a sua linha de cervejas premium. Um dos principais benef\u00edcios do vidro \u00e2mbar \u00e9 a prote\u00e7\u00e3o UV de 99,8%, o que torna o seu aspeto vintage muito atrativo para os clientes, que renovam rapidamente o seu stock em 29%. Ao mesmo tempo, a resist\u00eancia da embalagem de vidro \u00e2mbar tamb\u00e9m reduz em 45% as possibilidades de danos e quebras durante o transporte. Com base nestes resultados, esta cervejaria j\u00e1 encomendou mais 650.000 garrafas para impulsionar a sua distribui\u00e7\u00e3o em todo o pa\u00eds.<\/p>\n<h2>Sugest\u00f5es de personaliza\u00e7\u00e3o de garrafas Grolsch<\/h2>\n<ul>\n<li><strong>Op\u00e7\u00f5es de cores para a tampa da garrafa:<\/strong> Al\u00e9m do tradicional dourado, oferecemos uma ampla sele\u00e7\u00e3o de cores de tampas de cer\u00e2mica para garrafas, para atender \u00e0s suas necessidades.<\/li>\n<li><strong>Localiza\u00e7\u00e3o do logotipo em relevo:<\/strong> Um logotipo em relevo pode ser adicionado ao ombro da garrafa, o que dar\u00e1 um toque de luxo \u00e0 sua marca.<\/li>\n<li><strong>Estiliza\u00e7\u00e3o de Vidro Dourado:<\/strong> Coloque algumas linhas finas de vidro dourado perto da tampa da garrafa para refletir o ouro e intensificar visualmente a sensa\u00e7\u00e3o de luxo.<\/li>\n<li><strong>Varia\u00e7\u00f5es no acabamento do fio:<\/strong> O acabamento do fio possui tr\u00eas varia\u00e7\u00f5es: galvanizado, anodizado preto ou revestido com ep\u00f3xi.<\/li>\n<\/ul>","protected":false},"excerpt":{"rendered":"<p>Garrafas \u00e2mbar Grolsch e garrafas de cerveja Grolsch. Veda\u00e7\u00e3o segura, ideal para grandes encomendas ou marcas de bebidas artesanais. Vendas diretas da f\u00e1brica, estoque dispon\u00edvel em grandes quantidades.<\/p>","protected":false},"featured_media":3444,"template":"","meta":{"postBodyCss":"","postBodyMargin":[],"postBodyPadding":[],"postBodyBackground":{"backgroundType":"classic","gradient":""}},"product_brand":[],"product_cat":[15,16,56],"product_tag":[79,72],"class_list":{"0":"post-3405","1":"product","2":"type-product","3":"status-publish","4":"has-post-thumbnail","6":"product_cat-glass-containers","7":"product_cat-glass-bottles","8":"product_cat-flip-top-bottles","9":"product_tag-beer-bottles","10":"product_tag-juice-bottles","12":"first","13":"instock","14":"shipping-taxable","15":"product-type-simple"},"jetpack_sharing_enabled":true,"_links":{"self":[{"href":"https:\/\/minghanggroup.com\/pt\/wp-json\/wp\/v2\/product\/3405","targetHints":{"allow":["GET"]}}],"collection":[{"href":"https:\/\/minghanggroup.com\/pt\/wp-json\/wp\/v2\/product"}],"about":[{"href":"https:\/\/minghanggroup.com\/pt\/wp-json\/wp\/v2\/types\/product"}],"wp:featuredmedia":[{"embeddable":true,"href":"https:\/\/minghanggroup.com\/pt\/wp-json\/wp\/v2\/media\/3444"}],"wp:attachment":[{"href":"https:\/\/minghanggroup.com\/pt\/wp-json\/wp\/v2\/media?parent=3405"}],"wp:term":[{"taxonomy":"product_brand","embeddable":true,"href":"https:\/\/minghanggroup.com\/pt\/wp-json\/wp\/v2\/product_brand?post=3405"},{"taxonomy":"product_cat","embeddable":true,"href":"https:\/\/minghanggroup.com\/pt\/wp-json\/wp\/v2\/product_cat?post=3405"},{"taxonomy":"product_tag","embeddable":true,"href":"https:\/\/minghanggroup.com\/pt\/wp-json\/wp\/v2\/product_tag?post=3405"}],"curies":[{"name":"wp","href":"https:\/\/api.w.org\/{rel}","templated":true}]}}