{"id":3384,"date":"2025-11-19T11:47:01","date_gmt":"2025-11-19T03:47:01","guid":{"rendered":"https:\/\/minghanggroup.com\/?post_type=product&#038;p=3384"},"modified":"2026-01-20T14:07:01","modified_gmt":"2026-01-20T06:07:01","slug":"bulk-brown-glass-swing-top-bottles-with-handle","status":"publish","type":"product","link":"https:\/\/minghanggroup.com\/pt\/produto\/bulk-brown-glass-swing-top-bottles-with-handle\/","title":{"rendered":"Garrafas de vidro \u00e2mbar com tampa de press\u00e3o e al\u00e7a, em embalagens de 1000ml e 2000ml."},"content":{"rendered":"<p>Estas garrafas de vidro \u00e2mbar com tampa de press\u00e3o s\u00e3o feitas de vidro marrom-\u00e2mbar e possuem uma al\u00e7a elegante, al\u00e9m de um formato arredondado caracter\u00edstico. O fechamento \u00e9 feito com um fecho de press\u00e3o met\u00e1lico e est\u00e3o dispon\u00edveis em dois tamanhos.<\/p>\n<h2>Caracter\u00edsticas do produto<\/h2>\n<ul>\n<li><strong>Material do vidro marrom:<\/strong> As garrafas s\u00e3o fabricadas em vidro marrom, que bloqueia eficazmente a luz, mantendo assim a qualidade de l\u00edquidos como molhos e bebidas, e ao mesmo tempo conferindo-lhes um visual retr\u00f4.<\/li>\n<li><strong>Design da al\u00e7a:<\/strong> As garrafas possuem al\u00e7as integradas para facilitar o manuseio e o transporte, aumentando a praticidade e tornando-as adequadas tanto para uso dom\u00e9stico quanto externo.<\/li>\n<li><strong>Design de veda\u00e7\u00e3o por encaixe:<\/strong> Essas garrafas possuem uma tampa de metal vermelha e branca com encaixe por press\u00e3o, proporcionando a melhor veda\u00e7\u00e3o poss\u00edvel, mantendo o conte\u00fado fresco por um longo per\u00edodo. Al\u00e9m disso, a abertura e o fechamento das garrafas s\u00e3o f\u00e1ceis.<\/li>\n<\/ul>\n<h2 style=\"text-align: left;\">Especifica\u00e7\u00f5es principais<\/h2>\n<table class=\"aligncenter\" style=\"border-collapse: collapse; width: 513.77pt;\" border=\"0\" width=\"685\" cellspacing=\"0\" cellpadding=\"0\">\n<tbody>\n<tr style=\"height: 13.50pt;\">\n<td style=\"height: 13.50pt; width: 105.75pt;\" width=\"141\" height=\"18\">Especifica\u00e7\u00e3o<\/td>\n<td style=\"width: 408.00pt;\" width=\"544\">Detalhes<\/td>\n<\/tr>\n<tr style=\"height: 13.50pt;\">\n<td style=\"height: 13.50pt;\" height=\"18\">Dimens\u00f5es<\/td>\n<td>1000 ml (32 oz): 7,5 cm \u00d7 24 cm \/ 2000 ml (64 oz): 9,5 cm \u00d7 26 cm<\/td>\n<\/tr>\n<tr style=\"height: 13.50pt;\">\n<td style=\"height: 13.50pt;\" height=\"18\">Material<\/td>\n<td>Vidro marrom de paredes grossas (com prote\u00e7\u00e3o UV)<\/td>\n<\/tr>\n<tr style=\"height: 13.50pt;\">\n<td style=\"height: 13.50pt;\" height=\"18\">Lidar<\/td>\n<td>Al\u00e7a ergon\u00f4mica integrada em ambos os lados.<\/td>\n<\/tr>\n<tr style=\"height: 13.50pt;\">\n<td style=\"height: 13.50pt;\" height=\"18\">Tipo de fechamento<\/td>\n<td>Tampas basculantes em a\u00e7o inoxid\u00e1vel com batente vermelho\/branco<\/td>\n<\/tr>\n<tr style=\"height: 13.50pt;\">\n<td style=\"height: 13.50pt;\" height=\"18\">Op\u00e7\u00f5es de juntas<\/td>\n<td>Borracha padr\u00e3o ou op\u00e7\u00e3o de silicone resistente a \u00e1cidos e ao calor.<\/td>\n<\/tr>\n<tr style=\"height: 13.50pt;\">\n<td style=\"height: 13.50pt;\" height=\"18\">Ideal para<\/td>\n<td>Garrafas com tampa de press\u00e3o, garrafas com tampa flip-top para atacado<\/td>\n<\/tr>\n<\/tbody>\n<\/table>\n<h2>Hist\u00f3ria de Sucesso<\/h2>\n<p>Uma das dificuldades enfrentadas por um fabricante de refrigerantes artesanais era o fato de venderem seus produtos em garrafas de vidro transparente com tampa de rosca, mas come\u00e7arem a receber reclama\u00e7\u00f5es de clientes de que a ilumina\u00e7\u00e3o das lojas afetava o sabor das bebidas. A empresa decidiu ent\u00e3o mudar para nossas garrafas de vidro \u00e2mbar de 1 litro com tampa de rosca e al\u00e7a. O vidro \u00e2mbar bloqueia 99,2% dos raios UV prejudiciais, prolongando assim a vida \u00fatil do produto em 60 dias. A al\u00e7a integrada resultou em uma redu\u00e7\u00e3o de 45% nas reclama\u00e7\u00f5es de derramamento, enquanto a veda\u00e7\u00e3o herm\u00e9tica garantiu que n\u00e3o houvesse vazamentos durante o transporte. Como resultado, a empresa decidiu fazer um segundo pedido de 350.000 garrafas para substituir toda a sua linha de produtos premium por esse tipo de garrafa.<\/p>\n<h2>Sugest\u00f5es de personaliza\u00e7\u00e3o para garrafas com tampa de press\u00e3o<\/h2>\n<p>Utilize as seguintes op\u00e7\u00f5es de personaliza\u00e7\u00e3o para personalizar estas garrafas com tampa de rosca repletas de recursos:<\/p>\n<ul>\n<li><strong>Textura do cabo:<\/strong> Voc\u00ea pode aplicar um acabamento fosco ou texturizado na al\u00e7a para garantir uma pegada mais segura, sem o risco de ela escorregar.<\/li>\n<li><strong>Serigrafia no corpo da garrafa:<\/strong> Aumente a visibilidade da sua marca imprimindo logotipos e designs coloridos e dur\u00e1veis \u200b\u200bna garrafa de vidro \u00e2mbar.<\/li>\n<li><strong>Anel de veda\u00e7\u00e3o correspondente:<\/strong> Desenvolva um detalhe personalizado e elegante selecionando o anel de veda\u00e7\u00e3o de silicone que combine com a cor da sua marca para um visual harmonioso e impec\u00e1vel.<\/li>\n<\/ul>","protected":false},"excerpt":{"rendered":"<p>Garrafas de vidro \u00e2mbar com tampa de press\u00e3o, al\u00e7as ergon\u00f4micas e fechos met\u00e1licos de veda\u00e7\u00e3o. Ideais para clientes atacadistas de bebidas e garrafas com tampa de press\u00e3o. Amostras gr\u00e1tis.<\/p>","protected":false},"featured_media":3402,"template":"","meta":{"postBodyCss":"","postBodyMargin":[],"postBodyPadding":[],"postBodyBackground":{"backgroundType":"classic","gradient":""}},"product_brand":[],"product_cat":[15,16,56],"product_tag":[79],"class_list":{"0":"post-3384","1":"product","2":"type-product","3":"status-publish","4":"has-post-thumbnail","6":"product_cat-glass-containers","7":"product_cat-glass-bottles","8":"product_cat-flip-top-bottles","9":"product_tag-beer-bottles","11":"first","12":"instock","13":"shipping-taxable","14":"product-type-simple"},"jetpack_sharing_enabled":true,"_links":{"self":[{"href":"https:\/\/minghanggroup.com\/pt\/wp-json\/wp\/v2\/product\/3384","targetHints":{"allow":["GET"]}}],"collection":[{"href":"https:\/\/minghanggroup.com\/pt\/wp-json\/wp\/v2\/product"}],"about":[{"href":"https:\/\/minghanggroup.com\/pt\/wp-json\/wp\/v2\/types\/product"}],"wp:featuredmedia":[{"embeddable":true,"href":"https:\/\/minghanggroup.com\/pt\/wp-json\/wp\/v2\/media\/3402"}],"wp:attachment":[{"href":"https:\/\/minghanggroup.com\/pt\/wp-json\/wp\/v2\/media?parent=3384"}],"wp:term":[{"taxonomy":"product_brand","embeddable":true,"href":"https:\/\/minghanggroup.com\/pt\/wp-json\/wp\/v2\/product_brand?post=3384"},{"taxonomy":"product_cat","embeddable":true,"href":"https:\/\/minghanggroup.com\/pt\/wp-json\/wp\/v2\/product_cat?post=3384"},{"taxonomy":"product_tag","embeddable":true,"href":"https:\/\/minghanggroup.com\/pt\/wp-json\/wp\/v2\/product_tag?post=3384"}],"curies":[{"name":"wp","href":"https:\/\/api.w.org\/{rel}","templated":true}]}}