{"id":3356,"date":"2025-11-19T11:48:50","date_gmt":"2025-11-19T03:48:50","guid":{"rendered":"https:\/\/minghanggroup.com\/?post_type=product&#038;p=3356"},"modified":"2026-01-20T13:59:17","modified_gmt":"2026-01-20T05:59:17","slug":"glass-jars-for-pickle-with-lid-wholesale","status":"publish","type":"product","link":"https:\/\/minghanggroup.com\/pt\/produto\/glass-jars-for-pickle-with-lid-wholesale\/","title":{"rendered":"Potes de vidro quadrados de 50 ml a 150 ml para conservas com tampa - Venda por atacado"},"content":{"rendered":"<p>Pare de desperdi\u00e7ar dinheiro com embalagens sem gra\u00e7a que d\u00e3o uma apar\u00eancia barata \u00e0 sua marca. Criamos potes de vidro quadrados premium para picles que transformam o armazenamento dos seus alimentos em uma solu\u00e7\u00e3o elegante e funcional, mantendo seus vegetais em conserva frescos. Eles n\u00e3o s\u00e3o apenas recipientes \u2014 s\u00e3o a nova arma secreta da sua marca para embalagens de alimentos.<\/p>\n<h2>Caracter\u00edsticas do produto<\/h2>\n<ol>\n<li><strong>Design quadrado:<\/strong>Os potes de vidro quadrados para conservas garantem o empilhamento est\u00e1vel da sua marca e uma presen\u00e7a marcante nas prateleiras. A estrutura quadrangular torna-os ideais n\u00e3o s\u00f3 para exposi\u00e7\u00e3o no varejo, mas tamb\u00e9m pr\u00e1ticos para armazenamento na cozinha ou no dep\u00f3sito, com excelente compatibilidade com diferentes solu\u00e7\u00f5es de embalagem.<\/li>\n<li><strong>Clareza cristalina:<\/strong>Com o vidro transparente, voc\u00ea exp\u00f5e as cores vibrantes dos seus vegetais em conserva aos clientes, mesmo em potes vazios. Essa visibilidade permite que os clientes saibam exatamente o que est\u00e3o comprando, o que, por sua vez, aumenta as vendas, principalmente de picles de endro e conserva de pepino.<\/li>\n<li><strong>Lacre de seguran\u00e7a:<\/strong>A tampa met\u00e1lica com veda\u00e7\u00e3o herm\u00e9tica preserva o sabor e o frescor dos seus picles e conservas. O acabamento com rosca cont\u00ednua e a veda\u00e7\u00e3o revestida com plastisol garantem um encaixe perfeito, tornando esses potes a melhor op\u00e7\u00e3o para conservar picles, pepinos e outros vegetais durante o processo de fermenta\u00e7\u00e3o.<\/li>\n<li><strong>Tamanhos vers\u00e1teis:<\/strong>As diversas capacidades (50 ml a 150 ml) atendem a todas as suas necessidades de conservas, sejam pequenas amostras ou grandes encomendas a granel. Estes frascos econ\u00f4micos s\u00e3o exatamente o que seu neg\u00f3cio atacadista precisa para oferecer diferentes tamanhos e atender \u00e0s demandas dos clientes, al\u00e9m de serem reutiliz\u00e1veis \u200b\u200bpara quem deseja reaproveitar seus recipientes.<\/li>\n<\/ol>\n<h2>Especifica\u00e7\u00f5es principais<\/h2>\n<table style=\"border-collapse: collapse; width: 80%; margin-left: auto; margin-right: auto;\" border=\"0\" width=\"216\" cellspacing=\"0\" cellpadding=\"0\">\n<tbody>\n<tr style=\"height: 13.50pt;\">\n<td style=\"height: 13.5pt; width: 54pt; text-align: center;\" width=\"72\" height=\"18\">Capacidade (ml)<\/td>\n<td style=\"width: 54pt; text-align: center;\" width=\"72\">Tamanho (cm)<\/td>\n<td style=\"width: 54pt; text-align: center;\" width=\"72\">Op\u00e7\u00f5es de cores<\/td>\n<\/tr>\n<tr style=\"height: 13.50pt;\">\n<td style=\"height: 13.5pt; text-align: center;\" height=\"18\">50<\/td>\n<td style=\"text-align: center;\">4.5 * 5.6<\/td>\n<td class=\"et2\" style=\"text-align: center;\" rowspan=\"4\">Transparente, personalizado<\/td>\n<\/tr>\n<tr style=\"height: 13.50pt;\">\n<td style=\"height: 13.5pt; text-align: center;\" height=\"18\">80<\/td>\n<td style=\"text-align: center;\">5.0 * 5.5<\/td>\n<\/tr>\n<tr style=\"height: 13.50pt;\">\n<td style=\"height: 13.5pt; text-align: center;\" height=\"18\">100<\/td>\n<td style=\"text-align: center;\">5.4 * 7.5<\/td>\n<\/tr>\n<tr style=\"height: 13.50pt;\">\n<td style=\"height: 13.5pt; text-align: center;\" height=\"18\">150<\/td>\n<td style=\"text-align: center;\">5.7 * 7.6<\/td>\n<\/tr>\n<\/tbody>\n<\/table>\n<h2>Caso de sucesso<\/h2>\n<p>Quando uma marca de alimentos focada em vegetais em conserva decidiu expandir seu neg\u00f3cio de e-commerce, escolheu nosso pote de conserva quadrado vazio. Para tornar o processo de enchimento a quente mais uniforme, adicionamos uma junta \u00e0 prova de vazamentos \u00e0 tampa de metal.<\/p>\n<p>Com a mudan\u00e7a na embalagem, o armaz\u00e9m agora consegue empilhar mais estruturas quadradas e, assim, os custos log\u00edsticos totais foram reduzidos em cerca de 15%; e as vendas da nova linha de produtos aumentaram 27% tr\u00eas meses ap\u00f3s o seu lan\u00e7amento.<\/p>\n<h2>Dicas de personaliza\u00e7\u00e3o<\/h2>\n<p>Este frasco de vidro quadrado para picles oferece uma ampla gama de possibilidades de personaliza\u00e7\u00e3o. Pode-se simplesmente alterar a cor da tampa para preto, prata ou outras tampas met\u00e1licas de uma s\u00e9rie exclusiva; o corpo do frasco pode passar por serigrafia, pintura a quente, estampagem a quente ou otimiza\u00e7\u00e3o da \u00e1rea do r\u00f3tulo para tornar a comunica\u00e7\u00e3o da marca mais atraente para o consumidor; a embalagem de vidro pode at\u00e9 ser fosca, texturizada ou ultratransparente, e o logotipo ou n\u00famero do lote podem ser leg\u00edveis por meio de relevo na parte inferior do frasco para rastreabilidade da marca.<\/p>","protected":false},"excerpt":{"rendered":"<p>Potes de vidro vers\u00e1teis para conservas e op\u00e7\u00f5es de potes de conserva vazios, oferecidos com fornecimento direto da f\u00e1brica, personaliza\u00e7\u00e3o em grande escala e qualidade confi\u00e1vel para produtores de alimentos.<\/p>","protected":false},"featured_media":3357,"template":"","meta":{"postBodyCss":"","postBodyMargin":[],"postBodyPadding":[],"postBodyBackground":{"backgroundType":"classic","gradient":""}},"product_brand":[],"product_cat":[15,17,55],"product_tag":[65,71],"class_list":{"0":"post-3356","1":"product","2":"type-product","3":"status-publish","4":"has-post-thumbnail","6":"product_cat-glass-containers","7":"product_cat-glass-jars","8":"product_cat-pickle-jars","9":"product_tag-glass-jam-jars","10":"product_tag-honey-jars","12":"first","13":"instock","14":"shipping-taxable","15":"product-type-simple"},"jetpack_sharing_enabled":true,"_links":{"self":[{"href":"https:\/\/minghanggroup.com\/pt\/wp-json\/wp\/v2\/product\/3356","targetHints":{"allow":["GET"]}}],"collection":[{"href":"https:\/\/minghanggroup.com\/pt\/wp-json\/wp\/v2\/product"}],"about":[{"href":"https:\/\/minghanggroup.com\/pt\/wp-json\/wp\/v2\/types\/product"}],"wp:featuredmedia":[{"embeddable":true,"href":"https:\/\/minghanggroup.com\/pt\/wp-json\/wp\/v2\/media\/3357"}],"wp:attachment":[{"href":"https:\/\/minghanggroup.com\/pt\/wp-json\/wp\/v2\/media?parent=3356"}],"wp:term":[{"taxonomy":"product_brand","embeddable":true,"href":"https:\/\/minghanggroup.com\/pt\/wp-json\/wp\/v2\/product_brand?post=3356"},{"taxonomy":"product_cat","embeddable":true,"href":"https:\/\/minghanggroup.com\/pt\/wp-json\/wp\/v2\/product_cat?post=3356"},{"taxonomy":"product_tag","embeddable":true,"href":"https:\/\/minghanggroup.com\/pt\/wp-json\/wp\/v2\/product_tag?post=3356"}],"curies":[{"name":"wp","href":"https:\/\/api.w.org\/{rel}","templated":true}]}}