{"id":3334,"date":"2025-11-18T15:44:37","date_gmt":"2025-11-18T07:44:37","guid":{"rendered":"https:\/\/minghanggroup.com\/?post_type=product&#038;p=3334"},"modified":"2026-01-20T13:59:25","modified_gmt":"2026-01-20T05:59:25","slug":"customizable-pickling-jar-bulk","status":"publish","type":"product","link":"https:\/\/minghanggroup.com\/pt\/produto\/customizable-pickling-jar-bulk\/","title":{"rendered":"Potes de vidro personaliz\u00e1veis \u200b\u200bpara conservas, em grandes quantidades: 220ml, 250ml e 280ml"},"content":{"rendered":"<p>Pare de gastar dinheiro com embalagens sem gra\u00e7a que d\u00e3o uma apar\u00eancia barata \u00e0 sua marca. Fabricamos potes de conserva premium que n\u00e3o s\u00f3 transformam o armazenamento de seus alimentos em algo moderno e pr\u00e1tico, como tamb\u00e9m mant\u00eam seus vegetais em conserva frescos. Eles n\u00e3o s\u00e3o apenas potes para conservas \u2014 s\u00e3o a nova arma secreta da sua marca em embalagens de alimentos.<\/p>\n<h2>Caracter\u00edsticas do produto<\/h2>\n<p><strong>Gargalo arredondado<\/strong><\/p>\n<p>O polimento foi feito com perfei\u00e7\u00e3o, o bra\u00e7o est\u00e1 liso e sem rebarbas, afiado e limpo, e a sensa\u00e7\u00e3o ao tocar \u00e9 confort\u00e1vel.<\/p>\n<p><strong>Fundo espesso<\/strong><\/p>\n<p>A parte inferior \u00e9 revestida com uma textura antiderrapante, sendo, portanto, resistente ao desgaste, dur\u00e1vel e menos propensa a tombar.<\/p>\n<p><strong>Design de boca larga<\/strong><\/p>\n<p>Basta enrolar os pepinos inteiros, o endro ou qualquer outro ingrediente em conserva com as m\u00e3os. Excelente para usar com potes de vidro de boca larga para legumes em conserva.<\/p>\n<h2>Especifica\u00e7\u00f5es principais<\/h2>\n<table style=\"border-collapse: collapse; width: 80%; margin-left: auto; margin-right: auto;\" border=\"0\" width=\"216\" cellspacing=\"0\" cellpadding=\"0\">\n<tbody>\n<tr style=\"height: 13.50pt;\">\n<td style=\"height: 13.5pt; width: 54pt; text-align: center;\" width=\"72\" height=\"18\">Capacidade (ml)<\/td>\n<td style=\"width: 54pt; text-align: center;\" width=\"72\">Tamanho (cm)<\/td>\n<td style=\"width: 54pt; text-align: center;\" width=\"72\">Op\u00e7\u00f5es personalizadas<\/td>\n<\/tr>\n<tr style=\"height: 13.50pt;\">\n<td style=\"height: 13.5pt; text-align: center;\" align=\"right\" height=\"18\">220<\/td>\n<td style=\"text-align: center;\">6,2 x 11,3<\/td>\n<td class=\"et2\" style=\"text-align: center;\" rowspan=\"3\">Tampas, cor, etiqueta, logotipo<\/td>\n<\/tr>\n<tr style=\"height: 13.50pt;\">\n<td style=\"height: 13.5pt; text-align: center;\" align=\"right\" height=\"18\">250<\/td>\n<td style=\"text-align: center;\">6,5 x 12,7<\/td>\n<\/tr>\n<tr style=\"height: 13.50pt;\">\n<td style=\"height: 13.5pt; text-align: center;\" align=\"right\" height=\"18\">280<\/td>\n<td style=\"text-align: center;\">6,5 x 13,5<\/td>\n<\/tr>\n<\/tbody>\n<\/table>\n<h2>Caso de sucesso<\/h2>\n<p>A Heritage Valley Foods est\u00e1 aproveitando ao m\u00e1ximo nossos potes de vidro para conservas; o vidro resistente e transparente e as tampas vermelhas com veda\u00e7\u00e3o refor\u00e7ada n\u00e3o s\u00f3 d\u00e3o mais destaque aos vegetais em conserva, como tamb\u00e9m conferem a eles um visual mais moderno e fresco, tornando o produto muito atraente para os consumidores \u00e0 primeira vista. A textura em relevo exclusiva e as laterais regulares dos potes ajudam a marca a se destacar facilmente entre as demais nas prateleiras dos supermercados. O faturamento da empresa aumentou 32% em apenas um trimestre.<\/p>\n<h2>Dicas de personaliza\u00e7\u00e3o para seu pote de conserva<\/h2>\n<p>\u00c9 poss\u00edvel personalizar seu frasco por meio de serigrafia, esmalte cozido ou etiquetas resistentes a altas temperaturas, tornando o logotipo ou design parte integrante do recipiente; as tampas dos potes de conservas podem ser de pintura met\u00e1lica, foscas, galvanizadas ou de pl\u00e1stico com cores personalizadas, e um anel antifurto ou junta de veda\u00e7\u00e3o pode ser instalado para melhorar o fechamento; al\u00e9m disso, oferecemos solu\u00e7\u00f5es completas de embalagem, como caixas tem\u00e1ticas, r\u00f3tulos, filmes de veda\u00e7\u00e3o, etc., para atender \u00e0s necessidades de canais online e de supermercados.<\/p>","protected":false},"excerpt":{"rendered":"<p>Oferecemos potes para conservas aos compradores. Venda direta da f\u00e1brica; esses potes para vegetais em conserva podem ser personalizados com tampas, tamanhos e marca.<\/p>","protected":false},"featured_media":3335,"template":"","meta":{"postBodyCss":"","postBodyMargin":[],"postBodyPadding":[],"postBodyBackground":{"backgroundType":"classic","gradient":""}},"product_brand":[],"product_cat":[15,17,55],"product_tag":[65,71],"class_list":{"0":"post-3334","1":"product","2":"type-product","3":"status-publish","4":"has-post-thumbnail","6":"product_cat-glass-containers","7":"product_cat-glass-jars","8":"product_cat-pickle-jars","9":"product_tag-glass-jam-jars","10":"product_tag-honey-jars","12":"first","13":"instock","14":"shipping-taxable","15":"product-type-simple"},"jetpack_sharing_enabled":true,"_links":{"self":[{"href":"https:\/\/minghanggroup.com\/pt\/wp-json\/wp\/v2\/product\/3334","targetHints":{"allow":["GET"]}}],"collection":[{"href":"https:\/\/minghanggroup.com\/pt\/wp-json\/wp\/v2\/product"}],"about":[{"href":"https:\/\/minghanggroup.com\/pt\/wp-json\/wp\/v2\/types\/product"}],"wp:featuredmedia":[{"embeddable":true,"href":"https:\/\/minghanggroup.com\/pt\/wp-json\/wp\/v2\/media\/3335"}],"wp:attachment":[{"href":"https:\/\/minghanggroup.com\/pt\/wp-json\/wp\/v2\/media?parent=3334"}],"wp:term":[{"taxonomy":"product_brand","embeddable":true,"href":"https:\/\/minghanggroup.com\/pt\/wp-json\/wp\/v2\/product_brand?post=3334"},{"taxonomy":"product_cat","embeddable":true,"href":"https:\/\/minghanggroup.com\/pt\/wp-json\/wp\/v2\/product_cat?post=3334"},{"taxonomy":"product_tag","embeddable":true,"href":"https:\/\/minghanggroup.com\/pt\/wp-json\/wp\/v2\/product_tag?post=3334"}],"curies":[{"name":"wp","href":"https:\/\/api.w.org\/{rel}","templated":true}]}}