{"id":3320,"date":"2025-11-18T13:04:23","date_gmt":"2025-11-18T05:04:23","guid":{"rendered":"https:\/\/minghanggroup.com\/?post_type=product&#038;p=3320"},"modified":"2025-11-18T13:04:23","modified_gmt":"2025-11-18T05:04:23","slug":"bulk-glass-pickling-containers-for-packaging","status":"publish","type":"product","link":"https:\/\/minghanggroup.com\/pt\/produto\/bulk-glass-pickling-containers-for-packaging\/","title":{"rendered":"Recipientes de vidro para conservas a granel, para embalagem, 350ml, 480ml e 730ml"},"content":{"rendered":"<p>N\u00e3o deixe que o armazenamento inadequado de alimentos seja o motivo para a sua marca perder o seu charme. Fabricamos recipientes para conservas de alta qualidade que n\u00e3o s\u00f3 elevam a embalagem dos seus alimentos a uma solu\u00e7\u00e3o moderna e pr\u00e1tica, como tamb\u00e9m mant\u00eam os seus alimentos em conserva frescos. Mais do que simples potes, s\u00e3o a nova arma secreta da sua marca para armazenamento e embalagem de alimentos.<\/p>\n<h2>Caracter\u00edsticas do produto<\/h2>\n<ul>\n<li><strong>Design de boca larga:<\/strong>Ideal para conservar e remover pepinos inteiros, vegetais inteiros ou peda\u00e7os grandes de alimentos.<\/li>\n<li><strong>Excelente veda\u00e7\u00e3o:<\/strong>A tampa de rosca com tampa interna de metal \u00e9 a melhor maneira de garantir que o frescor e o sabor dos alimentos em conserva sejam mantidos por mais tempo. O design herm\u00e9tico \u00e9 o que conserva a salmoura em \u00f3timas condi\u00e7\u00f5es.<\/li>\n<li><strong>Alternativas de grande capacidade:<\/strong>Potes de vidro para conserva com capacidade de 350 a 730 ml s\u00e3o a melhor maneira de reduzir a necessidade de reabastecer com frequ\u00eancia os potes pequenos.<\/li>\n<\/ul>\n<h2>Especifica\u00e7\u00f5es principais<\/h2>\n<table style=\"border-collapse: collapse; width: 80%; margin-left: auto; margin-right: auto;\" border=\"0\" width=\"216\" cellspacing=\"0\" cellpadding=\"0\">\n<tbody>\n<tr style=\"height: 13.50pt;\">\n<td class=\"et2\" style=\"height: 13.5pt; width: 54pt; text-align: center;\" width=\"72\" height=\"18\">Capacidade (ml)<\/td>\n<td style=\"width: 54pt; text-align: center;\" width=\"72\">Tamanho (cm)<\/td>\n<td style=\"width: 54pt; text-align: center;\" width=\"72\">Tipo de veda\u00e7\u00e3o<\/td>\n<\/tr>\n<tr style=\"height: 13.50pt;\">\n<td style=\"height: 13.5pt; text-align: center;\" align=\"right\" height=\"18\">350<\/td>\n<td style=\"text-align: center;\">8.5 *8.1 * 11.0<\/td>\n<td class=\"et2\" style=\"text-align: center;\" rowspan=\"3\">Metal ou pl\u00e1stico<\/td>\n<\/tr>\n<tr style=\"height: 13.50pt;\">\n<td style=\"height: 13.5pt; text-align: center;\" align=\"right\" height=\"18\">480<\/td>\n<td style=\"text-align: center;\">9.2 * 8.9 * 12.2<\/td>\n<\/tr>\n<tr style=\"height: 13.50pt;\">\n<td style=\"height: 13.5pt; text-align: center;\" align=\"right\" height=\"18\">730<\/td>\n<td style=\"text-align: center;\">9.5 * 14.5<\/td>\n<\/tr>\n<\/tbody>\n<\/table>\n<h2>Caso de sucesso<\/h2>\n<p>A f\u00e1brica de picles no Texas, EUA, fez um pedido especial de potes de vidro refor\u00e7ado personalizados, com boca larga e tampa de veda\u00e7\u00e3o de alta resist\u00eancia, adequados para transporte de longa dist\u00e2ncia, feitos sob medida para suas necessidades de conserva de pepinos inteiros.<\/p>\n<p>Gra\u00e7as aos novos potes de conserva de grande capacidade, a efici\u00eancia de enchimento aumentou 22% e a taxa de quebra durante o transporte foi reduzida. O volume de compras recorrentes de clientes do setor de alimenta\u00e7\u00e3o quase dobrou em tr\u00eas meses.<\/p>\n<h2>Dicas de personaliza\u00e7\u00e3o para recipientes de conserva<\/h2>\n<p>No caso de recipientes de conserva de grande volume, pode-se variar a espessura do vidro e o material da tampa de veda\u00e7\u00e3o, dependendo da acidez e do teor de s\u00f3lidos do produto. Al\u00e9m disso, ajustando o tamanho da boca para acomodar por\u00e7\u00f5es maiores de alimentos, \u00e9 poss\u00edvel aumentar a efici\u00eancia do enchimento. Simultaneamente, para tornar o recipiente mais atraente na exposi\u00e7\u00e3o, podem ser adicionados relevos da marca ou r\u00f3tulos resistentes a \u00f3leo e \u00e1cido. Em caso de grandes remessas para exporta\u00e7\u00e3o, tamb\u00e9m podem ser utilizadas caixas externas e embalagens paletizadas para garantir a seguran\u00e7a e a estabilidade de todo o lote de mercadorias na cadeia log\u00edstica.<\/p>","protected":false},"excerpt":{"rendered":"<p>Recipientes para conservas de molhos e vegetais. Nossos potes de vidro para conservas possuem excelente veda\u00e7\u00e3o, aceitam r\u00f3tulos personalizados e s\u00e3o enviados diretamente da f\u00e1brica.<\/p>","protected":false},"featured_media":3321,"template":"","meta":{"postBodyCss":"","postBodyMargin":[],"postBodyPadding":[],"postBodyBackground":{"backgroundType":"classic","gradient":""}},"product_brand":[],"product_cat":[15,17,55],"product_tag":[],"class_list":{"0":"post-3320","1":"product","2":"type-product","3":"status-publish","4":"has-post-thumbnail","6":"product_cat-glass-containers","7":"product_cat-glass-jars","8":"product_cat-pickle-jars","10":"first","11":"instock","12":"shipping-taxable","13":"product-type-simple"},"jetpack_sharing_enabled":true,"_links":{"self":[{"href":"https:\/\/minghanggroup.com\/pt\/wp-json\/wp\/v2\/product\/3320","targetHints":{"allow":["GET"]}}],"collection":[{"href":"https:\/\/minghanggroup.com\/pt\/wp-json\/wp\/v2\/product"}],"about":[{"href":"https:\/\/minghanggroup.com\/pt\/wp-json\/wp\/v2\/types\/product"}],"wp:featuredmedia":[{"embeddable":true,"href":"https:\/\/minghanggroup.com\/pt\/wp-json\/wp\/v2\/media\/3321"}],"wp:attachment":[{"href":"https:\/\/minghanggroup.com\/pt\/wp-json\/wp\/v2\/media?parent=3320"}],"wp:term":[{"taxonomy":"product_brand","embeddable":true,"href":"https:\/\/minghanggroup.com\/pt\/wp-json\/wp\/v2\/product_brand?post=3320"},{"taxonomy":"product_cat","embeddable":true,"href":"https:\/\/minghanggroup.com\/pt\/wp-json\/wp\/v2\/product_cat?post=3320"},{"taxonomy":"product_tag","embeddable":true,"href":"https:\/\/minghanggroup.com\/pt\/wp-json\/wp\/v2\/product_tag?post=3320"}],"curies":[{"name":"wp","href":"https:\/\/api.w.org\/{rel}","templated":true}]}}