{"id":3257,"date":"2025-11-17T16:29:55","date_gmt":"2025-11-17T08:29:55","guid":{"rendered":"https:\/\/minghanggroup.com\/?post_type=product&#038;p=3257"},"modified":"2025-11-18T10:58:25","modified_gmt":"2025-11-18T02:58:25","slug":"custom-pickle-container-pickles-jar-wholesale","status":"publish","type":"product","link":"https:\/\/minghanggroup.com\/pt\/produto\/custom-pickle-container-pickles-jar-wholesale\/","title":{"rendered":"Recipientes de vidro personalizados para picles, de 125 ml a 280 ml, para venda por atacado."},"content":{"rendered":"<p>Pare de sofrer com embalagens de alimentos sem gra\u00e7a que prejudicam o apelo da sua marca. Criamos recipientes premium para picles que transformam suas embalagens em uma solu\u00e7\u00e3o elegante e funcional, mantendo seus alimentos em conserva frescos. N\u00e3o s\u00e3o apenas potes \u2014 s\u00e3o a nova arma secreta da sua marca para armazenamento e embalagem de alimentos.<\/p>\n<h2>Caracter\u00edsticas do produto<\/h2>\n<ol>\n<li><strong>Cristalino<\/strong>Gra\u00e7as ao vidro super transparente, as cores vibrantes das suas frutas e legumes em conserva se destacam imediatamente no recipiente.<\/li>\n<li><strong>Veda\u00e7\u00e3o herm\u00e9tica:<\/strong>Para manter o frescor e o sabor dos seus produtos em conserva, utiliza-se uma tampa met\u00e1lica com rosca cont\u00ednua. A veda\u00e7\u00e3o herm\u00e9tica criada por ela \u00e9 o que mant\u00e9m a salmoura fresca.<\/li>\n<li><strong>Capacidade vers\u00e1til:<\/strong>Os diferentes tamanhos (125ml-280ml) s\u00e3o suficientes para atender \u00e0s suas necessidades de conservas, seja para uma pequena quantidade ou para uma grande produ\u00e7\u00e3o para o seu neg\u00f3cio de alimentos. Pedidos no atacado desses potes s\u00e3o excelentes.<\/li>\n<\/ol>\n<h2>Especifica\u00e7\u00f5es principais<\/h2>\n<table style=\"border-collapse: collapse; width: 80%; margin-left: auto; margin-right: auto;\" border=\"0\" width=\"288\" cellspacing=\"0\" cellpadding=\"0\">\n<tbody>\n<tr style=\"height: 13.50pt;\">\n<td style=\"height: 13.5pt; width: 54pt; text-align: center;\" width=\"72\" height=\"18\">Capacidade (ml)<\/td>\n<td style=\"width: 54pt; text-align: center;\" width=\"72\">Tamanho (cm)<\/td>\n<td style=\"width: 54pt; text-align: center;\" width=\"72\">Op\u00e7\u00f5es personalizadas<\/td>\n<\/tr>\n<tr style=\"height: 13.50pt;\">\n<td style=\"height: 13.5pt; text-align: center;\" height=\"18\">125ml<\/td>\n<td style=\"text-align: center;\">7.5 * 7.3 * 5.5<\/td>\n<td class=\"et2\" style=\"text-align: center;\" rowspan=\"3\">Tamanho, logotipo, etiqueta, cor\u2026<\/td>\n<\/tr>\n<tr style=\"height: 13.50pt;\">\n<td style=\"height: 13.5pt; text-align: center;\" height=\"18\">180ml<\/td>\n<td style=\"text-align: center;\">8.0 * 7.7 * 7.0<\/td>\n<\/tr>\n<tr style=\"height: 13.50pt;\">\n<td style=\"height: 13.5pt; text-align: center;\" height=\"18\">280ml<\/td>\n<td style=\"text-align: center;\">8.2 * 7.9 * 9.5<\/td>\n<\/tr>\n<\/tbody>\n<\/table>\n<h2>Caso de sucesso<\/h2>\n<p>Fomos contatados por uma marca canadense especializada em alimentos fermentados para personalizar um pote redondo para picles com uma tampa de metal dourado resistente \u00e0 corros\u00e3o, um revestimento de veda\u00e7\u00e3o \u00e0 prova de vazamentos e paredes de vidro espessadas para aumentar a resist\u00eancia \u00e0 press\u00e3o durante a fermenta\u00e7\u00e3o.<\/p>\n<p>Ap\u00f3s a mudan\u00e7a na embalagem, a taxa de recompra da marca aumentou 28%, e as avalia\u00e7\u00f5es do produto tamb\u00e9m melhoraram bastante.<\/p>\n<h2>Dicas de personaliza\u00e7\u00e3o do recipiente para picles<\/h2>\n<p>Este recipiente de vidro para picles \u00e9 feito com um corpo de vidro espesso que n\u00e3o s\u00f3 proporciona uma sensa\u00e7\u00e3o agrad\u00e1vel ao toque, como tamb\u00e9m \u00e9 resistente \u00e0 press\u00e3o. O usu\u00e1rio pode escolher uma tampa de metal entre op\u00e7\u00f5es como dourada, preta eletrogalvanizada ou folha de flandres natural. Al\u00e9m disso, uma junta de silicone pode ser inserida na tampa para melhor veda\u00e7\u00e3o. O pote de picles pode ser decorado com um esmalte fosco ou transparente, ou at\u00e9 mesmo com um leve relevo para dar \u00e0 marca um visual mais exclusivo. As \u00e1reas brilhantes podem ser alteradas para se adequarem \u00e0 etiqueta do cliente, garantindo assim uma aplica\u00e7\u00e3o suave e uniforme. Seja para picles de pepino, kimchi ou vegetais fermentados caseiros, este pote de vidro personalizado transmite uma imagem de marca mais profissional e sofisticada.<\/p>","protected":false},"excerpt":{"rendered":"<p>Recipiente de vidro resistente para conservas, ideal para kimchi e outros alimentos fermentados. Vers\u00e1til, perfeito para grandes quantidades, com tampas personalizadas, marca pr\u00f3pria e pedidos direto da f\u00e1brica.<\/p>","protected":false},"featured_media":3258,"template":"","meta":{"postBodyCss":"","postBodyMargin":[],"postBodyPadding":[],"postBodyBackground":{"backgroundType":"classic","gradient":""}},"product_brand":[],"product_cat":[15,17,55],"product_tag":[],"class_list":{"0":"post-3257","1":"product","2":"type-product","3":"status-publish","4":"has-post-thumbnail","6":"product_cat-glass-containers","7":"product_cat-glass-jars","8":"product_cat-pickle-jars","10":"first","11":"instock","12":"shipping-taxable","13":"product-type-simple"},"jetpack_sharing_enabled":true,"_links":{"self":[{"href":"https:\/\/minghanggroup.com\/pt\/wp-json\/wp\/v2\/product\/3257","targetHints":{"allow":["GET"]}}],"collection":[{"href":"https:\/\/minghanggroup.com\/pt\/wp-json\/wp\/v2\/product"}],"about":[{"href":"https:\/\/minghanggroup.com\/pt\/wp-json\/wp\/v2\/types\/product"}],"wp:featuredmedia":[{"embeddable":true,"href":"https:\/\/minghanggroup.com\/pt\/wp-json\/wp\/v2\/media\/3258"}],"wp:attachment":[{"href":"https:\/\/minghanggroup.com\/pt\/wp-json\/wp\/v2\/media?parent=3257"}],"wp:term":[{"taxonomy":"product_brand","embeddable":true,"href":"https:\/\/minghanggroup.com\/pt\/wp-json\/wp\/v2\/product_brand?post=3257"},{"taxonomy":"product_cat","embeddable":true,"href":"https:\/\/minghanggroup.com\/pt\/wp-json\/wp\/v2\/product_cat?post=3257"},{"taxonomy":"product_tag","embeddable":true,"href":"https:\/\/minghanggroup.com\/pt\/wp-json\/wp\/v2\/product_tag?post=3257"}],"curies":[{"name":"wp","href":"https:\/\/api.w.org\/{rel}","templated":true}]}}