{"id":3252,"date":"2025-11-17T15:02:18","date_gmt":"2025-11-17T07:02:18","guid":{"rendered":"https:\/\/minghanggroup.com\/?post_type=product&#038;p=3252"},"modified":"2026-01-20T13:59:46","modified_gmt":"2026-01-20T05:59:46","slug":"large-pickle-jar-wholesale-the-pickle-jar","status":"publish","type":"product","link":"https:\/\/minghanggroup.com\/pt\/produto\/large-pickle-jar-wholesale-the-pickle-jar\/","title":{"rendered":"Potes de conserva grandes, de 25 a 50 on\u00e7as (740 a 1,4 kg), para venda por atacado."},"content":{"rendered":"<p>Pare de lutar contra a bagun\u00e7a no armazenamento que estraga o frescor dos seus alimentos. Criamos potes de conserva grandes e de alta qualidade que transformam o processo de conservas em um procedimento elegante e eficiente, preservando o sabor. Mais do que simples recipientes, eles s\u00e3o a nova arma secreta da sua marca para embalagens de alimentos.<\/p>\n<h2>Caracter\u00edsticas do produto<\/h2>\n<ol>\n<li><strong>Design de boca larga:<\/strong>Nada mais f\u00e1cil do que colocar um pepino inteiro, um punhado de endro ou qualquer outro ingrediente em um pote \u2014 as aberturas estreitas dos potes n\u00e3o ser\u00e3o mais um problema e voc\u00ea poder\u00e1 facilmente encher um pote com alimentos em conserva. Totalmente compat\u00edvel com recipientes de vidro de boca larga.<\/li>\n<li><strong>Excelente veda\u00e7\u00e3o:<\/strong>A tampa met\u00e1lica com rosca cont\u00ednua \u00e9 o principal fator que permite a perfeita preserva\u00e7\u00e3o do frescor e do sabor dos alimentos em conserva e enlatados. Uma veda\u00e7\u00e3o excelente \u00e9 o que mant\u00e9m a salmoura em \u00f3timas condi\u00e7\u00f5es.<\/li>\n<li><strong>Op\u00e7\u00f5es de capacidade m\u00faltipla:<\/strong>Est\u00e3o dispon\u00edveis diferentes tamanhos (de 750 ml a 1500 ml) para atender \u00e0s suas diversas necessidades de conservas, seja para pequenas produ\u00e7\u00f5es ou para armazenamento em larga escala para um neg\u00f3cio de alimentos. Esses potes grandes para conservas s\u00e3o perfeitos para pedidos no atacado.<\/li>\n<\/ol>\n<h2>Especifica\u00e7\u00f5es principais<\/h2>\n<p>&nbsp;<\/p>\n<table style=\"border-collapse: collapse; width: 80%; margin-left: auto; margin-right: auto;\" border=\"0\" width=\"288\" cellspacing=\"0\" cellpadding=\"0\">\n<tbody>\n<tr style=\"height: 13.50pt;\">\n<td style=\"height: 13.5pt; width: 54pt; text-align: center;\" width=\"72\" height=\"18\">Capacidade (ml)<\/td>\n<td style=\"width: 54pt; text-align: center;\" width=\"72\">Tamanho (cm)<\/td>\n<td style=\"width: 54pt; text-align: center;\" width=\"72\">Forma<\/td>\n<\/tr>\n<tr style=\"height: 13.50pt;\">\n<td style=\"height: 13.5pt; text-align: center;\" align=\"right\" height=\"18\">750<\/td>\n<td style=\"text-align: center;\">9.3*15.1<\/td>\n<td class=\"et2\" style=\"text-align: center;\" rowspan=\"3\">Redondo<\/td>\n<\/tr>\n<tr style=\"height: 13.50pt;\">\n<td style=\"height: 13.5pt; text-align: center;\" align=\"right\" height=\"18\">950<\/td>\n<td style=\"text-align: center;\">9.1*18.8<\/td>\n<\/tr>\n<tr style=\"height: 13.50pt;\">\n<td style=\"height: 13.5pt; text-align: center;\" align=\"right\" height=\"18\">1500<\/td>\n<td style=\"text-align: center;\">10.5*20.4<\/td>\n<\/tr>\n<\/tbody>\n<\/table>\n<h2>Caso de sucesso<\/h2>\n<p>Nosso pote grande para picles foi escolhido por uma marca sul-coreana de alimentos em conserva para embalar seu novo produto. Eles fizeram uma vers\u00e3o personalizada com maior volume e vidro mais grosso, adicionaram um logotipo em relevo \u00e0 garrafa e, com a tampa de metal, aumentaram significativamente o reconhecimento da marca.<\/p>\n<p>Logo ap\u00f3s o lan\u00e7amento da nova embalagem, as vendas de seu principal produto aumentaram 32% em tr\u00eas meses.<\/p>\n<h2>Dicas de personaliza\u00e7\u00e3o para um frasco grande de especiarias<\/h2>\n<p>Este grande frasco para picles pode ser modificado de diversas maneiras para atender \u00e0s necessidades de uma marca. Diferentes tamanhos de tampa podem ser usados \u200b\u200bpara corresponder a v\u00e1rios produtos em conserva de tamanho familiar. Vidro mais grosso ou mais transparente pode ser usado para atrair visualmente os consumidores na prateleira. As tampas podem ser personalizadas em estilos de metal ou pl\u00e1stico \u00e0 prova de vazamentos e ferrugem. Al\u00e9m disso, \u00e9 adequado para colora\u00e7\u00e3o, galvanoplastia, pintura e impress\u00e3o de logotipos, o que torna a embalagem total n\u00e3o apenas mais dur\u00e1vel, mas tamb\u00e9m mais reconhec\u00edvel pela marca.<\/p>","protected":false},"excerpt":{"rendered":"<p>Solu\u00e7\u00f5es de potes de conserva de grande porte, direto da f\u00e1brica, para marcas de alimentos a granel. Personalize os potes com tampas, tamanhos e r\u00f3tulos para modernizar sua linha de produ\u00e7\u00e3o de conservas.<\/p>","protected":false},"featured_media":3253,"template":"","meta":{"postBodyCss":"","postBodyMargin":[],"postBodyPadding":[],"postBodyBackground":{"backgroundType":"classic","gradient":""}},"product_brand":[],"product_cat":[15,17,55],"product_tag":[65,71],"class_list":{"0":"post-3252","1":"product","2":"type-product","3":"status-publish","4":"has-post-thumbnail","6":"product_cat-glass-containers","7":"product_cat-glass-jars","8":"product_cat-pickle-jars","9":"product_tag-glass-jam-jars","10":"product_tag-honey-jars","12":"first","13":"instock","14":"shipping-taxable","15":"product-type-simple"},"jetpack_sharing_enabled":true,"_links":{"self":[{"href":"https:\/\/minghanggroup.com\/pt\/wp-json\/wp\/v2\/product\/3252","targetHints":{"allow":["GET"]}}],"collection":[{"href":"https:\/\/minghanggroup.com\/pt\/wp-json\/wp\/v2\/product"}],"about":[{"href":"https:\/\/minghanggroup.com\/pt\/wp-json\/wp\/v2\/types\/product"}],"wp:featuredmedia":[{"embeddable":true,"href":"https:\/\/minghanggroup.com\/pt\/wp-json\/wp\/v2\/media\/3253"}],"wp:attachment":[{"href":"https:\/\/minghanggroup.com\/pt\/wp-json\/wp\/v2\/media?parent=3252"}],"wp:term":[{"taxonomy":"product_brand","embeddable":true,"href":"https:\/\/minghanggroup.com\/pt\/wp-json\/wp\/v2\/product_brand?post=3252"},{"taxonomy":"product_cat","embeddable":true,"href":"https:\/\/minghanggroup.com\/pt\/wp-json\/wp\/v2\/product_cat?post=3252"},{"taxonomy":"product_tag","embeddable":true,"href":"https:\/\/minghanggroup.com\/pt\/wp-json\/wp\/v2\/product_tag?post=3252"}],"curies":[{"name":"wp","href":"https:\/\/api.w.org\/{rel}","templated":true}]}}