{"id":3226,"date":"2025-11-17T11:46:22","date_gmt":"2025-11-17T03:46:22","guid":{"rendered":"https:\/\/minghanggroup.com\/?post_type=product&#038;p=3226"},"modified":"2026-01-20T13:59:35","modified_gmt":"2026-01-20T05:59:35","slug":"pickle-jar-bulk-pickling-jars-factory","status":"publish","type":"product","link":"https:\/\/minghanggroup.com\/pt\/produto\/pickle-jar-bulk-pickling-jars-factory\/","title":{"rendered":"Frasco de vidro para conservas de 105 ml a 550 ml para embalagem a granel."},"content":{"rendered":"<p>Pare de lutar contra a bagun\u00e7a que estraga a est\u00e9tica da sua cozinha. Criamos potes de conserva premium que transformam seu espa\u00e7o de armazenamento em um ambiente elegante, mantendo seus alimentos em conserva frescos. Eles n\u00e3o s\u00e3o apenas recipientes \u2014 s\u00e3o a nova arma secreta da sua marca para organiza\u00e7\u00e3o de cozinha e embalagem de alimentos.<\/p>\n<h2>Caracter\u00edsticas do produto<\/h2>\n<ol>\n<li><strong>Selo perfeito:<\/strong>A tampa met\u00e1lica herm\u00e9tica preserva o sabor e o frescor dos seus potes de conserva, mantendo os vegetais em conserva frescos e vibrantes.<\/li>\n<li><strong>Capacidade vers\u00e1til:<\/strong>Os diferentes tamanhos (105ml-550ml) atendem a todas as suas necessidades de conservas, seja para pequenas quantidades ou para armazenamento em grande escala para o seu neg\u00f3cio de alimentos.<\/li>\n<li><strong>Constru\u00e7\u00e3o dur\u00e1vel:<\/strong>O vidro resistente suporta o uso di\u00e1rio em recipientes de armazenamento de cozinha, sendo, portanto, a op\u00e7\u00e3o ideal para conservar alimentos a longo prazo.<\/li>\n<\/ol>\n<h2>Especifica\u00e7\u00f5es principais<\/h2>\n<table style=\"border-collapse: collapse; width: 80%; margin-left: auto; margin-right: auto;\" border=\"0\" width=\"360\" cellspacing=\"0\" cellpadding=\"0\">\n<tbody>\n<tr style=\"height: 13.50pt;\">\n<td style=\"height: 13.5pt; width: 54pt; text-align: center;\" width=\"72\" height=\"18\">Capacidade (ml)<\/td>\n<td style=\"width: 54pt; text-align: center;\" width=\"72\">Tamanho (cm)<\/td>\n<td style=\"width: 54pt; text-align: center;\" width=\"72\">Di\u00e2metro interno\/externo (mm)<\/td>\n<td style=\"width: 54pt; text-align: center;\" width=\"72\">Forma<\/td>\n<\/tr>\n<tr style=\"height: 13.50pt;\">\n<td style=\"height: 13.5pt; text-align: center;\" align=\"right\" height=\"18\">105<\/td>\n<td style=\"text-align: center;\">5.5 * 6.5<\/td>\n<td style=\"text-align: center;\">42 * 51<\/td>\n<td class=\"et2\" style=\"text-align: center;\" rowspan=\"4\">Redondo<\/td>\n<\/tr>\n<tr style=\"height: 13.50pt;\">\n<td style=\"height: 13.5pt; text-align: center;\" align=\"right\" height=\"18\">230<\/td>\n<td style=\"text-align: center;\">6.7 * 9.0<\/td>\n<td style=\"text-align: center;\">52 * 62<\/td>\n<\/tr>\n<tr style=\"height: 13.50pt;\">\n<td style=\"height: 13.5pt; text-align: center;\" align=\"right\" height=\"18\">350<\/td>\n<td style=\"text-align: center;\">7.4 * 10.9<\/td>\n<td style=\"text-align: center;\">58 * 68<\/td>\n<\/tr>\n<tr style=\"height: 13.50pt;\">\n<td style=\"height: 13.5pt; text-align: center;\" align=\"right\" height=\"18\">550<\/td>\n<td style=\"text-align: center;\">8.6 * 12.6<\/td>\n<td style=\"text-align: center;\">69 * 80<\/td>\n<\/tr>\n<\/tbody>\n<\/table>\n<h2>Caso de sucesso<\/h2>\n<p>Ao modernizar suas embalagens, uma marca de condimentos do Leste Europeu decidiu usar nossos potes de vidro para seus picles. Modificamos diversas op\u00e7\u00f5es de volume e fornecemos uma tampa preta resistente \u00e0 ferrugem com melhor veda\u00e7\u00e3o, tornando a apresenta\u00e7\u00e3o dos produtos nas prateleiras mais uniforme e de maior qualidade visual.<\/p>\n<p>Ap\u00f3s o lan\u00e7amento da nova embalagem, as vendas de picles da marca aumentaram quase 30% em apenas tr\u00eas meses, e a empresa tamb\u00e9m entrou com sucesso em duas grandes redes de supermercados, o que levou a um grande aumento no reconhecimento da marca.<\/p>\n<h2>Dicas de personaliza\u00e7\u00e3o para pote de picles<\/h2>\n<p>Este pote para conservas pode ser personalizado de diversas maneiras para atender \u00e0s necessidades da marca, como diferentes capacidades e formatos para v\u00e1rios tipos de alimentos em conserva. Os potes podem ser fabricados com paredes mais grossas ou com relevo para real\u00e7ar a textura. Al\u00e9m disso, a cor, o m\u00e9todo e o sistema de veda\u00e7\u00e3o da tampa met\u00e1lica resistente \u00e0 ferrugem podem ser alterados de acordo com a escolha do cliente. Logotipos da marca, tamanhos de r\u00f3tulos e designs personalizados tamb\u00e9m podem ser adicionados ao pote ou \u00e0 tampa, tornando o produto mais atraente e com uma presen\u00e7a mais profissional nas prateleiras.<\/p>","protected":false},"excerpt":{"rendered":"<p>Potes para conservas direto da f\u00e1brica, ideais para enlatamento em grande escala, alimentos fermentados e embalagens personalizadas. Oferecemos impress\u00e3o de logotipos personalizados para pedidos OEM.<\/p>","protected":false},"featured_media":3227,"template":"","meta":{"postBodyCss":"","postBodyMargin":[],"postBodyPadding":[],"postBodyBackground":{"backgroundType":"classic","gradient":""}},"product_brand":[],"product_cat":[15,17,55],"product_tag":[65,71],"class_list":{"0":"post-3226","1":"product","2":"type-product","3":"status-publish","4":"has-post-thumbnail","6":"product_cat-glass-containers","7":"product_cat-glass-jars","8":"product_cat-pickle-jars","9":"product_tag-glass-jam-jars","10":"product_tag-honey-jars","12":"first","13":"instock","14":"shipping-taxable","15":"product-type-simple"},"jetpack_sharing_enabled":true,"_links":{"self":[{"href":"https:\/\/minghanggroup.com\/pt\/wp-json\/wp\/v2\/product\/3226","targetHints":{"allow":["GET"]}}],"collection":[{"href":"https:\/\/minghanggroup.com\/pt\/wp-json\/wp\/v2\/product"}],"about":[{"href":"https:\/\/minghanggroup.com\/pt\/wp-json\/wp\/v2\/types\/product"}],"wp:featuredmedia":[{"embeddable":true,"href":"https:\/\/minghanggroup.com\/pt\/wp-json\/wp\/v2\/media\/3227"}],"wp:attachment":[{"href":"https:\/\/minghanggroup.com\/pt\/wp-json\/wp\/v2\/media?parent=3226"}],"wp:term":[{"taxonomy":"product_brand","embeddable":true,"href":"https:\/\/minghanggroup.com\/pt\/wp-json\/wp\/v2\/product_brand?post=3226"},{"taxonomy":"product_cat","embeddable":true,"href":"https:\/\/minghanggroup.com\/pt\/wp-json\/wp\/v2\/product_cat?post=3226"},{"taxonomy":"product_tag","embeddable":true,"href":"https:\/\/minghanggroup.com\/pt\/wp-json\/wp\/v2\/product_tag?post=3226"}],"curies":[{"name":"wp","href":"https:\/\/api.w.org\/{rel}","templated":true}]}}