{"id":3041,"date":"2025-11-14T11:13:14","date_gmt":"2025-11-14T03:13:14","guid":{"rendered":"https:\/\/minghanggroup.com\/?post_type=product&#038;p=3041"},"modified":"2025-11-14T17:28:36","modified_gmt":"2025-11-14T09:28:36","slug":"custom-glass-spice-bottles-seasoning-bottle-bulk","status":"publish","type":"product","link":"https:\/\/minghanggroup.com\/pt\/produto\/custom-glass-spice-bottles-seasoning-bottle-bulk\/","title":{"rendered":"Frascos de vidro personalizados de 40ml para temperos."},"content":{"rendered":"<p>Pare de sofrer com a bagun\u00e7a no armazenamento de temperos que deixa sua cozinha desorganizada. Criamos potes de vidro elegantes para temperos que n\u00e3o s\u00f3 valorizam a decora\u00e7\u00e3o da sua cozinha, como tamb\u00e9m mant\u00eam seus temperos frescos. Eles s\u00e3o mais do que simples potes: s\u00e3o o novo diferencial da sua marca para cozinhas e embalagens de alimentos impec\u00e1veis \u200b\u200be estilosas.<\/p>\n<h2>Caracter\u00edsticas do produto<\/h2>\n<ol>\n<li><strong>Gargalo arredondado da garrafa:<\/strong>O gargalo arredondado e uniforme da garrafa garante uma boa veda\u00e7\u00e3o, evitando vazamentos.<\/li>\n<li><strong>Tampa para agitar com precis\u00e3o:<\/strong>Os orif\u00edcios est\u00e3o distribu\u00eddos uniformemente na tampa de metal, permitindo um controle perfeito da quantidade de especiarias como pimenta, sal, a\u00e7\u00facar e farinha.<\/li>\n<li><strong>Design ergon\u00f4mico:<\/strong>As linhas suaves e finas da garrafa, combinadas com um design elegantemente afunilado, proporcionam uma boa ader\u00eancia e, portanto, facilitam o uso na cozinha.<\/li>\n<\/ol>\n<h2>Especifica\u00e7\u00f5es principais<\/h2>\n<table style=\"border-collapse: collapse; width: 80%; margin-left: auto; margin-right: auto;\" border=\"0\" width=\"288\" cellspacing=\"0\" cellpadding=\"0\">\n<tbody>\n<tr style=\"height: 13.50pt;\">\n<td style=\"height: 13.5pt; width: 54pt; text-align: center;\" width=\"72\" height=\"18\">Capacidade<\/td>\n<td style=\"width: 54pt; text-align: center;\" width=\"72\">Tamanho<\/td>\n<td style=\"width: 54pt; text-align: center;\" width=\"72\">Op\u00e7\u00f5es de cores<\/td>\n<td style=\"width: 54pt; text-align: center;\" width=\"72\">Op\u00e7\u00f5es de tampa<\/td>\n<\/tr>\n<tr style=\"height: 13.50pt;\">\n<td style=\"height: 13.5pt; text-align: center;\" height=\"18\">40ml<\/td>\n<td style=\"text-align: center;\">4,5 * 10 cm<\/td>\n<td style=\"text-align: center;\">Claro, personalizado<\/td>\n<td style=\"text-align: center;\">Metal com furos uniformes<\/td>\n<\/tr>\n<\/tbody>\n<\/table>\n<h2>Caso de sucesso<\/h2>\n<p>Fomos contatados por uma startup europeia de condimentos que buscava uma embalagem que refletisse sua imagem minimalista e sofisticada. Como resultado, criamos este frasco de vidro personalizado para especiarias. Ajustamos o design para se adequar \u00e0s caracter\u00edsticas do produto, combinando um corpo de vidro com uma tampa de rosca de metal, espessa e resistente. A alta transpar\u00eancia do frasco tornou pimentas, gr\u00e3os de pimenta-do-reino e dentes de alho de cores vibrantes mais atraentes para os clientes.<\/p>\n<p>Afinal, esses elegantes frascos de vidro para especiarias foram fundamentais para o crescimento de vendas do cliente em mais de 30% nos primeiros tr\u00eas meses.<\/p>\n<h2>Dicas de personaliza\u00e7\u00e3o de frascos de vidro para especiarias<\/h2>\n<p>Este recipiente de vidro para condimentos oferece uma variedade de recursos ajust\u00e1veis \u200b\u200bpara atender \u00e0s necessidades espec\u00edficas de uma marca. Entre eles, est\u00e3o a sele\u00e7\u00e3o da espessura e da transpar\u00eancia do frasco para um melhor efeito visual, a personaliza\u00e7\u00e3o da cor, o processo de galvanoplastia ou revestimento por pulveriza\u00e7\u00e3o da tampa met\u00e1lica para combinar com o estilo da marca e a adi\u00e7\u00e3o de serigrafia, hot stamping ou r\u00f3tulos para refor\u00e7ar o reconhecimento da marca. H\u00e1 diversos designs de furos dispon\u00edveis para acomodar temperos de diferentes tamanhos de part\u00edculas. Al\u00e9m disso, voc\u00ea tamb\u00e9m pode personalizar o volume ou a embalagem da caixa de presente para criar uma vers\u00e3o exclusiva do frasco de temperos que se destacar\u00e1 no mercado.<\/p>","protected":false},"excerpt":{"rendered":"<p>Frascos de vidro para especiarias, projetados para uma dosagem higi\u00eanica. Uma op\u00e7\u00e3o elegante para armazenar temperos em grandes quantidades, personalizar com sua marca e otimizar o espa\u00e7o na cozinha.<\/p>","protected":false},"featured_media":3042,"template":"","meta":{"postBodyCss":"","postBodyMargin":[],"postBodyPadding":[],"postBodyBackground":{"backgroundType":"classic","gradient":""}},"product_brand":[],"product_cat":[15,17,53],"product_tag":[],"class_list":{"0":"post-3041","1":"product","2":"type-product","3":"status-publish","4":"has-post-thumbnail","6":"product_cat-glass-containers","7":"product_cat-glass-jars","8":"product_cat-spice-jars","10":"first","11":"instock","12":"shipping-taxable","13":"product-type-simple"},"jetpack_sharing_enabled":true,"_links":{"self":[{"href":"https:\/\/minghanggroup.com\/pt\/wp-json\/wp\/v2\/product\/3041","targetHints":{"allow":["GET"]}}],"collection":[{"href":"https:\/\/minghanggroup.com\/pt\/wp-json\/wp\/v2\/product"}],"about":[{"href":"https:\/\/minghanggroup.com\/pt\/wp-json\/wp\/v2\/types\/product"}],"wp:featuredmedia":[{"embeddable":true,"href":"https:\/\/minghanggroup.com\/pt\/wp-json\/wp\/v2\/media\/3042"}],"wp:attachment":[{"href":"https:\/\/minghanggroup.com\/pt\/wp-json\/wp\/v2\/media?parent=3041"}],"wp:term":[{"taxonomy":"product_brand","embeddable":true,"href":"https:\/\/minghanggroup.com\/pt\/wp-json\/wp\/v2\/product_brand?post=3041"},{"taxonomy":"product_cat","embeddable":true,"href":"https:\/\/minghanggroup.com\/pt\/wp-json\/wp\/v2\/product_cat?post=3041"},{"taxonomy":"product_tag","embeddable":true,"href":"https:\/\/minghanggroup.com\/pt\/wp-json\/wp\/v2\/product_tag?post=3041"}],"curies":[{"name":"wp","href":"https:\/\/api.w.org\/{rel}","templated":true}]}}