{"id":3031,"date":"2025-11-13T16:58:06","date_gmt":"2025-11-13T08:58:06","guid":{"rendered":"https:\/\/minghanggroup.com\/?post_type=product&#038;p=3031"},"modified":"2025-11-14T10:05:55","modified_gmt":"2025-11-14T02:05:55","slug":"custom-seasoning-container-dry-spice-grinder-bulk","status":"publish","type":"product","link":"https:\/\/minghanggroup.com\/pt\/produto\/custom-seasoning-container-dry-spice-grinder-bulk\/","title":{"rendered":"Recipiente personalizado para temperos de 200 ml com moedor para embalagem."},"content":{"rendered":"<p>Pare de lutar contra temperos mal armazenados que deixam sua cozinha com aspecto desorganizado. Fabricamos potes de tempero de alta qualidade que n\u00e3o s\u00f3 mant\u00eam seus temperos frescos, como tamb\u00e9m transformam sua cozinha em um ambiente moderno e elegante. Eles n\u00e3o s\u00e3o meros recipientes, mas sim a nova arma secreta da sua marca para organiza\u00e7\u00e3o da cozinha e embalagem de alimentos.<\/p>\n<h2>Caracter\u00edsticas do produto<\/h2>\n<ol>\n<li><strong>Controle preciso de moagem:<\/strong>O moedor rotativo de a\u00e7o inoxid\u00e1vel permite determinar com muita precis\u00e3o a granulometria da pimenta, do sal e das ervas.<\/li>\n<li><strong>Estrutura de veda\u00e7\u00e3o \u00e0 prova de umidade:<\/strong>A tampa de a\u00e7o inoxid\u00e1vel e o anel de veda\u00e7\u00e3o de silicone, quando combinados, impedem eficazmente a entrada de umidade, mantendo assim as especiarias frescas por mais tempo.<\/li>\n<li><strong>Design ergon\u00f4mico da garrafa:<\/strong>Gra\u00e7as \u00e0s curvas fluidas da garrafa e \u00e0 boa ader\u00eancia, o manuseio pode ser feito com muita facilidade com uma s\u00f3 m\u00e3o, elevando assim a experi\u00eancia do usu\u00e1rio.<\/li>\n<\/ol>\n<h2>Especifica\u00e7\u00f5es principais<\/h2>\n<table style=\"border-collapse: collapse; width: 80%; margin-left: AUTO; margin-right: AUTO;\" border=\"0\" width=\"360\" cellspacing=\"0\" cellpadding=\"0\">\n<tbody>\n<tr style=\"height: 13.50pt;\">\n<td style=\"height: 13.5pt; width: 54pt; text-align: center;\" width=\"72\" height=\"18\">Capacidade<\/td>\n<td style=\"width: 54pt; text-align: center;\" width=\"72\">Tamanho<\/td>\n<td style=\"width: 54pt; text-align: center;\" width=\"72\">Op\u00e7\u00f5es de cores<\/td>\n<td style=\"width: 54pt; text-align: center;\" width=\"72\">Acess\u00f3rio<\/td>\n<td style=\"width: 54pt; text-align: center;\" width=\"72\">Uso<\/td>\n<\/tr>\n<tr style=\"height: 13.50pt;\">\n<td style=\"height: 13.5pt; text-align: center;\" height=\"18\">200ml<\/td>\n<td style=\"text-align: center;\">6,6 x 18,9 cm<\/td>\n<td style=\"text-align: center;\">Claro, personalizado<\/td>\n<td style=\"text-align: center;\">Moedor de especiarias secas<\/td>\n<td style=\"text-align: center;\">Pimenta, sal grosso, cominho<\/td>\n<\/tr>\n<\/tbody>\n<\/table>\n<h2>Caso de sucesso<\/h2>\n<p>Fomos contatados por uma marca canadense de alimentos que desejava um conjunto personalizado de pote para temperos e moedor de especiarias secas de alta qualidade para sua nova linha de sal rosa do Himalaia e pimenta-do-reino. Para real\u00e7ar as cores naturais das especiarias, optamos por um pote de vidro transparente combinado com uma elegante tampa de a\u00e7o inoxid\u00e1vel escovado e um n\u00facleo de cer\u00e2mica resistente com precis\u00e3o de moagem ajust\u00e1vel para a parte funcional.<\/p>\n<p>O produto registrou um aumento de 40% nas vendas no varejo em tr\u00eas meses ap\u00f3s o seu lan\u00e7amento e se tornou um grande sucesso para a marca em kits de presente e lojas gourmet online.<\/p>\n<h2>Dicas de personaliza\u00e7\u00e3o<\/h2>\n<p>O recipiente para temperos secos com moedor est\u00e1 dispon\u00edvel em diversos tamanhos de frascos de vidro para atender a diferentes necessidades de embalagem de especiarias. Os frascos podem ser transparentes, foscos ou impressos para refletir a personalidade da marca. As tampas podem ser de a\u00e7o inoxid\u00e1vel, bambu ou pl\u00e1stico colorido, e a grava\u00e7\u00e3o personalizada do logotipo ou a serigrafia est\u00e3o dispon\u00edveis para facilitar o reconhecimento da marca. Al\u00e9m disso, existem moedores de cer\u00e2mica com moagem ajust\u00e1vel e um design com veda\u00e7\u00e3o \u00e0 prova de umidade para manter as especiarias frescas por mais tempo. O estilo pode ser o tradicional, simples e moderno, ou voc\u00ea pode criar conjuntos de presente personalizados para atender \u00e0s necessidades espec\u00edficas dos clientes, ideais para promo\u00e7\u00e3o da marca e pedidos em grande quantidade.<\/p>","protected":false},"excerpt":{"rendered":"<p>Recipiente para temperos direto da f\u00e1brica, com corpo de vidro resistente e tampa de a\u00e7o inoxid\u00e1vel. Moedor de especiarias secas ideal para pedidos em grande quantidade, personaliza\u00e7\u00e3o OEM e branding.<\/p>","protected":false},"featured_media":3032,"template":"","meta":{"postBodyCss":"","postBodyMargin":[],"postBodyPadding":[],"postBodyBackground":{"backgroundType":"classic","gradient":""}},"product_brand":[],"product_cat":[15,17,53],"product_tag":[],"class_list":{"0":"post-3031","1":"product","2":"type-product","3":"status-publish","4":"has-post-thumbnail","6":"product_cat-glass-containers","7":"product_cat-glass-jars","8":"product_cat-spice-jars","10":"first","11":"instock","12":"shipping-taxable","13":"product-type-simple"},"jetpack_sharing_enabled":true,"_links":{"self":[{"href":"https:\/\/minghanggroup.com\/pt\/wp-json\/wp\/v2\/product\/3031","targetHints":{"allow":["GET"]}}],"collection":[{"href":"https:\/\/minghanggroup.com\/pt\/wp-json\/wp\/v2\/product"}],"about":[{"href":"https:\/\/minghanggroup.com\/pt\/wp-json\/wp\/v2\/types\/product"}],"wp:featuredmedia":[{"embeddable":true,"href":"https:\/\/minghanggroup.com\/pt\/wp-json\/wp\/v2\/media\/3032"}],"wp:attachment":[{"href":"https:\/\/minghanggroup.com\/pt\/wp-json\/wp\/v2\/media?parent=3031"}],"wp:term":[{"taxonomy":"product_brand","embeddable":true,"href":"https:\/\/minghanggroup.com\/pt\/wp-json\/wp\/v2\/product_brand?post=3031"},{"taxonomy":"product_cat","embeddable":true,"href":"https:\/\/minghanggroup.com\/pt\/wp-json\/wp\/v2\/product_cat?post=3031"},{"taxonomy":"product_tag","embeddable":true,"href":"https:\/\/minghanggroup.com\/pt\/wp-json\/wp\/v2\/product_tag?post=3031"}],"curies":[{"name":"wp","href":"https:\/\/api.w.org\/{rel}","templated":true}]}}