{"id":3010,"date":"2025-11-13T16:12:11","date_gmt":"2025-11-13T08:12:11","guid":{"rendered":"https:\/\/minghanggroup.com\/?post_type=product&#038;p=3010"},"modified":"2025-11-14T10:06:03","modified_gmt":"2025-11-14T02:06:03","slug":"empty-jars-for-spices-bulk-seasoning-jar","status":"publish","type":"product","link":"https:\/\/minghanggroup.com\/pt\/produto\/empty-jars-for-spices-bulk-seasoning-jar\/","title":{"rendered":"Potes vazios de 170g para temperos com tampas moedoras."},"content":{"rendered":"<p>Pare de lutar contra a bagun\u00e7a no armazenamento de temperos que deixa sua cozinha um caos. Criamos potes vazios premium para temperos com um pequeno moedor integrado, que transformam sua cozinha em um espa\u00e7o elegante, mantendo seus temperos frescos. Mais do que simples recipientes, s\u00e3o a nova arma secreta da sua marca para organiza\u00e7\u00e3o de cozinha e embalagem de alimentos.<\/p>\n<h2>Caracter\u00edsticas do produto<\/h2>\n<p>Controle de moagem preciso<\/p>\n<p>O sistema de moagem de ponta fina oferece controle preciso sobre a granulometria da pimenta, do sal ou das ervas.<\/p>\n<p>Identifica\u00e7\u00e3o de cores<\/p>\n<p>As tampas com c\u00f3digo de cores (vermelha, verde e preta) facilitam a identifica\u00e7\u00e3o dos diferentes temperos nos frascos transparentes.<\/p>\n<p>Est\u00e9tica da Cozinha Moderna<\/p>\n<p>O design elegante e minimalista ilumina o visual dos seus recipientes de armazenamento na cozinha e torna sua mesa de jantar mais sofisticada com sua presen\u00e7a.<\/p>\n<h2>Especifica\u00e7\u00f5es principais<\/h2>\n<table style=\"border-collapse: collapse; width: 80%; margin-left: AUTO; margin-right: AUTO;\" border=\"0\" width=\"288\" cellspacing=\"0\" cellpadding=\"0\">\n<tbody>\n<tr style=\"height: 13.50pt;\">\n<td style=\"height: 13.5pt; width: 54pt; text-align: center;\" width=\"72\" height=\"18\">Capacidade<\/td>\n<td style=\"width: 54pt; text-align: center;\" width=\"72\">Tamanho<\/td>\n<td style=\"width: 54pt; text-align: center;\" width=\"72\">Op\u00e7\u00f5es de cores<\/td>\n<td style=\"width: 54pt; text-align: center;\" width=\"72\">Acess\u00f3rios<\/td>\n<\/tr>\n<tr style=\"height: 13.50pt;\">\n<td style=\"height: 13.5pt; text-align: center;\" height=\"18\">180ml\/6oz<\/td>\n<td style=\"text-align: center;\">6,4 x 13 cm<\/td>\n<td style=\"text-align: center;\">Claro, personalizado<\/td>\n<td style=\"text-align: center;\">Pequeno moedor de especiarias<\/td>\n<\/tr>\n<\/tbody>\n<\/table>\n<h2>Caso de sucesso<\/h2>\n<p>Fomos contratados por uma marca europeia de alimentos para personalizar potes de especiarias com moedor embutido. Para combinar com sua linha de temperos, eles optaram por cores vibrantes para as tampas retort\u00e1veis \u200b\u200b\u2013 amarelo para a\u00e7afr\u00e3o, vermelho para p\u00e1prica e verde para ervas \u2013 conferindo um toque de luxo. Para atender \u00e0s suas necessidades de exposi\u00e7\u00e3o no ponto de venda, oferecemos vendas diretas da f\u00e1brica no atacado, logotipos gravados a laser e embalagens sob medida.<\/p>\n<p>A nova linha de potes de temperos viralizou muito rapidamente, o que \u00e9 o principal motivo para o aumento da visibilidade nas prateleiras e o crescimento de 40% nas vendas no primeiro trimestre ap\u00f3s o lan\u00e7amento.<\/p>\n<h2>Dicas de personaliza\u00e7\u00e3o<\/h2>\n<p>Em um conjunto de potes vazios para especiarias com um pequeno moedor de especiarias, voc\u00ea tem a op\u00e7\u00e3o de selecionar um dos v\u00e1rios mecanismos de moagem, como cer\u00e2mica ou a\u00e7o inoxid\u00e1vel, de acordo com o tipo de especiaria e o grau de moagem desejado. Se desejar fazer um pedido grande, oferecemos a op\u00e7\u00e3o de embalar seu pedido a granel, imprimir sua marca pr\u00f3pria e criar conjuntos de caixas personalizadas que n\u00e3o apenas embelezam sua marca, mas tamb\u00e9m facilitam o processo de distribui\u00e7\u00e3o para uso no varejo e promocional.<\/p>","protected":false},"excerpt":{"rendered":"<p>Potes vazios para especiarias no atacado, com moedor de especiarias pequeno, fornecimento direto da f\u00e1brica para pedidos em grande quantidade, logotipo e embalagem personalizados dispon\u00edveis para marcas de potes de tempero.<\/p>","protected":false},"featured_media":3019,"template":"","meta":{"postBodyCss":"","postBodyMargin":[],"postBodyPadding":[],"postBodyBackground":{"backgroundType":"classic","gradient":""}},"product_brand":[],"product_cat":[15,17,53],"product_tag":[],"class_list":{"0":"post-3010","1":"product","2":"type-product","3":"status-publish","4":"has-post-thumbnail","6":"product_cat-glass-containers","7":"product_cat-glass-jars","8":"product_cat-spice-jars","10":"first","11":"instock","12":"shipping-taxable","13":"product-type-simple"},"jetpack_sharing_enabled":true,"_links":{"self":[{"href":"https:\/\/minghanggroup.com\/pt\/wp-json\/wp\/v2\/product\/3010","targetHints":{"allow":["GET"]}}],"collection":[{"href":"https:\/\/minghanggroup.com\/pt\/wp-json\/wp\/v2\/product"}],"about":[{"href":"https:\/\/minghanggroup.com\/pt\/wp-json\/wp\/v2\/types\/product"}],"wp:featuredmedia":[{"embeddable":true,"href":"https:\/\/minghanggroup.com\/pt\/wp-json\/wp\/v2\/media\/3019"}],"wp:attachment":[{"href":"https:\/\/minghanggroup.com\/pt\/wp-json\/wp\/v2\/media?parent=3010"}],"wp:term":[{"taxonomy":"product_brand","embeddable":true,"href":"https:\/\/minghanggroup.com\/pt\/wp-json\/wp\/v2\/product_brand?post=3010"},{"taxonomy":"product_cat","embeddable":true,"href":"https:\/\/minghanggroup.com\/pt\/wp-json\/wp\/v2\/product_cat?post=3010"},{"taxonomy":"product_tag","embeddable":true,"href":"https:\/\/minghanggroup.com\/pt\/wp-json\/wp\/v2\/product_tag?post=3010"}],"curies":[{"name":"wp","href":"https:\/\/api.w.org\/{rel}","templated":true}]}}