{"id":2991,"date":"2025-11-13T15:02:56","date_gmt":"2025-11-13T07:02:56","guid":{"rendered":"https:\/\/minghanggroup.com\/?post_type=product&#038;p=2991"},"modified":"2025-11-14T10:06:14","modified_gmt":"2025-11-14T02:06:14","slug":"herb-jars-bulk-empty-spice-bottles","status":"publish","type":"product","link":"https:\/\/minghanggroup.com\/pt\/produto\/herb-jars-bulk-empty-spice-bottles\/","title":{"rendered":"Potes quadrados de 118 ml (4 oz) para ervas, com tampas de a\u00e7o inoxid\u00e1vel para embalagem."},"content":{"rendered":"<p>Pare de sofrer com a bagun\u00e7a no armazenamento de temperos que deixa sua cozinha um caos. Criamos potes de ervas premium que transformam sua cozinha em um espa\u00e7o elegante, mantendo seus temperos frescos. Eles n\u00e3o s\u00e3o apenas recipientes \u2014 s\u00e3o a nova arma secreta da sua marca para organiza\u00e7\u00e3o de cozinha e embalagem de alimentos.<\/p>\n<h2>Produtc Features<\/h2>\n<ol>\n<li><strong>Cristalino:<\/strong>O recipiente transparente perfeito ajuda voc\u00ea a localizar os temperos instantaneamente, sem precisar adivinhar quando ser\u00e1 necess\u00e1rio reabastec\u00ea-lo.<\/li>\n<li><strong>Tampa de agita\u00e7\u00e3o precisa:<\/strong>A tampa de a\u00e7o inoxid\u00e1vel com furos uniformemente espa\u00e7ados permite um controle perfeito da quantidade de especiarias como pimenta, sal, a\u00e7\u00facar ou farinha.<\/li>\n<li><strong>Garrafa quadrada resistente:<\/strong>Ao permitir que voc\u00ea armazene mais em menos espa\u00e7o, ele n\u00e3o s\u00f3 mant\u00e9m as coisas bem organizadas, como tamb\u00e9m evita o inc\u00f4modo de objetos rolando e, portanto, \u00e9 \u00f3timo para cozinhas ou salas de jantar.<\/li>\n<\/ol>\n<h2>Especifica\u00e7\u00f5es principais<\/h2>\n<table style=\"border-collapse: collapse; width: 80%; margin-left: auto; margin-right: auto;\" border=\"0\" width=\"360\" cellspacing=\"0\" cellpadding=\"0\">\n<tbody>\n<tr style=\"height: 13.50pt;\">\n<td style=\"height: 13.5pt; width: 54pt; text-align: center;\" width=\"72\" height=\"18\">Capacidade<\/td>\n<td style=\"width: 54pt; text-align: center;\" width=\"72\">Tamanho<\/td>\n<td style=\"width: 54pt; text-align: center;\" width=\"72\">Forma<\/td>\n<td style=\"width: 54pt; text-align: center;\" width=\"72\">Op\u00e7\u00f5es de cores<\/td>\n<td style=\"width: 54pt; text-align: center;\" width=\"72\">Uso<\/td>\n<\/tr>\n<tr style=\"height: 13.50pt;\">\n<td style=\"height: 13.5pt; text-align: center;\" height=\"18\">120ml (4oz)<\/td>\n<td style=\"text-align: center;\">4*9cm<\/td>\n<td style=\"text-align: center;\">Quadrado<\/td>\n<td style=\"text-align: center;\">Claro, personalizado<\/td>\n<td style=\"text-align: center;\">Embale a pimenta, a malagueta, o caldo de galinha, o sal, etc.<\/td>\n<\/tr>\n<\/tbody>\n<\/table>\n<h2>Caso de sucesso<\/h2>\n<p>Uma marca de especiarias org\u00e2nicas do Reino Unido entrou em contato conosco para personalizar estes frascos quadrados de vidro para ervas. Os frascos vazios e transparentes exibem as cores naturais das especiarias, e as tampas met\u00e1licas contribuem para a eleg\u00e2ncia do conjunto. O cliente optou por tampas prateadas personalizadas e um r\u00f3tulo com a marca para refor\u00e7ar a tend\u00eancia de cozinhas elegantes e higi\u00eanicas.<\/p>\n<p>Apenas tr\u00eas meses ap\u00f3s o lan\u00e7amento, as vendas online desta linha de produtos aumentaram 42%.<\/p>\n<h2>Dicas de personaliza\u00e7\u00e3o<\/h2>\n<p>Transforme sua cole\u00e7\u00e3o de utens\u00edlios de cozinha com potes de ervas personalizados que, al\u00e9m de bonitos, combinam com o estilo da sua marca. Voc\u00ea pode escolher vidro transparente ou fosco para real\u00e7ar as cores naturais das ervas e combin\u00e1-los com uma tampa herm\u00e9tica de bambu, a\u00e7o inoxid\u00e1vel ou preto fosco para um visual elegante. Imprima seu logotipo por serigrafia ou grava\u00e7\u00e3o a laser e crie r\u00f3tulos exclusivos que reflitam a personalidade da sua marca, seja ela org\u00e2nica, moderna ou luxuosa. Dispon\u00edveis em diferentes tamanhos para ervas secas, especiarias ou folhas de ch\u00e1. Al\u00e9m disso, esses potes de especiarias vazios podem ser usados \u200b\u200bcomo elegantes kits de presente ou como recipientes perfeitos para restaurantes. Fa\u00e7a com que sua linha de temperos seja a mais comentada atrav\u00e9s da personaliza\u00e7\u00e3o que n\u00e3o s\u00f3 atrai, como tamb\u00e9m garante que cada frasco seja um s\u00edmbolo de frescor e qualidade.<\/p>","protected":false},"excerpt":{"rendered":"<p>Frascos de vidro para ervas e garrafas de especiarias vazias, diretamente da f\u00e1brica, dispon\u00edveis para pedidos em grande quantidade e com personaliza\u00e7\u00e3o da marca. Ideal para compradores que buscam embalagens dur\u00e1veis \u200b\u200be modernas.<\/p>","protected":false},"featured_media":3006,"template":"","meta":{"postBodyCss":"","postBodyMargin":[],"postBodyPadding":[],"postBodyBackground":{"backgroundType":"classic","gradient":""}},"product_brand":[],"product_cat":[15,17,53],"product_tag":[],"class_list":{"0":"post-2991","1":"product","2":"type-product","3":"status-publish","4":"has-post-thumbnail","6":"product_cat-glass-containers","7":"product_cat-glass-jars","8":"product_cat-spice-jars","10":"first","11":"instock","12":"shipping-taxable","13":"product-type-simple"},"jetpack_sharing_enabled":true,"_links":{"self":[{"href":"https:\/\/minghanggroup.com\/pt\/wp-json\/wp\/v2\/product\/2991","targetHints":{"allow":["GET"]}}],"collection":[{"href":"https:\/\/minghanggroup.com\/pt\/wp-json\/wp\/v2\/product"}],"about":[{"href":"https:\/\/minghanggroup.com\/pt\/wp-json\/wp\/v2\/types\/product"}],"wp:featuredmedia":[{"embeddable":true,"href":"https:\/\/minghanggroup.com\/pt\/wp-json\/wp\/v2\/media\/3006"}],"wp:attachment":[{"href":"https:\/\/minghanggroup.com\/pt\/wp-json\/wp\/v2\/media?parent=2991"}],"wp:term":[{"taxonomy":"product_brand","embeddable":true,"href":"https:\/\/minghanggroup.com\/pt\/wp-json\/wp\/v2\/product_brand?post=2991"},{"taxonomy":"product_cat","embeddable":true,"href":"https:\/\/minghanggroup.com\/pt\/wp-json\/wp\/v2\/product_cat?post=2991"},{"taxonomy":"product_tag","embeddable":true,"href":"https:\/\/minghanggroup.com\/pt\/wp-json\/wp\/v2\/product_tag?post=2991"}],"curies":[{"name":"wp","href":"https:\/\/api.w.org\/{rel}","templated":true}]}}