{"id":2896,"date":"2025-11-12T17:01:34","date_gmt":"2025-11-12T09:01:34","guid":{"rendered":"https:\/\/minghanggroup.com\/?post_type=product&#038;p=2896"},"modified":"2025-11-14T10:06:20","modified_gmt":"2025-11-14T02:06:20","slug":"mini-spice-jars-with-metal-shaker-bulk-glass-containers","status":"publish","type":"product","link":"https:\/\/minghanggroup.com\/pt\/produto\/mini-spice-jars-with-metal-shaker-bulk-glass-containers\/","title":{"rendered":"Potes de especiarias pequenos de 10ml e 15ml com agitador de metal (a granel)"},"content":{"rendered":"<p>Pare de sofrer com a bagun\u00e7a no armazenamento de temperos que deixa sua cozinha um caos. Criamos mini potes de tempero premium que transformam sua cozinha em um espa\u00e7o elegante, mantendo seus temperos frescos. Eles n\u00e3o s\u00e3o apenas recipientes \u2014 s\u00e3o a nova arma secreta da sua marca para organiza\u00e7\u00e3o de cozinha e embalagem de alimentos.<\/p>\n<h2>Caracter\u00edsticas do produto<\/h2>\n<ol>\n<li><strong>Op\u00e7\u00f5es de formato duplo:<\/strong>Escolha entre recipientes de vidro redondo ou quadrado para o seu conjunto de temperos, de forma a combinar perfeitamente com a est\u00e9tica da sua marca.<\/li>\n<li><strong>Dosagem de precis\u00e3o:<\/strong>O bico dosador, de f\u00e1cil utiliza\u00e7\u00e3o, permite controlar perfeitamente o fluxo de especiarias como pimenta, sal, a\u00e7\u00facar e farinha.<\/li>\n<li><strong>Constru\u00e7\u00e3o dur\u00e1vel:<\/strong>O vidro grosso com tampa de a\u00e7o inoxid\u00e1vel mant\u00e9m os temperos frescos e evita vazamentos em seus potes de vidro para especiarias.<\/li>\n<\/ol>\n<h2>Especifica\u00e7\u00f5es principais<\/h2>\n<table style=\"border-collapse: collapse; width: 80%; margin-left: auto; margin-right: auto;\" border=\"0\" width=\"360\" cellspacing=\"0\" cellpadding=\"0\">\n<tbody>\n<tr style=\"height: 13.50pt;\">\n<td style=\"height: 13.5pt; width: 54pt; text-align: center;\" width=\"72\" height=\"18\">Capacidade (ml)<\/td>\n<td style=\"width: 54pt; text-align: center;\" width=\"72\">Tamanho (cm)<\/td>\n<td style=\"width: 54pt; text-align: center;\" width=\"72\">Forma<\/td>\n<td style=\"width: 54pt; text-align: center;\" width=\"72\">Op\u00e7\u00f5es de cores<\/td>\n<td style=\"width: 54pt; text-align: center;\" width=\"72\">Uso<\/td>\n<\/tr>\n<tr style=\"height: 13.50pt;\">\n<td style=\"height: 13.5pt; text-align: center;\" align=\"right\" height=\"18\">10<\/td>\n<td style=\"text-align: center;\">2.9 * 4.1<\/td>\n<td class=\"et2\" style=\"text-align: center;\" rowspan=\"2\">Redondo, quadrado<\/td>\n<td class=\"et2\" style=\"text-align: center;\" rowspan=\"2\">Claro, personalizado<\/td>\n<td class=\"et2\" style=\"text-align: center;\" rowspan=\"2\">Embale a pimenta, a malagueta, o sal, etc.<\/td>\n<\/tr>\n<tr style=\"height: 13.50pt;\">\n<td style=\"height: 13.5pt; text-align: center;\" align=\"right\" height=\"18\">15<\/td>\n<td style=\"text-align: center;\">3.1 * 4.6<\/td>\n<\/tr>\n<\/tbody>\n<\/table>\n<h2>Caso de sucesso<\/h2>\n<p>Uma f\u00e1brica de especiarias do Canad\u00e1 entrou em contato conosco para encomendar um conjunto personalizado de mini potes de especiarias. Os potes t\u00eam um corpo de vidro transparente de \u00f3tima apar\u00eancia e uma tampa de a\u00e7o inoxid\u00e1vel elegante e dur\u00e1vel, sendo, portanto, pr\u00e1ticos e est\u00e9ticos. Seu tamanho compacto os torna perfeitos para mesas de restaurantes e caf\u00e9s e, ao mesmo tempo, o vidro transparente permite que os clientes identifiquem rapidamente os diferentes temperos.<\/p>\n<p>Ap\u00f3s o lan\u00e7amento do novo conjunto de potes de especiarias, os clientes de catering t\u00eam feito encomendas em grande quantidade, que registaram um aumento de 25%.<\/p>\n<h2>Dicas de personaliza\u00e7\u00e3o<\/h2>\n<p>Esses pequenos potes de especiarias podem ser personalizados de forma bastante flex\u00edvel para se adequarem a diferentes cen\u00e1rios de uso e posicionamento de marca. Por exemplo, os compradores podem escolher entre potes quadrados ou redondos para que se adaptem a diferentes estilos de exposi\u00e7\u00e3o, e o material da tampa pode ser escolhido entre a\u00e7o inoxid\u00e1vel, liga de alum\u00ednio ou pl\u00e1stico, proporcionando uma grande variedade de acabamentos, como brilhante, fosco ou pintado. Al\u00e9m disso, logotipos da marca ou marca\u00e7\u00f5es graduadas podem ser impressos nos potes para torn\u00e1-los mais reconhec\u00edveis e atender melhor os usu\u00e1rios. Ademais, para clientes exigentes, podem ser oferecidas embalagens para presente ou conjuntos com bandejas de bambu, conferindo um toque de eleg\u00e2ncia ao conjunto de potes de especiarias.<\/p>","protected":false},"excerpt":{"rendered":"<p>Descubra nossos mini potes de especiarias \u2014 um conjunto de recipientes de vidro personaliz\u00e1veis \u200b\u200bpara especiarias, dispon\u00edvel para pedidos em grande quantidade. O fornecimento direto da f\u00e1brica garante qualidade, entrega r\u00e1pida e op\u00e7\u00f5es de personaliza\u00e7\u00e3o com a sua marca.<\/p>","protected":false},"featured_media":2897,"template":"","meta":{"postBodyCss":"","postBodyMargin":[],"postBodyPadding":[],"postBodyBackground":{"backgroundType":"classic","gradient":""}},"product_brand":[],"product_cat":[15,17,53],"product_tag":[],"class_list":{"0":"post-2896","1":"product","2":"type-product","3":"status-publish","4":"has-post-thumbnail","6":"product_cat-glass-containers","7":"product_cat-glass-jars","8":"product_cat-spice-jars","10":"first","11":"instock","12":"shipping-taxable","13":"product-type-simple"},"jetpack_sharing_enabled":true,"_links":{"self":[{"href":"https:\/\/minghanggroup.com\/pt\/wp-json\/wp\/v2\/product\/2896","targetHints":{"allow":["GET"]}}],"collection":[{"href":"https:\/\/minghanggroup.com\/pt\/wp-json\/wp\/v2\/product"}],"about":[{"href":"https:\/\/minghanggroup.com\/pt\/wp-json\/wp\/v2\/types\/product"}],"wp:featuredmedia":[{"embeddable":true,"href":"https:\/\/minghanggroup.com\/pt\/wp-json\/wp\/v2\/media\/2897"}],"wp:attachment":[{"href":"https:\/\/minghanggroup.com\/pt\/wp-json\/wp\/v2\/media?parent=2896"}],"wp:term":[{"taxonomy":"product_brand","embeddable":true,"href":"https:\/\/minghanggroup.com\/pt\/wp-json\/wp\/v2\/product_brand?post=2896"},{"taxonomy":"product_cat","embeddable":true,"href":"https:\/\/minghanggroup.com\/pt\/wp-json\/wp\/v2\/product_cat?post=2896"},{"taxonomy":"product_tag","embeddable":true,"href":"https:\/\/minghanggroup.com\/pt\/wp-json\/wp\/v2\/product_tag?post=2896"}],"curies":[{"name":"wp","href":"https:\/\/api.w.org\/{rel}","templated":true}]}}