{"id":2876,"date":"2025-11-12T15:24:00","date_gmt":"2025-11-12T07:24:00","guid":{"rendered":"https:\/\/minghanggroup.com\/?post_type=product&#038;p=2876"},"modified":"2025-11-14T10:06:26","modified_gmt":"2025-11-14T02:06:26","slug":"cute-spice-jars-season-storage-containers-wholesale","status":"publish","type":"product","link":"https:\/\/minghanggroup.com\/pt\/produto\/cute-spice-jars-season-storage-containers-wholesale\/","title":{"rendered":"Potes de tempero fofos de 250ml com tampas de bambu - Atacado"},"content":{"rendered":"<p>N\u00e3o continue sofrendo com potes de temperos sem gra\u00e7a que deixam sua cozinha com um aspecto mon\u00f3tono. Produzimos potes de tempero ador\u00e1veis \u200b\u200be de alta qualidade que n\u00e3o s\u00f3 ajudam voc\u00ea a armazenar seus temperos de forma organizada, como tamb\u00e9m transformam sua cozinha em um ambiente moderno. Eles n\u00e3o s\u00e3o apenas recipientes \u2014 s\u00e3o a nova arma secreta da sua marca para organiza\u00e7\u00e3o de cozinha e embalagem de alimentos.<\/p>\n<h2>Caracter\u00edsticas do produto<\/h2>\n<ol>\n<li><strong>Design de Ondas Texturizadas:<\/strong>O padr\u00e3o ondulado irregular em nossos charmosos potes de tempero para armazenamento na cozinha atrai o olhar do cliente e torna os recipientes para temperos confort\u00e1veis \u200b\u200bde segurar.<\/li>\n<li><strong>Tampa de bambu natural:<\/strong>As tampas de bambu, juntamente com os an\u00e9is de veda\u00e7\u00e3o, mant\u00eam seus temperos frescos e, caso seus recipientes de armazenamento de temperos fiquem molhados, evitam que a umidade os danifique.<\/li>\n<li><strong>Op\u00e7\u00f5es de cores personalizadas:<\/strong>Ao escolher a cor transparente ou qualquer cor personalizada, voc\u00ea pode combinar com a sua marca e ter potes de tempero charmosos que combinam perfeitamente com a sua identidade visual.<\/li>\n<\/ol>\n<h2>Especifica\u00e7\u00f5es principais<\/h2>\n<table style=\"border-collapse: collapse; width: 80%; margin-left: AUTO; margin-right: AUTO;\" border=\"0\" width=\"360\" cellspacing=\"0\" cellpadding=\"0\">\n<tbody>\n<tr style=\"height: 13.50pt;\">\n<td style=\"height: 13.5pt; width: 54pt; text-align: center;\" width=\"72\" height=\"18\">Capacidade<\/td>\n<td style=\"width: 54pt; text-align: center;\" width=\"72\">Materiais<\/td>\n<td style=\"width: 54pt; text-align: center;\" width=\"72\">Op\u00e7\u00f5es de cores<\/td>\n<td style=\"width: 54pt; text-align: center;\" width=\"72\">Tampas<\/td>\n<td style=\"width: 54pt; text-align: center;\" width=\"72\">Tratamento de superf\u00edcie<\/td>\n<\/tr>\n<tr style=\"height: 13.50pt;\">\n<td style=\"height: 13.5pt; text-align: center;\" height=\"18\">250ml<\/td>\n<td style=\"text-align: center;\">Vidro branco de alta qualidade, vidro resistente ao calor.<\/td>\n<td style=\"text-align: center;\">Limpar, aceitar personaliza\u00e7\u00e3o<\/td>\n<td style=\"text-align: center;\">Tampa de bambu \/ Tampa de vidro \/ Tampa de corti\u00e7a \/ Tampa de pl\u00e1stico PE<\/td>\n<td style=\"text-align: center;\">Serigrafia\/Fosco\/Decalque\/Pintura em spray\/Etiqueta, etc.<\/td>\n<\/tr>\n<\/tbody>\n<\/table>\n<h2>Caso de sucesso<\/h2>\n<p>Nossa equipe teve a oportunidade de colaborar com um restaurante no Canad\u00e1 para criar uma linha exclusiva de charmosos potes de temperos com tampas de bambu personalizadas. Os temperos s\u00e3o armazenados em vidro ultratransparente pr\u00f3prio para alimentos, e cada recipiente vem com uma tampa de bambu ecol\u00f3gico e uma colher do mesmo material. A grava\u00e7\u00e3o a laser do logotipo da marca nas tampas \u00e9 uma forma discreta de promover a identidade visual da marca.<\/p>\n<p>Muitos clientes, que substitu\u00edram seus recipientes de armazenamento de temperos por esses produtos, escreveram em seus coment\u00e1rios que o design exclusivo dos potes combina muito bem com o estilo do restaurante, e a abertura larga facilitou a retirada dos temperos.<\/p>\n<h2>Dicas de personaliza\u00e7\u00e3o<\/h2>\n<p>Que tal um lindo pote de temperos personalizado para promover sua marca? Seu logotipo ou imagem podem ser gravados a laser na tampa de bambu, criando uma combina\u00e7\u00e3o perfeita entre a natureza e sua marca. Ou voc\u00ea pode simplesmente escolher um material diferente para a tampa, como madeira, bambu colorido ou metal, que reflita a cor da sua marca e adicione um toque de estilo vers\u00e1til. A parte de vidro do recipiente tamb\u00e9m pode ser personalizada com op\u00e7\u00f5es transparentes ou foscas, e diferentes capacidades para armazenar temperos. Acompanhado de uma base de madeira ou um conjunto de colheres de bambu, o conjunto fica ainda mais elegante, sendo uma \u00f3tima solu\u00e7\u00e3o para organiza\u00e7\u00e3o da cozinha e para presentear.<\/p>","protected":false},"excerpt":{"rendered":"<p>Descubra nossos charmosos potes de tempero com tampas de bambu \u2014 recipientes para armazenar temperos direto da f\u00e1brica, personaliz\u00e1veis \u200b\u200bpara pedidos em grande quantidade, com entrega r\u00e1pida e op\u00e7\u00f5es de OEM.<\/p>","protected":false},"featured_media":2877,"template":"","meta":{"postBodyCss":"","postBodyMargin":[],"postBodyPadding":[],"postBodyBackground":{"backgroundType":"classic","gradient":""}},"product_brand":[],"product_cat":[15,17,53],"product_tag":[],"class_list":{"0":"post-2876","1":"product","2":"type-product","3":"status-publish","4":"has-post-thumbnail","6":"product_cat-glass-containers","7":"product_cat-glass-jars","8":"product_cat-spice-jars","10":"first","11":"instock","12":"shipping-taxable","13":"product-type-simple"},"jetpack_sharing_enabled":true,"_links":{"self":[{"href":"https:\/\/minghanggroup.com\/pt\/wp-json\/wp\/v2\/product\/2876","targetHints":{"allow":["GET"]}}],"collection":[{"href":"https:\/\/minghanggroup.com\/pt\/wp-json\/wp\/v2\/product"}],"about":[{"href":"https:\/\/minghanggroup.com\/pt\/wp-json\/wp\/v2\/types\/product"}],"wp:featuredmedia":[{"embeddable":true,"href":"https:\/\/minghanggroup.com\/pt\/wp-json\/wp\/v2\/media\/2877"}],"wp:attachment":[{"href":"https:\/\/minghanggroup.com\/pt\/wp-json\/wp\/v2\/media?parent=2876"}],"wp:term":[{"taxonomy":"product_brand","embeddable":true,"href":"https:\/\/minghanggroup.com\/pt\/wp-json\/wp\/v2\/product_brand?post=2876"},{"taxonomy":"product_cat","embeddable":true,"href":"https:\/\/minghanggroup.com\/pt\/wp-json\/wp\/v2\/product_cat?post=2876"},{"taxonomy":"product_tag","embeddable":true,"href":"https:\/\/minghanggroup.com\/pt\/wp-json\/wp\/v2\/product_tag?post=2876"}],"curies":[{"name":"wp","href":"https:\/\/api.w.org\/{rel}","templated":true}]}}