{"id":2836,"date":"2025-11-12T14:04:17","date_gmt":"2025-11-12T06:04:17","guid":{"rendered":"https:\/\/minghanggroup.com\/?post_type=product&#038;p=2836"},"modified":"2025-11-14T10:06:33","modified_gmt":"2025-11-14T02:06:33","slug":"spice-shaker-jars-wholesaler-glass-jars-factory","status":"publish","type":"product","link":"https:\/\/minghanggroup.com\/pt\/produto\/spice-shaker-jars-wholesaler-glass-jars-factory\/","title":{"rendered":"Potes de 85ml para temperos com tampas para armazenamento."},"content":{"rendered":"<p>N\u00e3o deixe que um pote de temperos bagun\u00e7ado continue sendo motivo de transtorno e deixando sua cozinha com apar\u00eancia desorganizada. Fabricamos potes para temperos de alta qualidade que n\u00e3o s\u00f3 deixam sua cozinha com um visual moderno, como tamb\u00e9m mant\u00eam seus temperos frescos. Mais do que simples recipientes, eles s\u00e3o a nova arma secreta da sua marca para organiza\u00e7\u00e3o da cozinha e embalagem de alimentos.<\/p>\n<h2>Caracter\u00edsticas do produto<\/h2>\n<p><strong>Empunhadura ergon\u00f4mica:<\/strong>O design curvo e suave da pega do seu frasco de ervas torna-o confort\u00e1vel e f\u00e1cil de manusear em qualquer utiliza\u00e7\u00e3o na cozinha.<\/p>\n<p><strong>Personaliza\u00e7\u00e3o de cores:<\/strong>Voc\u00ea pode escolher a cor da tampa entre preto, vermelho, amarelo, prata ou verde para combinar com a marca do seu pote de ervas.<\/p>\n<p><strong>Tampa de Precis\u00e3o para Agitar:<\/strong>Os orif\u00edcios permitem controlar perfeitamente o fluxo de especiarias como pimenta, sal, a\u00e7\u00facar e farinha.<\/p>\n<h2>Especifica\u00e7\u00f5es principais<\/h2>\n<table style=\"border-collapse: collapse; width: 80%; margin-left: AUTO; margin-right: AUTO;\" border=\"0\" width=\"288\" cellspacing=\"0\" cellpadding=\"0\">\n<tbody>\n<tr style=\"height: 13.50pt;\">\n<td style=\"height: 13.5pt; width: 54pt; text-align: center;\" width=\"72\" height=\"18\">Capacidade<\/td>\n<td style=\"width: 54pt; text-align: center;\" width=\"72\">Tampas<\/td>\n<td style=\"width: 54pt; text-align: center;\" width=\"72\">Op\u00e7\u00f5es de cores<\/td>\n<td style=\"width: 54pt; text-align: center;\" width=\"72\">Uso<\/td>\n<\/tr>\n<tr style=\"height: 13.50pt;\">\n<td style=\"height: 13.5pt; text-align: center;\" height=\"18\">85ml<\/td>\n<td style=\"text-align: center;\">Tampa de rosca tipo borboleta<\/td>\n<td style=\"text-align: center;\">Claro, personalizado<\/td>\n<td style=\"text-align: center;\">Ervas secas, especiarias, pimenta, temperos secos e muito mais<\/td>\n<\/tr>\n<\/tbody>\n<\/table>\n<h2>Caso de sucesso<\/h2>\n<p>Um fabricante canadense de artigos para o lar entrou em contato conosco para personalizar este frasco de ervas, juntamente com um frasco transparente de baunilha para exibir as cores puras das especiarias. A marca criou um c\u00f3digo de cores simples e intuitivo para diferentes tipos de especiarias, personalizando as tampas flip-top nas cores vermelha, amarela e verde.<\/p>\n<p>O resultado foi impressionante, o produto n\u00e3o s\u00f3 ganhou maior visibilidade nas prateleiras, como tamb\u00e9m registrou um aumento de 25% nas vendas em apenas tr\u00eas meses.<\/p>\n<h2>Dicas de personaliza\u00e7\u00e3o<\/h2>\n<p>Uma das melhores maneiras de aumentar o reconhecimento da marca \u00e9 atrav\u00e9s de um design moderno e elegante para os potes de tempero. Voc\u00ea pode considerar personalizar a cor da tampa, por exemplo, escolhendo cores vibrantes como vermelho, verde ou amarelo para representar diferentes especiarias. Isso n\u00e3o s\u00f3 facilita a organiza\u00e7\u00e3o, como tamb\u00e9m torna o espa\u00e7o na prateleira um ponto focal. Tamb\u00e9m \u00e9 poss\u00edvel adicionar o logotipo, uma grava\u00e7\u00e3o ou um r\u00f3tulo da sua marca na tampa ou no frasco. Pense em usar uma veda\u00e7\u00e3o \u00e0 prova de umidade ou vidro fosco para dar um toque especial ao produto e garantir que a apar\u00eancia e a fun\u00e7\u00e3o estejam alinhadas com a identidade da marca.<\/p>","protected":false},"excerpt":{"rendered":"<p>Descubra designs vibrantes de potes para temperos e ervas \u2014 direto da f\u00e1brica, personaliz\u00e1veis \u200b\u200be dispon\u00edveis para pedidos em grande quantidade para atender \u00e0s suas necessidades de embalagem de temperos.<\/p>","protected":false},"featured_media":2866,"template":"","meta":{"postBodyCss":"","postBodyMargin":[],"postBodyPadding":[],"postBodyBackground":{"backgroundType":"classic","gradient":""}},"product_brand":[],"product_cat":[15,17,53],"product_tag":[],"class_list":{"0":"post-2836","1":"product","2":"type-product","3":"status-publish","4":"has-post-thumbnail","6":"product_cat-glass-containers","7":"product_cat-glass-jars","8":"product_cat-spice-jars","10":"first","11":"instock","12":"shipping-taxable","13":"product-type-simple"},"jetpack_sharing_enabled":true,"_links":{"self":[{"href":"https:\/\/minghanggroup.com\/pt\/wp-json\/wp\/v2\/product\/2836","targetHints":{"allow":["GET"]}}],"collection":[{"href":"https:\/\/minghanggroup.com\/pt\/wp-json\/wp\/v2\/product"}],"about":[{"href":"https:\/\/minghanggroup.com\/pt\/wp-json\/wp\/v2\/types\/product"}],"wp:featuredmedia":[{"embeddable":true,"href":"https:\/\/minghanggroup.com\/pt\/wp-json\/wp\/v2\/media\/2866"}],"wp:attachment":[{"href":"https:\/\/minghanggroup.com\/pt\/wp-json\/wp\/v2\/media?parent=2836"}],"wp:term":[{"taxonomy":"product_brand","embeddable":true,"href":"https:\/\/minghanggroup.com\/pt\/wp-json\/wp\/v2\/product_brand?post=2836"},{"taxonomy":"product_cat","embeddable":true,"href":"https:\/\/minghanggroup.com\/pt\/wp-json\/wp\/v2\/product_cat?post=2836"},{"taxonomy":"product_tag","embeddable":true,"href":"https:\/\/minghanggroup.com\/pt\/wp-json\/wp\/v2\/product_tag?post=2836"}],"curies":[{"name":"wp","href":"https:\/\/api.w.org\/{rel}","templated":true}]}}