{"id":2772,"date":"2025-11-12T10:39:54","date_gmt":"2025-11-12T02:39:54","guid":{"rendered":"https:\/\/minghanggroup.com\/?post_type=product&#038;p=2772"},"modified":"2026-03-02T15:08:54","modified_gmt":"2026-03-02T07:08:54","slug":"bulk-transparent-round-glass-hot-sauce-containers","status":"publish","type":"product","link":"https:\/\/minghanggroup.com\/pt\/produto\/bulk-transparent-round-glass-hot-sauce-containers\/","title":{"rendered":"Conjunto de potes de vidro transparente redondos de 236 ml (8 oz) para molho picante."},"content":{"rendered":"<p>Esses molhos picantes v\u00eam em frascos de vidro transparente, finos e elegantes, com tampa de rosca preta, o que facilita a visualiza\u00e7\u00e3o do molho vermelho vibrante e dos flocos de pimenta vermelha.<\/p>\n<h2>Caracter\u00edsticas do produto<\/h2>\n<ul>\n<li><strong>Vidro transparente:<\/strong> Um recipiente de vidro transparente \u00e9 uma excelente ferramenta que revela ao cliente a cor intensa e a pureza do molho picante.<\/li>\n<li><strong>Tampa de rosca preta:<\/strong> Uma tampa de rosca preta bem fechada para molho picante \u00e9 muito eficaz para evitar vazamentos durante o transporte do molho.<\/li>\n<li><strong>Conforto e facilidade de uso:<\/strong> O formato fino e elegante da garrafa se encaixar\u00e1 perfeitamente na m\u00e3o, para que os compradores n\u00e3o tenham problemas em despejar e controlar a quantidade do produto.<\/li>\n<\/ul>\n<h2 style=\"text-align: left;\">Especifica\u00e7\u00f5es principais<\/h2>\n<table class=\"aligncenter\" style=\"border-collapse: collapse; width: 492.77pt;\" border=\"0\" width=\"657\" cellspacing=\"0\" cellpadding=\"0\">\n<tbody>\n<tr style=\"height: 13.50pt;\">\n<td style=\"height: 13.50pt; width: 107.25pt;\" width=\"143\" height=\"18\">Especifica\u00e7\u00e3o<\/td>\n<td style=\"width: 385.50pt;\" width=\"514\">Detalhes<\/td>\n<\/tr>\n<tr style=\"height: 13.50pt;\">\n<td style=\"height: 13.50pt;\" height=\"18\">Capacidade<\/td>\n<td>250ml (8oz)<\/td>\n<\/tr>\n<tr style=\"height: 13.50pt;\">\n<td style=\"height: 13.50pt;\" height=\"18\">Dimens\u00f5es<\/td>\n<td>5,2 cm \u00d7 18,9 cm<\/td>\n<\/tr>\n<tr style=\"height: 13.50pt;\">\n<td style=\"height: 13.50pt;\" height=\"18\">Material<\/td>\n<td>stout de vidro transparente pr\u00f3prio para alimentos<\/td>\n<\/tr>\n<tr style=\"height: 13.50pt;\">\n<td style=\"height: 13.50pt;\" height=\"18\">Tipo de garrafa<\/td>\n<td>Garrafa de vidro redonda com gargalo longo, base plana e ombro liso.<\/td>\n<\/tr>\n<tr style=\"height: 13.50pt;\">\n<td style=\"height: 13.50pt;\" height=\"18\">Encerramento<\/td>\n<td>Rosca padr\u00e3o (serve para tampas de pl\u00e1stico\/metal + revestimento)<\/td>\n<\/tr>\n<tr style=\"height: 13.50pt;\">\n<td style=\"height: 13.50pt;\" height=\"18\">Ideal para<\/td>\n<td>Molho picante, molho barbecue, molho para salada<\/td>\n<\/tr>\n<tr style=\"height: 13.50pt;\">\n<td style=\"height: 13.50pt;\" height=\"18\">Caso de uso<\/td>\n<td>Recipientes vazios para molho, garrafas de molho picante a granel<\/td>\n<\/tr>\n<\/tbody>\n<\/table>\n<h2>Estudo de Caso Real: A Hist\u00f3ria de um Fabricante de Molhos Artesanais<\/h2>\n<p>Em busca de um produto de qualidade que refletisse a marca, uma startup dedicada \u00e0 produ\u00e7\u00e3o artesanal de molhos exclusivos precisava de embalagens confi\u00e1veis \u200b\u200bpara molho picante. A solu\u00e7\u00e3o encontrada foi esta garrafa de vidro de 250ml. E qual foi o resultado dos testes online? A receita do e-commerce aumentou 20% no primeiro trimestre, e os consumidores, em particular, apontaram a embalagem sofisticada do produto como o principal motivo para suas compras. A veda\u00e7\u00e3o \u00e0 prova de vazamentos tamb\u00e9m reduziu a incid\u00eancia de produtos danificados em at\u00e9 95%. A empresa encomendou 200.000 garrafas para as linhas de dois novos sabores, o que demonstra a grande satisfa\u00e7\u00e3o com o desempenho do produto.<\/p>\n<h2>Solu\u00e7\u00f5es personalizadas para embalagens de molho picante<\/h2>\n<ul>\n<li><strong>Marca\u00e7\u00f5es de capacidade impressas em serigrafia:<\/strong> Torne as marca\u00e7\u00f5es de capacidade permanentes, imprimindo-as para aliar praticidade e profissionalismo ao mesmo tempo.<\/li>\n<li><strong>Cores de vidro personalizadas:<\/strong> Considere op\u00e7\u00f5es de cores \u00e2mbar ou verde para seus copos, a fim de proteger os molhos sens\u00edveis \u00e0 luz.<\/li>\n<li><strong>Padr\u00f5es de vidro texturizado:<\/strong> A ideia de superf\u00edcies texturizadas n\u00e3o s\u00f3 proporciona um efeito visual incr\u00edvel, como tamb\u00e9m resolve o problema da ader\u00eancia, oferecendo est\u00e9tica e funcionalidade simultaneamente.<\/li>\n<li><strong>Reguladores de fluxo dedicados:<\/strong> Projetar reguladores de fluxo espec\u00edficos para regular a vaz\u00e3o de produtos mais espessos, como xaropes ou molhos.<\/li>\n<\/ul>","protected":false},"excerpt":{"rendered":"<p>Garrafas de vidro finas para molho picante com tampas pretas, projetadas como recipientes pr\u00e1ticos para molhos. Perfeitas para venda por atacado, com entrega r\u00e1pida.<\/p>","protected":false},"featured_media":2853,"template":"","meta":{"postBodyCss":"","postBodyMargin":[],"postBodyPadding":[],"postBodyBackground":{"backgroundType":"classic","gradient":""}},"product_brand":[],"product_cat":[15,16,54],"product_tag":[72,98],"class_list":{"0":"post-2772","1":"product","2":"type-product","3":"status-publish","4":"has-post-thumbnail","6":"product_cat-glass-containers","7":"product_cat-glass-bottles","8":"product_cat-hot-sauce-bottles","9":"product_tag-juice-bottles","10":"product_tag-salad-dressing-bottles","12":"first","13":"instock","14":"shipping-taxable","15":"product-type-simple"},"jetpack_sharing_enabled":true,"_links":{"self":[{"href":"https:\/\/minghanggroup.com\/pt\/wp-json\/wp\/v2\/product\/2772","targetHints":{"allow":["GET"]}}],"collection":[{"href":"https:\/\/minghanggroup.com\/pt\/wp-json\/wp\/v2\/product"}],"about":[{"href":"https:\/\/minghanggroup.com\/pt\/wp-json\/wp\/v2\/types\/product"}],"wp:featuredmedia":[{"embeddable":true,"href":"https:\/\/minghanggroup.com\/pt\/wp-json\/wp\/v2\/media\/2853"}],"wp:attachment":[{"href":"https:\/\/minghanggroup.com\/pt\/wp-json\/wp\/v2\/media?parent=2772"}],"wp:term":[{"taxonomy":"product_brand","embeddable":true,"href":"https:\/\/minghanggroup.com\/pt\/wp-json\/wp\/v2\/product_brand?post=2772"},{"taxonomy":"product_cat","embeddable":true,"href":"https:\/\/minghanggroup.com\/pt\/wp-json\/wp\/v2\/product_cat?post=2772"},{"taxonomy":"product_tag","embeddable":true,"href":"https:\/\/minghanggroup.com\/pt\/wp-json\/wp\/v2\/product_tag?post=2772"}],"curies":[{"name":"wp","href":"https:\/\/api.w.org\/{rel}","templated":true}]}}