{"id":2749,"date":"2025-11-12T11:33:21","date_gmt":"2025-11-12T03:33:21","guid":{"rendered":"https:\/\/minghanggroup.com\/?post_type=product&#038;p=2749"},"modified":"2025-11-14T10:06:40","modified_gmt":"2025-11-14T02:06:40","slug":"4oz-glass-herb-jars-with-bamboo-lid-for-seasoning","status":"publish","type":"product","link":"https:\/\/minghanggroup.com\/pt\/produto\/4oz-glass-herb-jars-with-bamboo-lid-for-seasoning\/","title":{"rendered":"Potes de vidro de 120ml com tampa de bambu para temperos."},"content":{"rendered":"<p>N\u00e3o continue lutando contra o armazenamento inadequado de temperos que s\u00f3 deixa sua cozinha mais bagun\u00e7ada. Fabricamos potes de vidro quadrados de alta qualidade para temperos que n\u00e3o apenas mant\u00eam seus temperos frescos, mas tamb\u00e9m elevam o visual da sua cozinha. Eles n\u00e3o s\u00e3o apenas recipientes \u2014 s\u00e3o a nova arma secreta da sua marca para organiza\u00e7\u00e3o da cozinha e embalagem de alimentos.<\/p>\n<h2>Produtc Features<\/h2>\n<p>Op\u00e7\u00f5es de cores vibrantes: Para frascos de vidro para ervas e recipientes para especiarias, voc\u00ea pode escolher \u00e2mbar, vermelho, azul ou verde para combinar perfeitamente com a apar\u00eancia da sua marca.<\/p>\n<p>Tampa de bambu natural: As tampas de bambu n\u00e3o s\u00f3 conferem um aspecto natural aos seus recipientes de especiarias, como tamb\u00e9m proporcionam uma veda\u00e7\u00e3o herm\u00e9tica \u2014 o que poderia ser mais perfeito para pimenta, sal e ervas?<\/p>\n<p>Design quadrado moderno: O formato quadrado e elegante dos seus recipientes de armazenamento de cozinha e cole\u00e7\u00e3o de temperos \u00e9 o que os torna excelentes para qualquer neg\u00f3cio de alimentos, basta olhar para eles.<\/p>\n<h2>Especifica\u00e7\u00f5es principais<\/h2>\n<table style=\"border-collapse: collapse; width: 80%; margin-left: auto; margin-right: auto;\" border=\"0\" width=\"360\" cellspacing=\"0\" cellpadding=\"0\">\n<tbody>\n<tr style=\"height: 13.50pt;\">\n<td style=\"height: 13.5pt; width: 54pt; text-align: center;\" width=\"72\" height=\"18\">Capacidade<\/td>\n<td style=\"width: 54pt; text-align: center;\" width=\"72\">Forma<\/td>\n<td style=\"width: 54pt; text-align: center;\" width=\"72\">Op\u00e7\u00f5es de cores<\/td>\n<td style=\"width: 54pt; text-align: center;\" width=\"72\">Material<\/td>\n<td style=\"width: 54pt; text-align: center;\" width=\"72\">Op\u00e7\u00f5es de tampa<\/td>\n<\/tr>\n<tr style=\"height: 13.50pt;\">\n<td style=\"height: 13.5pt; text-align: center;\" height=\"18\">120ml\/4oz<\/td>\n<td style=\"text-align: center;\">Quadrado<\/td>\n<td style=\"text-align: center;\">\u00c2mbar, Vermelho, Azul, Verde, Personalizado<\/td>\n<td style=\"text-align: center;\">Vidro resistente<\/td>\n<td style=\"text-align: center;\">Bambu, metal, pl\u00e1stico, tampas de coquetel<\/td>\n<\/tr>\n<\/tbody>\n<\/table>\n<h2>Caso de sucesso<\/h2>\n<p>Uma marca org\u00e2nica europeia fez uma parceria conosco para desenvolver uma linha de potes de vidro quadrados de alta qualidade para especiarias, voltados para a baunilha. Para manter o frescor das especiarias e proteg\u00ea-las da luz, optaram por potes de vidro em tons de \u00e2mbar profundo e azul cobalto; al\u00e9m disso, a imagem ecologicamente correta da marca foi elevada a um novo patamar com as tampas de bambu personalizadas, estampadas com o logotipo da marca.<\/p>\n<p>Ap\u00f3s o lan\u00e7amento do produto, as vendas da marca aumentaram em 28%.<\/p>\n<h2>Dicas de personaliza\u00e7\u00e3o<\/h2>\n<p>Os potes de vidro quadrados para especiarias s\u00e3o suficientemente adapt\u00e1veis \u200b\u200bpara se adequarem a diferentes posicionamentos de marca e podem ser feitos de vidro \u00e2mbar, azul, verde ou transparente, para combinar com a paleta de cores de qualquer linha de ervas ou especiarias. As tampas podem ser de bambu, alum\u00ednio ou pl\u00e1stico e podem ter o logotipo da marca gravado a laser ou impresso, contribuindo para uma imagem de marca que seja natural ou moderna. Al\u00e9m disso, existem op\u00e7\u00f5es com juntas de veda\u00e7\u00e3o \u00e0 prova de umidade, tampas com furos para polvilhar ou tampas com colher, para melhorar tanto a funcionalidade quanto o aspecto visual dos potes de especiarias, que se tornam n\u00e3o apenas utens\u00edlios de armazenamento, mas tamb\u00e9m elementos da est\u00e9tica da cozinha da marca.<\/p>","protected":false},"excerpt":{"rendered":"<p>Elegantes frascos de vidro para ervas com tampas de bambu \u2014 direto da f\u00e1brica, personaliz\u00e1veis \u200b\u200be dispon\u00edveis em grandes quantidades para elevar a embalagem de especiarias da sua marca com um toque moderno.<\/p>","protected":false},"featured_media":2750,"template":"","meta":{"postBodyCss":"","postBodyMargin":[],"postBodyPadding":[],"postBodyBackground":{"backgroundType":"classic","gradient":""}},"product_brand":[],"product_cat":[15,17,53],"product_tag":[],"class_list":{"0":"post-2749","1":"product","2":"type-product","3":"status-publish","4":"has-post-thumbnail","6":"product_cat-glass-containers","7":"product_cat-glass-jars","8":"product_cat-spice-jars","10":"first","11":"instock","12":"shipping-taxable","13":"product-type-simple"},"jetpack_sharing_enabled":true,"_links":{"self":[{"href":"https:\/\/minghanggroup.com\/pt\/wp-json\/wp\/v2\/product\/2749","targetHints":{"allow":["GET"]}}],"collection":[{"href":"https:\/\/minghanggroup.com\/pt\/wp-json\/wp\/v2\/product"}],"about":[{"href":"https:\/\/minghanggroup.com\/pt\/wp-json\/wp\/v2\/types\/product"}],"wp:featuredmedia":[{"embeddable":true,"href":"https:\/\/minghanggroup.com\/pt\/wp-json\/wp\/v2\/media\/2750"}],"wp:attachment":[{"href":"https:\/\/minghanggroup.com\/pt\/wp-json\/wp\/v2\/media?parent=2749"}],"wp:term":[{"taxonomy":"product_brand","embeddable":true,"href":"https:\/\/minghanggroup.com\/pt\/wp-json\/wp\/v2\/product_brand?post=2749"},{"taxonomy":"product_cat","embeddable":true,"href":"https:\/\/minghanggroup.com\/pt\/wp-json\/wp\/v2\/product_cat?post=2749"},{"taxonomy":"product_tag","embeddable":true,"href":"https:\/\/minghanggroup.com\/pt\/wp-json\/wp\/v2\/product_tag?post=2749"}],"curies":[{"name":"wp","href":"https:\/\/api.w.org\/{rel}","templated":true}]}}