{"id":2660,"date":"2025-11-11T16:16:12","date_gmt":"2025-11-11T08:16:12","guid":{"rendered":"https:\/\/minghanggroup.com\/?post_type=product&#038;p=2660"},"modified":"2026-03-02T15:09:28","modified_gmt":"2026-03-02T07:09:28","slug":"bulk-round-hot-sause-bottles-for-pepper-sauce","status":"publish","type":"product","link":"https:\/\/minghanggroup.com\/pt\/produto\/bulk-round-hot-sause-bottles-for-pepper-sauce\/","title":{"rendered":"Garrafas redondas para molho de pimenta, em embalagens de 250ml, 350ml e 500ml."},"content":{"rendered":"<p>Estas garrafas de molho picante s\u00e3o feitas de vidro transparente, com linhas suaves e arredondadas em tr\u00eas tamanhos diferentes cada. As garrafas v\u00eam com uma tampa de rosca vermelha brilhante, que tem um design bonito e f\u00e1cil de usar.<\/p>\n<h2>Caracter\u00edsticas do produto<\/h2>\n<ul>\n<li><strong>Material: Vidro puro<\/strong> Nos recipientes de vidro transparente, poucos clientes conseguem resistir ao fasc\u00ednio da cor vibrante e da textura do molho de pimenta.<\/li>\n<li><strong>Selo de seguran\u00e7a e \u00e0 prova de vazamentos:<\/strong> A tampa de rosca garante a frescura do produto, que por sua vez \u00e9 protegida por um lacre inviol\u00e1vel, e evita vazamentos durante o transporte e armazenamento.<\/li>\n<li><strong>Design minimalista da garrafa:<\/strong> O formato cil\u00edndrico e minimalista, aliado \u00e0s linhas suaves e elegantes, resulta numa combina\u00e7\u00e3o de funcionalidade e facilidade de armazenamento.<\/li>\n<\/ul>\n<h2 style=\"text-align: left;\">Especifica\u00e7\u00f5es principais<\/h2>\n<table class=\"aligncenter\" style=\"border-collapse: collapse; width: 588.77pt;\" border=\"0\" width=\"785\" cellspacing=\"0\" cellpadding=\"0\">\n<tbody>\n<tr style=\"height: 13.50pt;\">\n<td style=\"height: 13.50pt; width: 108.75pt;\" width=\"145\" height=\"18\">Especifica\u00e7\u00e3o<\/td>\n<td style=\"width: 480.00pt;\" width=\"640\">Detalhes<\/td>\n<\/tr>\n<tr style=\"height: 13.50pt;\">\n<td style=\"height: 13.50pt;\" height=\"18\">Material<\/td>\n<td>Garrafa de vidro transparente de cerveja stout (de qualidade alimentar)<\/td>\n<\/tr>\n<tr style=\"height: 13.50pt;\">\n<td style=\"height: 13.50pt;\" height=\"18\">Formato de garrafa<\/td>\n<td>Garrafa de vidro redonda de paredes retas com base plana e ombro liso.<\/td>\n<\/tr>\n<tr style=\"height: 13.50pt;\">\n<td style=\"height: 13.50pt;\" height=\"18\">Tamanhos dispon\u00edveis<\/td>\n<td>250ml (5,2 cm \u00d7 17,8 cm), 350ml (5,8 cm \u00d7 19,5 cm), 500ml (6,5 cm \u00d7 21,7 cm)<\/td>\n<\/tr>\n<tr style=\"height: 13.50pt;\">\n<td style=\"height: 13.50pt;\" height=\"18\">Ideal para<\/td>\n<td>Garrafa de molho picante, garrafas para molho de pimenta.<\/td>\n<\/tr>\n<\/tbody>\n<\/table>\n<h2>Hist\u00f3ria de Sucesso: Uma Marca de Molho de Pimenta em Pr\u00f3spera<\/h2>\n<p>Um de nossos clientes, uma startup focada em molho de pimenta artesanal em pequenos lotes, precisava de garrafas para o molho que suportassem a crescente demanda da marca. Optaram, ent\u00e3o, por nossas garrafas de vidro de 350ml. Ap\u00f3s o primeiro semestre, o faturamento aumentou 40%, a resist\u00eancia do vidro contribuiu para uma redu\u00e7\u00e3o de 30% nas quebras e, em menos de um ano, fizeram um novo pedido de 500.000 garrafas. Eles acreditam que a robustez das garrafas durante o transporte e os coment\u00e1rios positivos dos clientes sobre a usabilidade s\u00e3o os motivos do sucesso e dos pedidos subsequentes.<\/p>\n<h2>Sugest\u00f5es para personalizar garrafas de molho picante<\/h2>\n<ul>\n<li><strong>Logotipo impresso:<\/strong> Imprima o logotipo da sua marca diretamente na garrafa de vidro, obtendo assim uma apar\u00eancia de alta qualidade.<\/li>\n<li><strong>Formaturas com impress\u00e3o em serigrafia:<\/strong> Imprima gradua\u00e7\u00f5es permanentes curadas a quente para indicar o volume.<\/li>\n<li><strong>Vidro colorido:<\/strong> Proteja seu produto fotossens\u00edvel usando um recipiente de vidro \u00e2mbar ou verde em vez de um transparente.<\/li>\n<li><strong>Marca\u00e7\u00e3o gravada com \u00e1cido:<\/strong> D\u00ea identidade \u00e0 sua cria\u00e7\u00e3o com a ajuda do m\u00e9todo de grava\u00e7\u00e3o em vidro, alcan\u00e7ando assim uma imagem de marca elegante e atemporal.<\/li>\n<\/ul>","protected":false},"excerpt":{"rendered":"<p>Frasco transparente para molho picante com tampa de rosca vermelha, design cil\u00edndrico elegante e minimalista. Ideal para embalar molho de pimenta. Amostras gr\u00e1tis dispon\u00edveis.<\/p>","protected":false},"featured_media":2684,"template":"","meta":{"postBodyCss":"","postBodyMargin":[],"postBodyPadding":[],"postBodyBackground":{"backgroundType":"classic","gradient":""}},"product_brand":[],"product_cat":[15,16,54],"product_tag":[98],"class_list":{"0":"post-2660","1":"product","2":"type-product","3":"status-publish","4":"has-post-thumbnail","6":"product_cat-glass-containers","7":"product_cat-glass-bottles","8":"product_cat-hot-sauce-bottles","9":"product_tag-salad-dressing-bottles","11":"first","12":"instock","13":"shipping-taxable","14":"product-type-simple"},"jetpack_sharing_enabled":true,"_links":{"self":[{"href":"https:\/\/minghanggroup.com\/pt\/wp-json\/wp\/v2\/product\/2660","targetHints":{"allow":["GET"]}}],"collection":[{"href":"https:\/\/minghanggroup.com\/pt\/wp-json\/wp\/v2\/product"}],"about":[{"href":"https:\/\/minghanggroup.com\/pt\/wp-json\/wp\/v2\/types\/product"}],"wp:featuredmedia":[{"embeddable":true,"href":"https:\/\/minghanggroup.com\/pt\/wp-json\/wp\/v2\/media\/2684"}],"wp:attachment":[{"href":"https:\/\/minghanggroup.com\/pt\/wp-json\/wp\/v2\/media?parent=2660"}],"wp:term":[{"taxonomy":"product_brand","embeddable":true,"href":"https:\/\/minghanggroup.com\/pt\/wp-json\/wp\/v2\/product_brand?post=2660"},{"taxonomy":"product_cat","embeddable":true,"href":"https:\/\/minghanggroup.com\/pt\/wp-json\/wp\/v2\/product_cat?post=2660"},{"taxonomy":"product_tag","embeddable":true,"href":"https:\/\/minghanggroup.com\/pt\/wp-json\/wp\/v2\/product_tag?post=2660"}],"curies":[{"name":"wp","href":"https:\/\/api.w.org\/{rel}","templated":true}]}}