{"id":2624,"date":"2025-11-11T17:02:12","date_gmt":"2025-11-11T09:02:12","guid":{"rendered":"https:\/\/minghanggroup.com\/?post_type=product&#038;p=2624"},"modified":"2025-11-14T10:06:54","modified_gmt":"2025-11-14T02:06:54","slug":"clear-spices-jars-glass-containers-bulk","status":"publish","type":"product","link":"https:\/\/minghanggroup.com\/pt\/produto\/clear-spices-jars-glass-containers-bulk\/","title":{"rendered":"Potes de vidro transparente para especiarias, 80ml e 120ml, para armazenamento em grande quantidade."},"content":{"rendered":"<p>Pare de sofrer com a bagun\u00e7a no armazenamento de temperos que deixa sua cozinha um caos. Criamos recipientes de vidro premium para temperos que transformam sua cozinha em um espa\u00e7o elegante, mantendo seus temperos frescos. Mais do que simples recipientes, eles s\u00e3o a nova arma secreta da sua marca para organiza\u00e7\u00e3o de cozinha e embalagem de alimentos.<\/p>\n<h2>Caracter\u00edsticas do produto<\/h2>\n<ol>\n<li><strong>Clareza cristalina:<\/strong>O vidro de alta transpar\u00eancia permite que voc\u00ea veja seus temperos de relance \u2014 chega de adivinhar quando \u00e9 hora de comprar mais temperos em potes de vidro.<\/li>\n<li><strong>Lacre de seguran\u00e7a:<\/strong>A tampa met\u00e1lica cria uma veda\u00e7\u00e3o herm\u00e9tica para manter os temperos frescos e evitar derramamentos em seus recipientes de armazenamento de temperos.<\/li>\n<li><strong>Uso vers\u00e1til:<\/strong>Perfeito tanto para especiarias secas como pimenta quanto para molhos ou \u00f3leo \u2014 o recipiente ideal para temperos em qualquer cozinha.<\/li>\n<\/ol>\n<h2>Especifica\u00e7\u00f5es principais<\/h2>\n<table style=\"border-collapse: collapse; width: 80%; margin-right: auto; margin-left: auto;\" border=\"0\" width=\"288\" cellspacing=\"0\" cellpadding=\"0\">\n<tbody>\n<tr style=\"height: 13.50pt;\">\n<td style=\"height: 13.5pt; width: 54pt; text-align: center;\" width=\"72\" height=\"18\">Capacidade<\/td>\n<td style=\"width: 54pt; text-align: center;\" width=\"72\">Forma<\/td>\n<td style=\"width: 54pt; text-align: center;\" width=\"72\">Op\u00e7\u00f5es de tampa<\/td>\n<td style=\"width: 54pt; text-align: center;\" width=\"72\">Uso vers\u00e1til<\/td>\n<\/tr>\n<tr style=\"height: 13.50pt;\">\n<td style=\"height: 13.5pt; text-align: center;\" height=\"18\">80ml<\/td>\n<td class=\"et2\" style=\"text-align: center;\" rowspan=\"2\">Redondo<\/td>\n<td class=\"et2\" style=\"text-align: center;\" rowspan=\"2\">Alum\u00ednio, madeira, pl\u00e1stico<\/td>\n<td class=\"et2\" style=\"text-align: center;\" rowspan=\"2\">Ideal para molhos e \u00f3leos.<\/td>\n<\/tr>\n<tr style=\"height: 13.50pt;\">\n<td style=\"height: 13.5pt; text-align: center;\" height=\"18\">120ml<\/td>\n<\/tr>\n<\/tbody>\n<\/table>\n<h2>Caso de sucesso<\/h2>\n<p>Uma empresa canadense inovadora do ramo aliment\u00edcio colaborou conosco para reformular suas embalagens usando nosso conjunto de potes de vidro para temperos. A ideia era ter potes elegantes e transparentes para comunicar visualmente a natureza colorida de seus temperos puros. Al\u00e9m disso, eles optaram por tampas personalizadas de alum\u00ednio escovado e impress\u00e3o de logotipo personalizada para refor\u00e7ar a identidade da marca.<\/p>\n<p>Bastaram apenas tr\u00eas meses para que o pacote se tornasse um grande sucesso e as vendas aumentaram 30% como resultado do conjunto.<\/p>\n<h2>Dicas de personaliza\u00e7\u00e3o<\/h2>\n<p>Materiais intercambi\u00e1veis \u200b\u200bpara a tampa, como bambu ou a\u00e7o inoxid\u00e1vel, s\u00e3o algumas das muitas possibilidades de personaliza\u00e7\u00e3o que este recipiente de vidro para especiarias oferece para a sua marca. Para torn\u00e1-lo mais atraente e aumentar o reconhecimento da marca, o frasco pode ser impresso com o logotipo por serigrafia ou hot stamping. Al\u00e9m disso, uma tampa com peneira girat\u00f3ria ou uma tampa com colher medidora podem ser instaladas para facilitar o uso e agregar valor ao produto.<\/p>","protected":false},"excerpt":{"rendered":"<p>Conjunto de recipientes de vidro resistentes para especiarias com tampas herm\u00e9ticas. Perfeitos para manter ervas, p\u00f3s e temperos frescos e organizados na cozinha.<\/p>","protected":false},"featured_media":2626,"template":"","meta":{"postBodyCss":"","postBodyMargin":[],"postBodyPadding":[],"postBodyBackground":{"backgroundType":"classic","gradient":""}},"product_brand":[],"product_cat":[15,17,53],"product_tag":[],"class_list":{"0":"post-2624","1":"product","2":"type-product","3":"status-publish","4":"has-post-thumbnail","6":"product_cat-glass-containers","7":"product_cat-glass-jars","8":"product_cat-spice-jars","10":"first","11":"instock","12":"shipping-taxable","13":"product-type-simple"},"jetpack_sharing_enabled":true,"_links":{"self":[{"href":"https:\/\/minghanggroup.com\/pt\/wp-json\/wp\/v2\/product\/2624","targetHints":{"allow":["GET"]}}],"collection":[{"href":"https:\/\/minghanggroup.com\/pt\/wp-json\/wp\/v2\/product"}],"about":[{"href":"https:\/\/minghanggroup.com\/pt\/wp-json\/wp\/v2\/types\/product"}],"wp:featuredmedia":[{"embeddable":true,"href":"https:\/\/minghanggroup.com\/pt\/wp-json\/wp\/v2\/media\/2626"}],"wp:attachment":[{"href":"https:\/\/minghanggroup.com\/pt\/wp-json\/wp\/v2\/media?parent=2624"}],"wp:term":[{"taxonomy":"product_brand","embeddable":true,"href":"https:\/\/minghanggroup.com\/pt\/wp-json\/wp\/v2\/product_brand?post=2624"},{"taxonomy":"product_cat","embeddable":true,"href":"https:\/\/minghanggroup.com\/pt\/wp-json\/wp\/v2\/product_cat?post=2624"},{"taxonomy":"product_tag","embeddable":true,"href":"https:\/\/minghanggroup.com\/pt\/wp-json\/wp\/v2\/product_tag?post=2624"}],"curies":[{"name":"wp","href":"https:\/\/api.w.org\/{rel}","templated":true}]}}