{"id":2619,"date":"2025-11-11T15:25:41","date_gmt":"2025-11-11T07:25:41","guid":{"rendered":"https:\/\/minghanggroup.com\/?post_type=product&#038;p=2619"},"modified":"2026-03-02T15:10:04","modified_gmt":"2026-03-02T07:10:04","slug":"wholesale-clear-glass-soy-sauce-bottles-with-screw-lid","status":"publish","type":"product","link":"https:\/\/minghanggroup.com\/pt\/produto\/wholesale-clear-glass-soy-sauce-bottles-with-screw-lid\/","title":{"rendered":"Garrafas de vidro transparente para molho de soja com tampa de rosca, tamanhos 80ml a 400ml, dispon\u00edveis para venda por atacado."},"content":{"rendered":"<p>Estas garrafas de molho de soja s\u00e3o feitas de vidro puro e transparente. Seu design ergon\u00f4mico e curvo proporciona uma pegada confort\u00e1vel. Elas s\u00e3o perfeitas em termos de beleza e utilidade, um exemplo vivo da uni\u00e3o ideal entre forma e fun\u00e7\u00e3o.<\/p>\n<h2>Caracter\u00edsticas do produto<\/h2>\n<ul>\n<li><strong>Design ergon\u00f4mico da al\u00e7a:<\/strong> O design arredondado da al\u00e7a n\u00e3o s\u00f3 facilita o despejo, como tamb\u00e9m garante uma pegada firme, permitindo que voc\u00ea despeje o l\u00edquido de forma precisa e sem derramamentos com facilidade.<\/li>\n<li><strong>Material de vidro transparente:<\/strong> A garrafa \u00e9 feita de vidro transparente, o que facilita a medi\u00e7\u00e3o visual da quantidade de molho de soja restante.<\/li>\n<li><strong>Tamanhos diferentes dispon\u00edveis:<\/strong> Est\u00e3o dispon\u00edveis em diferentes tamanhos para atender a diversas necessidades.<\/li>\n<\/ul>\n<h2 style=\"text-align: left;\">Especifica\u00e7\u00f5es principais<\/h2>\n<table class=\"aligncenter\" style=\"border-collapse: collapse; width: 439.52pt;\" border=\"0\" width=\"586\" cellspacing=\"0\" cellpadding=\"0\">\n<tbody>\n<tr style=\"height: 13.50pt;\">\n<td style=\"height: 13.50pt; width: 73.50pt;\" width=\"98\" height=\"18\">Capacidade<\/td>\n<td style=\"width: 88.50pt;\" width=\"118\">Altura (cm)<\/td>\n<td style=\"width: 91.50pt;\" width=\"122\">Di\u00e2metro (cm)<\/td>\n<td style=\"width: 186.00pt;\" width=\"248\">Ideal para<\/td>\n<\/tr>\n<tr style=\"height: 13.50pt;\">\n<td style=\"height: 13.50pt;\" height=\"18\">80ml<\/td>\n<td class=\"et2\">15<\/td>\n<td class=\"et2\">4.3<\/td>\n<td>Pacotes de amostras, mini molhos para salada<\/td>\n<\/tr>\n<tr style=\"height: 13.50pt;\">\n<td style=\"height: 13.50pt;\" height=\"18\">120ml<\/td>\n<td class=\"et2\">15.5<\/td>\n<td class=\"et2\">5<\/td>\n<td>Molho picante, doses de vinagre<\/td>\n<\/tr>\n<tr style=\"height: 13.50pt;\">\n<td style=\"height: 13.50pt;\" height=\"18\">180ml<\/td>\n<td class=\"et2\">19.5<\/td>\n<td class=\"et2\">5.2<\/td>\n<td>Molho de soja, molhos para churrasco<\/td>\n<\/tr>\n<tr style=\"height: 13.50pt;\">\n<td style=\"height: 13.50pt;\" height=\"18\">220ml<\/td>\n<td class=\"et2\">21.5<\/td>\n<td class=\"et2\">5.5<\/td>\n<td>Molho de tomate, misturas picantes<\/td>\n<\/tr>\n<tr style=\"height: 13.50pt;\">\n<td style=\"height: 13.50pt;\" height=\"18\">360ml<\/td>\n<td class=\"et2\">24<\/td>\n<td class=\"et2\">6.5<\/td>\n<td>Condimentos tamanho fam\u00edlia<\/td>\n<\/tr>\n<tr style=\"height: 13.50pt;\">\n<td style=\"height: 13.50pt;\" height=\"18\">400ml<\/td>\n<td class=\"et2\">26<\/td>\n<td class=\"et2\">6.5<\/td>\n<td>Recargas em grande quantidade para restaurantes<\/td>\n<\/tr>\n<\/tbody>\n<\/table>\n<h2>Caso de sucesso: Utilizando o design para aumentar o reconhecimento da marca<\/h2>\n<p>O fabricante de ketchup especial enfrentava o desafio de diferenciar seu produto em um mercado altamente competitivo. Ap\u00f3s a ado\u00e7\u00e3o da nossa garrafa curva de 220ml para molho de tomate, cujo formato exclusivo era o primeiro detalhe notado pelos clientes, a empresa encontrou a solu\u00e7\u00e3o para o seu problema. Em apenas tr\u00eas meses, houve um aumento de 30% nas vendas no varejo, sendo que o gerente da loja afirmou que o design diferenciado da garrafa foi o principal fator para atrair os clientes. As recompras aumentaram 72%. Como resultado, a empresa agora possui cinco grandes encomendas e expandiu sua linha de produtos com o lan\u00e7amento da embalagem fam\u00edlia de 360ml.<\/p>\n<h2>Sugest\u00f5es para personalizar garrafas de molho<\/h2>\n<ul>\n<li><strong>Profundidade da curva ajust\u00e1vel:<\/strong> Voc\u00ea pode alterar o grau de concavidade da cintura da garrafa para tornar a curva mais ou menos vis\u00edvel.<\/li>\n<li><strong>Marca\u00e7\u00f5es em alto volume:<\/strong> Introduza marca\u00e7\u00f5es de volume em relevo no ombro da garrafa.<\/li>\n<li><strong>Posicionamento do logotipo impresso em serigrafia:<\/strong> Imprima discretamente o logotipo da sua marca na \u00e1rea curva para obter a melhor visibilidade.<\/li>\n<li><strong>Variantes de vidro colorido:<\/strong> Utilize vidro \u00e2mbar ou verde, que \u00e9 adequado para produtos sens\u00edveis \u00e0 luz, mantendo, no entanto, intacto o design da silhueta da garrafa.<\/li>\n<\/ul>\n<p>Deseja melhorar a ergonomia do seu produto? Entre em contato conosco hoje mesmo e daremos destaque \u00e0 sua marca com as garrafas de vidro especiais para molho de soja mais valiosas e exclusivas do mercado.<\/p>","protected":false},"excerpt":{"rendered":"<p>Garrafa de vidro transparente para molho de tomate e molho de soja com design ergon\u00f4mico na cintura, perfeita para molhos e dispon\u00edvel para compra em grandes quantidades com entrega r\u00e1pida.<\/p>","protected":false},"featured_media":2621,"template":"","meta":{"postBodyCss":"","postBodyMargin":[],"postBodyPadding":[],"postBodyBackground":{"backgroundType":"classic","gradient":""}},"product_brand":[],"product_cat":[15,16,54],"product_tag":[99,98],"class_list":{"0":"post-2619","1":"product","2":"type-product","3":"status-publish","4":"has-post-thumbnail","6":"product_cat-glass-containers","7":"product_cat-glass-bottles","8":"product_cat-hot-sauce-bottles","9":"product_tag-glass-vinegar-bottles","10":"product_tag-salad-dressing-bottles","12":"first","13":"instock","14":"shipping-taxable","15":"product-type-simple"},"jetpack_sharing_enabled":true,"_links":{"self":[{"href":"https:\/\/minghanggroup.com\/pt\/wp-json\/wp\/v2\/product\/2619","targetHints":{"allow":["GET"]}}],"collection":[{"href":"https:\/\/minghanggroup.com\/pt\/wp-json\/wp\/v2\/product"}],"about":[{"href":"https:\/\/minghanggroup.com\/pt\/wp-json\/wp\/v2\/types\/product"}],"wp:featuredmedia":[{"embeddable":true,"href":"https:\/\/minghanggroup.com\/pt\/wp-json\/wp\/v2\/media\/2621"}],"wp:attachment":[{"href":"https:\/\/minghanggroup.com\/pt\/wp-json\/wp\/v2\/media?parent=2619"}],"wp:term":[{"taxonomy":"product_brand","embeddable":true,"href":"https:\/\/minghanggroup.com\/pt\/wp-json\/wp\/v2\/product_brand?post=2619"},{"taxonomy":"product_cat","embeddable":true,"href":"https:\/\/minghanggroup.com\/pt\/wp-json\/wp\/v2\/product_cat?post=2619"},{"taxonomy":"product_tag","embeddable":true,"href":"https:\/\/minghanggroup.com\/pt\/wp-json\/wp\/v2\/product_tag?post=2619"}],"curies":[{"name":"wp","href":"https:\/\/api.w.org\/{rel}","templated":true}]}}