{"id":2574,"date":"2025-11-11T13:50:04","date_gmt":"2025-11-11T05:50:04","guid":{"rendered":"https:\/\/minghanggroup.com\/?post_type=product&#038;p=2574"},"modified":"2026-03-02T15:17:01","modified_gmt":"2026-03-02T07:17:01","slug":"bulk-empty-bbq-sauce-bottles-with-textured-design","status":"publish","type":"product","link":"https:\/\/minghanggroup.com\/pt\/produto\/bulk-empty-bbq-sauce-bottles-with-textured-design\/","title":{"rendered":"Frascos vazios para molho barbecue com textura, em grandes quantidades, de 100ml a 300ml."},"content":{"rendered":"<p>Estas garrafas de molho barbecue apresentam um design elegantemente texturizado que, al\u00e9m de ergon\u00f4mico, proporciona uma sensa\u00e7\u00e3o agrad\u00e1vel ao toque. Al\u00e9m de funcional, a textura confere um toque de classe \u00e0s garrafas de vidro transparente.<\/p>\n<h2>Caracter\u00edsticas do produto<\/h2>\n<ul>\n<li><strong>Recurso de ader\u00eancia aprimorado:<\/strong> A textura da superf\u00edcie permite ao usu\u00e1rio uma ader\u00eancia firme mesmo com as m\u00e3os oleosas, aumentando assim a seguran\u00e7a durante o uso.<\/li>\n<li><strong>Efeitos visuais de primeira classe:<\/strong> A combina\u00e7\u00e3o de vidro claro e texturizado resulta em uma apar\u00eancia visual muito elegante e \u00fanica.<\/li>\n<li><strong>Solu\u00e7\u00f5es de Tamanho Variado:<\/strong> O produto \u00e9 oferecido em cinco tamanhos, variando de 100ml a 300ml, para atender a diferentes necessidades, como amostras, embalagens para presentes e produtos em tamanho normal.<\/li>\n<\/ul>\n<h2 style=\"text-align: left;\">Especifica\u00e7\u00f5es principais<\/h2>\n<table class=\"aligncenter\" style=\"border-collapse: collapse; width: 555.02pt;\" border=\"0\" width=\"740\" cellspacing=\"0\" cellpadding=\"0\">\n<tbody>\n<tr style=\"height: 13.50pt;\">\n<td style=\"height: 13.50pt; width: 86.25pt;\" width=\"115\" height=\"18\">Tamanho<\/td>\n<td style=\"width: 63.00pt;\" width=\"84\">Capacidade<\/td>\n<td style=\"width: 138.00pt;\" width=\"184\">Dimens\u00f5es (D \u00d7 A)<\/td>\n<td style=\"width: 267.75pt;\" width=\"357\">Ideal para<\/td>\n<\/tr>\n<tr style=\"height: 13.50pt;\">\n<td style=\"height: 13.50pt;\" height=\"18\">Mini<\/td>\n<td>100ml<\/td>\n<td>4,7 cm \u00d7 17 cm<\/td>\n<td>Amostras, por\u00e7\u00f5es para hotel, misturas de especiarias<\/td>\n<\/tr>\n<tr style=\"height: 13.50pt;\">\n<td style=\"height: 13.50pt;\" height=\"18\">Pequeno<\/td>\n<td>170ml<\/td>\n<td>Approfondimenti sulla fabbrica di barattoli di vetro: tendenze per il 2026 - Minghang Packaging<\/td>\n<td>\/ Mason Jar Factory Insights: tendenze per il 2026<\/td>\n<\/tr>\n<tr style=\"height: 13.50pt;\">\n<td style=\"height: 13.50pt;\" height=\"18\">M\u00e9dio<\/td>\n<td>220ml<\/td>\n<td>5,8 cm \u00d7 18,6 cm<\/td>\n<td>Lojas gourmet, kits de refei\u00e7\u00e3o<\/td>\n<\/tr>\n<tr style=\"height: 13.50pt;\">\n<td style=\"height: 13.50pt;\" height=\"18\">Grande<\/td>\n<td>250ml<\/td>\n<td>6,2 cm \u00d7 21,9 cm<\/td>\n<td>Molho barbecue, molho picante, vinagre<\/td>\n<\/tr>\n<tr style=\"height: 13.50pt;\">\n<td style=\"height: 13.50pt;\" height=\"18\">Extra Grande<\/td>\n<td>300ml<\/td>\n<td>6,5 cm \u00d7 22,5 cm<\/td>\n<td>Servi\u00e7os de alimenta\u00e7\u00e3o, pontos de reabastecimento, embalagens familiares<\/td>\n<\/tr>\n<\/tbody>\n<\/table>\n<h2>Caso de sucesso: A solu\u00e7\u00e3o para o problema de deslizamento da garrafa<\/h2>\n<p>Um molho barbecue produzido por uma empresa local recebeu feedback de clientes reclamando que as garrafas lisas dificultavam o manuseio durante o churrasco ao ar livre. Ap\u00f3s a mudan\u00e7a para nossas garrafas texturizadas de 250ml, a situa\u00e7\u00e3o melhorou imediatamente. As reclama\u00e7\u00f5es sobre o escorregamento das garrafas diminu\u00edram 80%, e a textura diferenciada se tornou um diferencial na promo\u00e7\u00e3o da marca, fortalecendo sua imagem. Como resultado, as vendas online aumentaram 25%. A empresa ampliou seu estoque com quatro grandes encomendas de 200.000 garrafas cada e adicionou uma embalagem de 170ml \u00e0 sua nova linha de produtos.<\/p>\n<h2>Ideias para personalizar garrafas de molho vazias<\/h2>\n<ul>\n<li><strong>Texturas variadas:<\/strong> Utilize diferentes texturas em seus produtos, como linhas sutis ou padr\u00f5es geom\u00e9tricos marcantes.<\/li>\n<li><strong>Logotipo em relevo:<\/strong> Incorpore seu logotipo ao padr\u00e3o texturizado como um elemento em relevo.<\/li>\n<li><strong>Design com duas texturas:<\/strong> Utilize diferentes texturas no corpo e no gargalo da garrafa para criar interesse visual.<\/li>\n<li><strong>Efeito de vidro degrad\u00ea:<\/strong> Utilize um efeito degrad\u00ea do escuro para o claro n\u00e3o apenas para enfatizar a textura, mas tamb\u00e9m para tornar a cor do molho mais atraente.<\/li>\n<\/ul>","protected":false},"excerpt":{"rendered":"<p>Garrafas vazias e resistentes para molhos, com vidro texturizado e tampas coloridas. Perfeitas para molhos, temperos ou misturas para churrasco. Garrafa para molho barbecue personaliz\u00e1vel, amostra gr\u00e1tis.<\/p>","protected":false},"featured_media":2606,"template":"","meta":{"postBodyCss":"","postBodyMargin":[],"postBodyPadding":[],"postBodyBackground":{"backgroundType":"classic","gradient":""}},"product_brand":[],"product_cat":[15,16,54],"product_tag":[99,98],"class_list":{"0":"post-2574","1":"product","2":"type-product","3":"status-publish","4":"has-post-thumbnail","6":"product_cat-glass-containers","7":"product_cat-glass-bottles","8":"product_cat-hot-sauce-bottles","9":"product_tag-glass-vinegar-bottles","10":"product_tag-salad-dressing-bottles","12":"first","13":"instock","14":"shipping-taxable","15":"product-type-simple"},"jetpack_sharing_enabled":true,"_links":{"self":[{"href":"https:\/\/minghanggroup.com\/pt\/wp-json\/wp\/v2\/product\/2574","targetHints":{"allow":["GET"]}}],"collection":[{"href":"https:\/\/minghanggroup.com\/pt\/wp-json\/wp\/v2\/product"}],"about":[{"href":"https:\/\/minghanggroup.com\/pt\/wp-json\/wp\/v2\/types\/product"}],"wp:featuredmedia":[{"embeddable":true,"href":"https:\/\/minghanggroup.com\/pt\/wp-json\/wp\/v2\/media\/2606"}],"wp:attachment":[{"href":"https:\/\/minghanggroup.com\/pt\/wp-json\/wp\/v2\/media?parent=2574"}],"wp:term":[{"taxonomy":"product_brand","embeddable":true,"href":"https:\/\/minghanggroup.com\/pt\/wp-json\/wp\/v2\/product_brand?post=2574"},{"taxonomy":"product_cat","embeddable":true,"href":"https:\/\/minghanggroup.com\/pt\/wp-json\/wp\/v2\/product_cat?post=2574"},{"taxonomy":"product_tag","embeddable":true,"href":"https:\/\/minghanggroup.com\/pt\/wp-json\/wp\/v2\/product_tag?post=2574"}],"curies":[{"name":"wp","href":"https:\/\/api.w.org\/{rel}","templated":true}]}}