{"id":2569,"date":"2025-11-11T13:12:26","date_gmt":"2025-11-11T05:12:26","guid":{"rendered":"https:\/\/minghanggroup.com\/?post_type=product&#038;p=2569"},"modified":"2026-03-02T15:17:17","modified_gmt":"2026-03-02T07:17:17","slug":"frascos-de-vidro-vazios-personalizados-para-condimentos-com-bomba-dosadora-e-marcacoes-de-tamanho","status":"publish","type":"product","link":"https:\/\/minghanggroup.com\/pt\/produto\/frascos-de-vidro-vazios-personalizados-para-condimentos-com-bomba-dosadora-e-marcacoes-de-tamanho\/","title":{"rendered":"Frascos de vidro vazios para condimentos, com bomba dosadora e marca\u00e7\u00f5es de gradua\u00e7\u00f5es, de 200ml, 300ml e 500ml."},"content":{"rendered":"<p>Estas garrafas de vidro para condimentos s\u00e3o fabricadas em vidro transparente e possuem marca\u00e7\u00f5es de volume impressas. Os volumes variam de 200 ml a 500 ml e possuem uma bomba dosadora de metal preta e prateada, adequada para distribui\u00e7\u00e3o comercial de condimentos.<\/p>\n<h2>Caracter\u00edsticas do produto<\/h2>\n<ul>\n<li><strong>Projeto da cabe\u00e7a da bomba:<\/strong> Com os bicos de bomba de metal preto e prateado, a dosagem do molho pode ser feita com muita precis\u00e3o, sendo assim muito pr\u00e1tica e higi\u00eanica.<\/li>\n<li><strong>Corpo do frasco transparente com gradua\u00e7\u00e3o:<\/strong> O corpo transparente da garrafa tamb\u00e9m possui gradua\u00e7\u00f5es claras, facilitando a visualiza\u00e7\u00e3o da quantidade de molho restante e do uso, o que permite uma medi\u00e7\u00e3o precisa.<\/li>\n<li><strong>Combina\u00e7\u00e3o de praticidade e est\u00e9tica agrad\u00e1vel:<\/strong> A cabe\u00e7a da bomba em metal, juntamente com o corpo em vidro transparente, confere um visual moderno e contempor\u00e2neo, combinando perfeitamente funcionalidade e apelo est\u00e9tico.<\/li>\n<\/ul>\n<h2 style=\"text-align: left;\">Especifica\u00e7\u00f5es principais<\/h2>\n<table class=\"aligncenter\" style=\"border-collapse: collapse; width: 477.02pt;\" border=\"0\" width=\"636\" cellspacing=\"0\" cellpadding=\"0\">\n<tbody>\n<tr style=\"height: 13.50pt;\">\n<td style=\"height: 13.50pt; width: 126.75pt;\" width=\"169\" height=\"18\">Recurso<\/td>\n<td style=\"width: 350.25pt;\" width=\"467\">Especifica\u00e7\u00e3o<\/td>\n<\/tr>\n<tr style=\"height: 13.50pt;\">\n<td style=\"height: 13.50pt;\" height=\"18\">Capacidades<\/td>\n<td>200ml (7oz) \/ 300ml (10oz) \/ 500ml (16oz)<\/td>\n<\/tr>\n<tr style=\"height: 13.50pt;\">\n<td style=\"height: 13.50pt;\" height=\"18\">Dimens\u00f5es (D\u00d7A)<\/td>\n<td>5,5\u00d719,5 cm \/ 6\u00d723,5 cm \/ 6,5\u00d727,5 cm<\/td>\n<\/tr>\n<tr style=\"height: 13.50pt;\">\n<td style=\"height: 13.50pt;\" height=\"18\">Forma<\/td>\n<td>Garrafa de cerveja stout de paredes retas com marca\u00e7\u00f5es de volume moldadas.<\/td>\n<\/tr>\n<tr style=\"height: 13.50pt;\">\n<td style=\"height: 13.50pt;\" height=\"18\">Material<\/td>\n<td>Vidro de borosilicato de alta qualidade<\/td>\n<\/tr>\n<tr style=\"height: 13.50pt;\">\n<td style=\"height: 13.50pt;\" height=\"18\">Fecho inclu\u00eddo<\/td>\n<td>Bomba de press\u00e3o prateada (personaliz\u00e1vel)<\/td>\n<\/tr>\n<tr style=\"height: 13.50pt;\">\n<td style=\"height: 13.50pt;\" height=\"18\">Ideal para<\/td>\n<td>Molho de ostra, molho de pimenta, molho para salada, condimento<\/td>\n<\/tr>\n<tr style=\"height: 13.50pt;\">\n<td style=\"height: 13.50pt;\" height=\"18\">Uso ideal<\/td>\n<td>Frascos de vidro para condimentos, frascos vazios para condimentos<\/td>\n<\/tr>\n<\/tbody>\n<\/table>\n<h2>Caso de Sucesso: Crescimento de Distribuidores<\/h2>\n<p>O fabricante de molhos especiais que utilizava frascos de apertar incompat\u00edveis, resultando em vazamentos e confus\u00e3o entre os clientes quanto ao tamanho das por\u00e7\u00f5es, passou a usar nossos frascos vazios para condimentos com v\u00e1lvulas dosadoras integradas \u2013 200 ml para testes online e 300 ml para vendas no varejo. As reclama\u00e7\u00f5es dos clientes ca\u00edram para zero e a taxa de recompra atingiu 48% em apenas dois meses, ap\u00f3s os quais a empresa fez um novo pedido de mais de 300.000 unidades.<\/p>\n<h2>Sugest\u00f5es para personalizar frascos de vidro para condimentos<\/h2>\n<ul>\n<li><strong>Logotipo da marca gravado:<\/strong> Possibilidade de gravar um pequeno logotipo pr\u00f3ximo \u00e0s marca\u00e7\u00f5es para personaliza\u00e7\u00e3o sem interferir nelas.<\/li>\n<li><strong>Prote\u00e7\u00e3o \u00e2mbar:<\/strong> Adicione uma leve tonalidade \u00e2mbar ao molho picante \u00e0 base de vinagre para que a radia\u00e7\u00e3o da luz n\u00e3o o deteriore.<\/li>\n<li><strong>Base texturizada:<\/strong> Fa\u00e7a um pequeno sulco de malha fina na base para ajudar a garrafa a ficar firme na superf\u00edcie da bancada, mesmo que esta esteja molhada e voc\u00ea esteja em um restaurante.<\/li>\n<li><strong>Efeito de vidro degrad\u00ea:<\/strong> Use um gradiente muito suave do lado escuro para o lado claro para adicionar mais profundidade, permitindo ainda que as escamas fiquem claramente vis\u00edveis.<\/li>\n<\/ul>","protected":false},"excerpt":{"rendered":"<p>Frascos de vidro transparente para condimentos com bomba dosadora e marca\u00e7\u00f5es de gradua\u00e7\u00e3o claras. Pr\u00e1ticos frascos para condimentos, ideais para restaurantes com ar condicionado. Entrega r\u00e1pida.<\/p>","protected":false},"featured_media":2570,"template":"","meta":{"postBodyCss":"","postBodyMargin":[],"postBodyPadding":[],"postBodyBackground":{"backgroundType":"classic","gradient":""}},"product_brand":[],"product_cat":[15,16,54],"product_tag":[99],"class_list":{"0":"post-2569","1":"product","2":"type-product","3":"status-publish","4":"has-post-thumbnail","6":"product_cat-glass-containers","7":"product_cat-glass-bottles","8":"product_cat-hot-sauce-bottles","9":"product_tag-glass-vinegar-bottles","11":"first","12":"instock","13":"shipping-taxable","14":"product-type-simple"},"jetpack_sharing_enabled":true,"_links":{"self":[{"href":"https:\/\/minghanggroup.com\/pt\/wp-json\/wp\/v2\/product\/2569","targetHints":{"allow":["GET"]}}],"collection":[{"href":"https:\/\/minghanggroup.com\/pt\/wp-json\/wp\/v2\/product"}],"about":[{"href":"https:\/\/minghanggroup.com\/pt\/wp-json\/wp\/v2\/types\/product"}],"wp:featuredmedia":[{"embeddable":true,"href":"https:\/\/minghanggroup.com\/pt\/wp-json\/wp\/v2\/media\/2570"}],"wp:attachment":[{"href":"https:\/\/minghanggroup.com\/pt\/wp-json\/wp\/v2\/media?parent=2569"}],"wp:term":[{"taxonomy":"product_brand","embeddable":true,"href":"https:\/\/minghanggroup.com\/pt\/wp-json\/wp\/v2\/product_brand?post=2569"},{"taxonomy":"product_cat","embeddable":true,"href":"https:\/\/minghanggroup.com\/pt\/wp-json\/wp\/v2\/product_cat?post=2569"},{"taxonomy":"product_tag","embeddable":true,"href":"https:\/\/minghanggroup.com\/pt\/wp-json\/wp\/v2\/product_tag?post=2569"}],"curies":[{"name":"wp","href":"https:\/\/api.w.org\/{rel}","templated":true}]}}