{"id":2564,"date":"2025-11-11T11:12:38","date_gmt":"2025-11-11T03:12:38","guid":{"rendered":"https:\/\/minghanggroup.com\/?post_type=product&#038;p=2564"},"modified":"2026-03-02T15:17:40","modified_gmt":"2026-03-02T07:17:40","slug":"bulk-glass-empty-bottles-for-hot-sauce-with-press-pump","status":"publish","type":"product","link":"https:\/\/minghanggroup.com\/pt\/produto\/bulk-glass-empty-bottles-for-hot-sauce-with-press-pump\/","title":{"rendered":"Garrafas de vidro vazias para molho picante, com bomba dosadora, 300ml e 500ml"},"content":{"rendered":"<p>Este pr\u00e1tico recipiente vazio para molho picante, com bot\u00e3o de press\u00e3o, \u00e9 feito de vidro transparente e possui uma bomba dosadora graduada de metal prateado. Pode ser usado tanto para molhos leves quanto como recipiente multiuso para outros molhos.<\/p>\n<h2>Caracter\u00edsticas do produto<\/h2>\n<ul>\n<li><strong>Gradientes n\u00edtidos:<\/strong> A garrafa transparente possui gradua\u00e7\u00f5es claras, permitindo visualizar sempre o volume restante do molho.<\/li>\n<li><strong>Sistema de dispensa\u00e7\u00e3o higi\u00eanica:<\/strong> O sistema de bomba de um toque permite a dispensa\u00e7\u00e3o higi\u00eanica sem contamina\u00e7\u00e3o cruzada.<\/li>\n<li><strong>Dur\u00e1vel:<\/strong> A combina\u00e7\u00e3o de um corpo de vidro resistente com um acabamento met\u00e1lico faz dele um utens\u00edlio ideal para o uso di\u00e1rio em uma cozinha profissional.<\/li>\n<\/ul>\n<h2 style=\"text-align: left;\">Especifica\u00e7\u00f5es principais<\/h2>\n<table class=\"aligncenter\" style=\"border-collapse: collapse; width: 492.02pt;\" border=\"0\" width=\"656\" cellspacing=\"0\" cellpadding=\"0\">\n<tbody>\n<tr style=\"height: 13.50pt;\">\n<td style=\"height: 13.50pt; width: 126.75pt;\" width=\"169\" height=\"18\">Recurso<\/td>\n<td style=\"width: 365.25pt;\" width=\"487\">Especifica\u00e7\u00e3o<\/td>\n<\/tr>\n<tr style=\"height: 13.50pt;\">\n<td style=\"height: 13.50pt;\" height=\"18\">Capacidades<\/td>\n<td>300ml (10oz) \/ 500ml (16oz)<\/td>\n<\/tr>\n<tr style=\"height: 13.50pt;\">\n<td style=\"height: 13.50pt;\" height=\"18\">Dimens\u00f5es (D\u00d7A)<\/td>\n<td>6\u00d721 cm \/ 6,5\u00d725 cm<\/td>\n<\/tr>\n<tr style=\"height: 13.50pt;\">\n<td style=\"height: 13.50pt;\" height=\"18\">Forma<\/td>\n<td>Garrafa de cerveja stout de paredes retas com marca\u00e7\u00f5es de volume moldadas.<\/td>\n<\/tr>\n<tr style=\"height: 13.50pt;\">\n<td style=\"height: 13.50pt;\" height=\"18\">Material<\/td>\n<td>Vidro de borosilicato de alta qualidade<\/td>\n<\/tr>\n<tr style=\"height: 13.50pt;\">\n<td style=\"height: 13.50pt;\" height=\"18\">Fecho inclu\u00eddo<\/td>\n<td>Bomba de press\u00e3o prateada (personaliz\u00e1vel)<\/td>\n<\/tr>\n<tr style=\"height: 13.50pt;\">\n<td style=\"height: 13.50pt;\" height=\"18\">Ideal para<\/td>\n<td>Molho picante, molho de pimenta, vinagre, molho de ostra, condimento<\/td>\n<\/tr>\n<tr style=\"height: 13.50pt;\">\n<td style=\"height: 13.50pt;\" height=\"18\">Uso ideal<\/td>\n<td>Garrafas vazias para molho picante, garrafas para molho<\/td>\n<\/tr>\n<\/tbody>\n<\/table>\n<h2>Caso de sucesso: Aumento da efici\u00eancia em restaurantes<\/h2>\n<p>Uma distribuidora regional de produtos aliment\u00edcios enfrentava problemas com o consumo incorreto e o desperd\u00edcio de molho. Ao implementar nossas garrafas vazias de 500ml para molho com dispensador de bot\u00e3o, obteve os seguintes resultados: a rede de churrascarias, gra\u00e7as ao uso da bomba dosadora control\u00e1vel, conseguiu reduzir o desperd\u00edcio de molho em 41% ap\u00f3s a ado\u00e7\u00e3o dessas garrafas; uma marca artesanal, devido a esse conceito funcional, tamb\u00e9m registrou um aumento de 38% nos pedidos de atacado. A distribuidora, portanto, j\u00e1 fez quatro grandes pedidos desde ent\u00e3o e ampliou o uso n\u00e3o apenas para as embalagens de 300ml de seu molho picante exclusivo, mas tamb\u00e9m para outros produtos.<\/p>\n<h2>Sugest\u00f5es de garrafas para personaliza\u00e7\u00e3o de molhos<\/h2>\n<ul>\n<li><strong>Identidade visual por serigrafia:<\/strong> Adicione o nome ou logotipo do restaurante logo abaixo das gradua\u00e7\u00f5es, imprimindo em letra de forma.<\/li>\n<li><strong>Cor da cabe\u00e7a da bomba:<\/strong> A cor da cabe\u00e7a da bomba pode ser personalizada para combinar com a imagem da marca do seu restaurante.<\/li>\n<li><strong>Design com base texturizada:<\/strong> Fa\u00e7a a base da garrafa com um padr\u00e3o antiderrapante para melhor ader\u00eancia.<\/li>\n<li><strong>Lacre de seguran\u00e7a inviol\u00e1vel:<\/strong> Uma garrafa com lacre inviol\u00e1vel \u00e9 f\u00e1cil de abrir pela primeira vez em estabelecimentos de servi\u00e7os de alimenta\u00e7\u00e3o.<\/li>\n<\/ul>","protected":false},"excerpt":{"rendered":"<p>Garrafas vazias e resistentes para molho picante, com bomba dosadora e marca\u00e7\u00f5es de medida claras. Ideais para molhos \u2014 perfeitas para restaurantes, entrega r\u00e1pida e pedidos em grande quantidade.<\/p>","protected":false},"featured_media":2899,"template":"","meta":{"postBodyCss":"","postBodyMargin":[],"postBodyPadding":[],"postBodyBackground":{"backgroundType":"classic","gradient":""}},"product_brand":[],"product_cat":[15,16,54],"product_tag":[99],"class_list":{"0":"post-2564","1":"product","2":"type-product","3":"status-publish","4":"has-post-thumbnail","6":"product_cat-glass-containers","7":"product_cat-glass-bottles","8":"product_cat-hot-sauce-bottles","9":"product_tag-glass-vinegar-bottles","11":"first","12":"instock","13":"shipping-taxable","14":"product-type-simple"},"jetpack_sharing_enabled":true,"_links":{"self":[{"href":"https:\/\/minghanggroup.com\/pt\/wp-json\/wp\/v2\/product\/2564","targetHints":{"allow":["GET"]}}],"collection":[{"href":"https:\/\/minghanggroup.com\/pt\/wp-json\/wp\/v2\/product"}],"about":[{"href":"https:\/\/minghanggroup.com\/pt\/wp-json\/wp\/v2\/types\/product"}],"wp:featuredmedia":[{"embeddable":true,"href":"https:\/\/minghanggroup.com\/pt\/wp-json\/wp\/v2\/media\/2899"}],"wp:attachment":[{"href":"https:\/\/minghanggroup.com\/pt\/wp-json\/wp\/v2\/media?parent=2564"}],"wp:term":[{"taxonomy":"product_brand","embeddable":true,"href":"https:\/\/minghanggroup.com\/pt\/wp-json\/wp\/v2\/product_brand?post=2564"},{"taxonomy":"product_cat","embeddable":true,"href":"https:\/\/minghanggroup.com\/pt\/wp-json\/wp\/v2\/product_cat?post=2564"},{"taxonomy":"product_tag","embeddable":true,"href":"https:\/\/minghanggroup.com\/pt\/wp-json\/wp\/v2\/product_tag?post=2564"}],"curies":[{"name":"wp","href":"https:\/\/api.w.org\/{rel}","templated":true}]}}