{"id":2557,"date":"2025-11-10T15:08:56","date_gmt":"2025-11-10T07:08:56","guid":{"rendered":"https:\/\/minghanggroup.com\/?post_type=product&#038;p=2557"},"modified":"2026-01-20T14:11:41","modified_gmt":"2026-01-20T06:11:41","slug":"flat-small-hot-sauce-bottles-for-pepper-sauce-bulk-supplier","status":"publish","type":"product","link":"https:\/\/minghanggroup.com\/pt\/produto\/flat-small-hot-sauce-bottles-for-pepper-sauce-bulk-supplier\/","title":{"rendered":"Frascos pequenos e planos de 125ml para molho de pimenta (a granel)"},"content":{"rendered":"<p>Este frasco de vidro plano, compacto e transparente, com corpo arredondado e tampa de rosca preta, \u00e9 ideal para armazenar pequenos frascos de molho picante, molhos de pimenta e outros condimentos apimentados.<\/p>\n<h2>Caracter\u00edsticas do produto<\/h2>\n<ul>\n<li><strong>\u00c0 prova de vazamentos e seguro:<\/strong> A tampa de rosca herm\u00e9tica do frasco garante que os produtos cheguem em perfeitas condi\u00e7\u00f5es, minimizando os casos de danos durante o transporte.<\/li>\n<li><strong>F\u00e1cil de usar:<\/strong> O gargalo e o bico regulares funcionam com um adaptador de bico (que pode ser adquirido separadamente) para uma dosagem precisa, especialmente se estiver lidando com molhos de pimenta \u00e0 base de vinagre.<\/li>\n<li><strong>Chamativo:<\/strong> Gra\u00e7as ao formato compacto e ao material de vidro transparente, seu r\u00f3tulo se torna altamente vis\u00edvel em compara\u00e7\u00e3o com in\u00fameros recipientes de molho barbecue.<\/li>\n<\/ul>\n<h2 style=\"text-align: left;\">Especifica\u00e7\u00f5es principais<\/h2>\n<table class=\"aligncenter\" style=\"border-collapse: collapse; width: 471.02pt;\" border=\"0\" width=\"628\" cellspacing=\"0\" cellpadding=\"0\">\n<tbody>\n<tr style=\"height: 13.50pt;\">\n<td style=\"height: 13.50pt; width: 86.25pt;\" width=\"115\" height=\"18\">Recurso<\/td>\n<td style=\"width: 384.75pt;\" width=\"513\">Detalhe<\/td>\n<\/tr>\n<tr style=\"height: 13.50pt;\">\n<td style=\"height: 13.50pt;\" height=\"18\">Capacidade<\/td>\n<td>125 ml<\/td>\n<\/tr>\n<tr style=\"height: 13.50pt;\">\n<td style=\"height: 13.50pt;\" height=\"18\">Dimens\u00f5es<\/td>\n<td>6,4 cm (L) \u00d7 13 cm (A)<\/td>\n<\/tr>\n<tr style=\"height: 13.50pt;\">\n<td style=\"height: 13.50pt;\" height=\"18\">Material<\/td>\n<td>Vidro transparente de cal sodada<\/td>\n<\/tr>\n<tr style=\"height: 13.50pt;\">\n<td style=\"height: 13.50pt;\" height=\"18\">Encerramento<\/td>\n<td>Tampa de pl\u00e1stico preta (personaliz\u00e1vel)<\/td>\n<\/tr>\n<tr style=\"height: 13.50pt;\">\n<td style=\"height: 13.50pt;\" height=\"18\">Uso ideal<\/td>\n<td>Garrafas de vidro para molho de pimenta, garrafas pequenas para molho picante a granel.<\/td>\n<\/tr>\n<\/tbody>\n<\/table>\n<h2>Caso de sucesso: Apoio a uma marca premium<\/h2>\n<p>Uma startup de alimentos gourmet decidiu usar essas garrafas de molho de pimenta como embalagem para seu molho picante exclusivo. O uso da garrafa como recipiente combina perfeitamente com sua receita saborosa e picante. Em menos de seis meses, sua distribui\u00e7\u00e3o no varejo cresceu 25%. A maioria dos clientes (68%) que compraram nos dois meses anteriores compraram os mesmos produtos novamente, o que levou a mais tr\u00eas pedidos, totalizando 200.000 garrafas, transformando o primeiro teste em uma parceria s\u00f3lida de atacado. A satisfa\u00e7\u00e3o foi atribu\u00edda \u00e0 qualidade da embalagem e \u00e0 rapidez na entrega.<\/p>\n<h2>Sugest\u00f5es para personalizar garrafas de molho picante<\/h2>\n<p>Transforme essas garrafas de molho vazias em pe\u00e7as \u00fanicas. Oferecemos diversas op\u00e7\u00f5es de personaliza\u00e7\u00e3o para suas pequenas garrafas de molho picante.<\/p>\n<ul>\n<li><strong>Cor do vidro:<\/strong> Por que n\u00e3o usar vidro transparente se voc\u00ea quiser que seu molho colorido seja o centro das aten\u00e7\u00f5es? Ou optar por vidro \u00e2mbar se o seu produto for sens\u00edvel \u00e0 luz?<\/li>\n<li><strong>Cor da tampa:<\/strong> Al\u00e9m da cor preta, voc\u00ea tamb\u00e9m pode personalizar as tampas de rosca para que reflitam a cor da sua marca.<\/li>\n<li><strong>Regulador de fluxo:<\/strong> Controle facilmente o fluxo de molho barbecue espesso ou xarope adicionando um regulador de fluxo que pode ser ajustado com facilidade.<\/li>\n<li><strong>Relevo:<\/strong> Transforme seu logotipo ou imagem em relevo diretamente na embalagem de vidro do molho picante para um efeito visual de marca exclusivo.<\/li>\n<li><strong>Tipo de revestimento:<\/strong> Para melhor veda\u00e7\u00e3o e prote\u00e7\u00e3o contra vinagres fortes ou condimentos oleosos, voc\u00ea pode considerar um material de revestimento especializado.<\/li>\n<\/ul>","protected":false},"excerpt":{"rendered":"<p>Frascos pequenos para molho de pimenta com design limpo e moderno. Frascos de alta qualidade, ideais para molho de pimenta caseiro ou comercial. Amostra gr\u00e1tis.<\/p>","protected":false},"featured_media":2559,"template":"","meta":{"postBodyCss":"","postBodyMargin":[],"postBodyPadding":[],"postBodyBackground":{"backgroundType":"classic","gradient":""}},"product_brand":[],"product_cat":[15,16,54],"product_tag":[72],"class_list":{"0":"post-2557","1":"product","2":"type-product","3":"status-publish","4":"has-post-thumbnail","6":"product_cat-glass-containers","7":"product_cat-glass-bottles","8":"product_cat-hot-sauce-bottles","9":"product_tag-juice-bottles","11":"first","12":"instock","13":"shipping-taxable","14":"product-type-simple"},"jetpack_sharing_enabled":true,"_links":{"self":[{"href":"https:\/\/minghanggroup.com\/pt\/wp-json\/wp\/v2\/product\/2557","targetHints":{"allow":["GET"]}}],"collection":[{"href":"https:\/\/minghanggroup.com\/pt\/wp-json\/wp\/v2\/product"}],"about":[{"href":"https:\/\/minghanggroup.com\/pt\/wp-json\/wp\/v2\/types\/product"}],"wp:featuredmedia":[{"embeddable":true,"href":"https:\/\/minghanggroup.com\/pt\/wp-json\/wp\/v2\/media\/2559"}],"wp:attachment":[{"href":"https:\/\/minghanggroup.com\/pt\/wp-json\/wp\/v2\/media?parent=2557"}],"wp:term":[{"taxonomy":"product_brand","embeddable":true,"href":"https:\/\/minghanggroup.com\/pt\/wp-json\/wp\/v2\/product_brand?post=2557"},{"taxonomy":"product_cat","embeddable":true,"href":"https:\/\/minghanggroup.com\/pt\/wp-json\/wp\/v2\/product_cat?post=2557"},{"taxonomy":"product_tag","embeddable":true,"href":"https:\/\/minghanggroup.com\/pt\/wp-json\/wp\/v2\/product_tag?post=2557"}],"curies":[{"name":"wp","href":"https:\/\/api.w.org\/{rel}","templated":true}]}}