{"id":2552,"date":"2025-11-07T13:54:34","date_gmt":"2025-11-07T05:54:34","guid":{"rendered":"https:\/\/minghanggroup.com\/?post_type=product&#038;p=2552"},"modified":"2026-03-02T15:17:52","modified_gmt":"2026-03-02T07:17:52","slug":"wholesale-clear-square-glass-bottles-for-sauces","status":"publish","type":"product","link":"https:\/\/minghanggroup.com\/pt\/produto\/wholesale-clear-square-glass-bottles-for-sauces\/","title":{"rendered":"Garrafas de vidro quadradas transparentes para molhos, dispon\u00edveis para venda por atacado, nos tamanhos 100ml, 150ml e 250ml."},"content":{"rendered":"<p>Feitas de vidro transparente com um estilo quadrado minimalista, estas garrafas de vidro para molhos est\u00e3o dispon\u00edveis em tr\u00eas tamanhos diferentes. As tampas pretas que vedam os frascos n\u00e3o s\u00f3 tornam o molho de pimenta um item atraente, perfeito para exibi\u00e7\u00e3o, como tamb\u00e9m combinam com qualquer estilo de cozinha.<\/p>\n<h2>Caracter\u00edsticas do produto<\/h2>\n<ul>\n<li><strong>Design de garrafa quadrada:<\/strong> A garrafa quadrada, com suas linhas simples, \u00e9 uma \u00f3tima combina\u00e7\u00e3o de beleza e utilidade.<\/li>\n<li><strong>Tamanhos diferentes:<\/strong> As tr\u00eas capacidades diferentes do produto podem ser utilizadas para satisfazer diversas necessidades e s\u00e3o adequadas tamb\u00e9m para o uso familiar di\u00e1rio, reembalagem e outras situa\u00e7\u00f5es.<\/li>\n<li><strong>Estilo minimalista:<\/strong> A tampa preta que encaixa no corpo de vidro transparente do frasco confere um visual minimalista e moderno, que \u00e9 ao mesmo tempo funcional e vers\u00e1til.<\/li>\n<\/ul>\n<h2 style=\"text-align: left;\">Especifica\u00e7\u00f5es principais<\/h2>\n<table class=\"aligncenter\" style=\"border-collapse: collapse; width: 469.52pt;\" border=\"0\" width=\"626\" cellspacing=\"0\" cellpadding=\"0\">\n<tbody>\n<tr style=\"height: 13.50pt;\">\n<td style=\"height: 13.50pt; width: 127.50pt;\" width=\"170\" height=\"18\">Recurso<\/td>\n<td style=\"width: 342.00pt;\" width=\"456\">Especifica\u00e7\u00e3o<\/td>\n<\/tr>\n<tr style=\"height: 13.50pt;\">\n<td style=\"height: 13.50pt;\" height=\"18\">Capacidades<\/td>\n<td>100ml \/ 150ml \/ 250ml<\/td>\n<\/tr>\n<tr style=\"height: 13.50pt;\">\n<td style=\"height: 13.50pt;\" height=\"18\">Dimens\u00f5es (L\u00d7A)<\/td>\n<td>4\u00d713,2 cm \/ 4,4\u00d716,6 cm \/ 5,1\u00d719,7 cm<\/td>\n<\/tr>\n<tr style=\"height: 13.50pt;\">\n<td style=\"height: 13.50pt;\" height=\"18\">Forma<\/td>\n<td>Garrafa quadrada de cerveja stout com laterais planas e bordas n\u00edtidas.<\/td>\n<\/tr>\n<tr style=\"height: 13.50pt;\">\n<td style=\"height: 13.50pt;\" height=\"18\">Material<\/td>\n<td>Garrafa de vidro transparente, pr\u00f3pria para alimentos, sem chumbo.<\/td>\n<\/tr>\n<tr style=\"height: 13.50pt;\">\n<td style=\"height: 13.50pt;\" height=\"18\">Fecho inclu\u00eddo<\/td>\n<td>Frasco para molho com tampa de rosca preta (personaliz\u00e1vel)<\/td>\n<\/tr>\n<tr style=\"height: 13.50pt;\">\n<td style=\"height: 13.50pt;\" height=\"18\">Uso ideal<\/td>\n<td>Garrafas de vidro para molhos, garrafas para molhos picantes a granel<\/td>\n<\/tr>\n<\/tbody>\n<\/table>\n<h2>Caso de sucesso: Uma combina\u00e7\u00e3o ideal de efici\u00eancia e estilo.<\/h2>\n<p>Com o crescimento exponencial da popularidade da empresa de condimentos, a inefici\u00eancia de armazenamento causada pelas garrafas redondas e inst\u00e1veis \u200b\u200btornou-se um problema. Ao optarem por nossas garrafas quadradas de 150 ml para molhos, conseguiram eliminar esse problema. Consequentemente, o espa\u00e7o por palete aumentou em 20%, reduzindo significativamente os custos log\u00edsticos. Al\u00e9m disso, o design moderno estava alinhado com as prefer\u00eancias do p\u00fablico-alvo, o que resultou em um aumento de 15% nas vendas no primeiro trimestre ap\u00f3s o lan\u00e7amento da nova embalagem. Posteriormente, o cliente realizou quatro pedidos consecutivos de 100.000 garrafas cada, ampliando seu estoque e adicionando a op\u00e7\u00e3o de 250 ml \u00e0 sua nova linha de condimentos.<\/p>\n<h2>Personalize garrafas de vidro para molhos<\/h2>\n<ul>\n<li><strong>Logotipo impresso:<\/strong> Considere a possibilidade de gravar um logotipo em relevo na parte saliente de um dos pain\u00e9is planos.<\/li>\n<li><strong>Serigrafia:<\/strong> Coloque sua obra de arte diretamente no frasco para obter uma apar\u00eancia duradoura e de primeira classe.<\/li>\n<li><strong>Vitrais:<\/strong> Use vidro \u00e2mbar ou verde se desejar armazenar seus molhos sens\u00edveis \u00e0 luz da melhor maneira e, ao mesmo tempo, ter uma apar\u00eancia \u00fanica.<\/li>\n<li><strong>Ataque \u00e1cido:<\/strong> Destaque figuras geom\u00e9tricas gravadas com \u00e1cido em seu painel.<\/li>\n<\/ul>\n<p>Gostaria de tornar suas embalagens mais eficientes? Temos frascos quadrados para condimentos em diferentes capacidades em nosso cat\u00e1logo. Caso deseje fazer um pedido em grande quantidade de frascos para molho picante, entre em contato conosco para saber o pre\u00e7o de atacado e o frete r\u00e1pido.<\/p>","protected":false},"excerpt":{"rendered":"<p>Garrafas geom\u00e9tricas quadradas de vidro transparente para molhos, perfeitas para molho picante ou churrasco. Compre garrafas de vidro para molhos no atacado com pre\u00e7os atrativos. Amostras gr\u00e1tis.<\/p>","protected":false},"featured_media":2556,"template":"","meta":{"postBodyCss":"","postBodyMargin":[],"postBodyPadding":[],"postBodyBackground":{"backgroundType":"classic","gradient":""}},"product_brand":[],"product_cat":[15,16,54],"product_tag":[98],"class_list":{"0":"post-2552","1":"product","2":"type-product","3":"status-publish","4":"has-post-thumbnail","6":"product_cat-glass-containers","7":"product_cat-glass-bottles","8":"product_cat-hot-sauce-bottles","9":"product_tag-salad-dressing-bottles","11":"first","12":"instock","13":"shipping-taxable","14":"product-type-simple"},"jetpack_sharing_enabled":true,"_links":{"self":[{"href":"https:\/\/minghanggroup.com\/pt\/wp-json\/wp\/v2\/product\/2552","targetHints":{"allow":["GET"]}}],"collection":[{"href":"https:\/\/minghanggroup.com\/pt\/wp-json\/wp\/v2\/product"}],"about":[{"href":"https:\/\/minghanggroup.com\/pt\/wp-json\/wp\/v2\/types\/product"}],"wp:featuredmedia":[{"embeddable":true,"href":"https:\/\/minghanggroup.com\/pt\/wp-json\/wp\/v2\/media\/2556"}],"wp:attachment":[{"href":"https:\/\/minghanggroup.com\/pt\/wp-json\/wp\/v2\/media?parent=2552"}],"wp:term":[{"taxonomy":"product_brand","embeddable":true,"href":"https:\/\/minghanggroup.com\/pt\/wp-json\/wp\/v2\/product_brand?post=2552"},{"taxonomy":"product_cat","embeddable":true,"href":"https:\/\/minghanggroup.com\/pt\/wp-json\/wp\/v2\/product_cat?post=2552"},{"taxonomy":"product_tag","embeddable":true,"href":"https:\/\/minghanggroup.com\/pt\/wp-json\/wp\/v2\/product_tag?post=2552"}],"curies":[{"name":"wp","href":"https:\/\/api.w.org\/{rel}","templated":true}]}}