{"id":2547,"date":"2025-11-07T11:45:30","date_gmt":"2025-11-07T03:45:30","guid":{"rendered":"https:\/\/minghanggroup.com\/?post_type=product&#038;p=2547"},"modified":"2026-03-02T15:19:54","modified_gmt":"2026-03-02T07:19:54","slug":"250ml-410ml-485ml-transparent-glass-hot-sauce-bottles-wholesale","status":"publish","type":"product","link":"https:\/\/minghanggroup.com\/pt\/produto\/250ml-410ml-485ml-transparent-glass-hot-sauce-bottles-wholesale\/","title":{"rendered":"Garrafas de vidro transparente para molho picante de 250ml, 410ml e 485ml (venda por atacado)"},"content":{"rendered":"<p>Estas garrafas de vidro para molho picante t\u00eam um design fino e ligeiramente afunilado, feitas de vidro transparente, o que confere \u00e0s garrafas um aspeto elegante e harmonioso.<\/p>\n<h2>Caracter\u00edsticas do produto<\/h2>\n<ul>\n<li><strong>Design c\u00f4nico elegante:<\/strong> O design c\u00f4nico de pe\u00e7a \u00fanica, da base at\u00e9 o ombro, apresenta uma textura premium, tornando o produto diferenciado na prateleira.<\/li>\n<li><strong>Material do vidro transparente:<\/strong> O recipiente de vidro transparente permite que os consumidores vejam a cor e verifiquem a quantidade de molho de pimenta no interior, facilitando assim a identifica\u00e7\u00e3o e o monitoramento.<\/li>\n<li><strong>Design otimizado para produ\u00e7\u00e3o:<\/strong> O corpo reto e c\u00f4nico da garrafa proporciona estabilidade na linha de envase, contribuindo assim para uma maior efici\u00eancia de embalagem.<\/li>\n<\/ul>\n<h2 style=\"text-align: left;\">Especifica\u00e7\u00f5es principais<\/h2>\n<table class=\"aligncenter\" style=\"border-collapse: collapse; width: 490.52pt;\" border=\"0\" width=\"654\" cellspacing=\"0\" cellpadding=\"0\">\n<tbody>\n<tr style=\"height: 13.50pt;\">\n<td style=\"height: 13.50pt; width: 127.50pt;\" width=\"170\" height=\"18\">Recurso<\/td>\n<td style=\"width: 363.00pt;\" width=\"484\">Especifica\u00e7\u00e3o<\/td>\n<\/tr>\n<tr style=\"height: 13.50pt;\">\n<td style=\"height: 13.50pt;\" height=\"18\">Capacidades<\/td>\n<td>250ml \/ 410ml \/ 485ml<\/td>\n<\/tr>\n<tr style=\"height: 13.50pt;\">\n<td style=\"height: 13.50pt;\" height=\"18\">Dimens\u00f5es (D\u00d7A)<\/td>\n<td>4,4\u00d715,5 cm \/ 6,4\u00d724,4 cm \/ 6,6\u00d726 cm<\/td>\n<\/tr>\n<tr style=\"height: 13.50pt;\">\n<td style=\"height: 13.50pt;\" height=\"18\">Forma<\/td>\n<td>Garrafa de cerveja stout com formato c\u00f4nico \u2013 ligeiramente mais estreita na base.<\/td>\n<\/tr>\n<tr style=\"height: 13.50pt;\">\n<td style=\"height: 13.50pt;\" height=\"18\">Material<\/td>\n<td>Garrafa de vidro transparente, pr\u00f3pria para alimentos, sem chumbo.<\/td>\n<\/tr>\n<tr style=\"height: 13.50pt;\">\n<td style=\"height: 13.50pt;\" height=\"18\">Pronto para o fechamento<\/td>\n<td>Compat\u00edvel com qualquer fecho de rosca, revestimento ou redutor de orif\u00edcio.<\/td>\n<\/tr>\n<tr style=\"height: 13.50pt;\">\n<td style=\"height: 13.50pt;\" height=\"18\">Ideal para<\/td>\n<td>Molho picante, molho de pimenta, molho de tomate<\/td>\n<\/tr>\n<tr style=\"height: 13.50pt;\">\n<td style=\"height: 13.50pt;\" height=\"18\">Uso ideal<\/td>\n<td>Garrafas de molho picante, garrafas de molho por atacado<\/td>\n<\/tr>\n<\/tbody>\n<\/table>\n<h2>Caso de sucesso: como as embalagens premium ajudam as marcas a crescer.<\/h2>\n<p>Uma pequena fabricante de molho picante artesanal decidiu disponibilizar seus produtos nos melhores supermercados, mas n\u00e3o tinha a embalagem ideal para esse ambiente. Finalmente, optaram por nossas garrafas de vidro c\u00f4nicas de 410 ml, que al\u00e9m de elegantes, tamb\u00e9m eram sofisticadas. A nova garrafa rapidamente ganhou popularidade. Em seis meses, registraram um aumento de 40% nas vendas no canal premium e conseguiram aumentar os pre\u00e7os em 15%. O formato diferenciado da garrafa tornou-se sua marca registrada, o que abriu caminho para a conquista de tr\u00eas grandes encomendas consecutivas. Atualmente, ao expandir para outros mercados, est\u00e3o experimentando um aumento de 60% no volume de pedidos em rela\u00e7\u00e3o ao ano anterior.<\/p>\n<h2>Sugest\u00f5es para personaliza\u00e7\u00e3o de garrafas<\/h2>\n<ul>\n<li><strong>Cor da tampa personalizada:<\/strong> Selecionar uma cor espec\u00edfica para a tampa da sua linha de produtos ou combin\u00e1-la com a imagem da sua marca pode ajudar a aumentar a visibilidade do seu produto.<\/li>\n<li><strong>Marca\u00e7\u00f5es capilares em relevo:<\/strong> Coloque a gradua\u00e7\u00e3o em relevo na garrafa.<\/li>\n<li><strong>Cores degrad\u00ea impressas em serigrafia:<\/strong> Para um efeito visual mais din\u00e2mico e atraente, aplique uma cor degrad\u00ea que corresponda ao formato c\u00f4nico da garrafa.<\/li>\n<li><strong>Forro especial:<\/strong> Troque o revestimento da tampa de acordo com os ingredientes espec\u00edficos.<\/li>\n<\/ul>\n<p>Deseja levar seu neg\u00f3cio de venda por atacado de garrafas de molho para o pr\u00f3ximo n\u00edvel? Para saber o pre\u00e7o no atacado, entre em contato conosco e descubra como o design certo da garrafa pode transformar a imagem da sua marca nas prateleiras.<\/p>","protected":false},"excerpt":{"rendered":"<p>Garrafas de vidro de alta qualidade para molho picante, com design fino e afunilado. Ideais para pequenas marcas e restaurantes. Envio r\u00e1pido e amostras gr\u00e1tis.<\/p>","protected":false},"featured_media":2551,"template":"","meta":{"postBodyCss":"","postBodyMargin":[],"postBodyPadding":[],"postBodyBackground":{"backgroundType":"classic","gradient":""}},"product_brand":[],"product_cat":[15,16,54],"product_tag":[99,98],"class_list":{"0":"post-2547","1":"product","2":"type-product","3":"status-publish","4":"has-post-thumbnail","6":"product_cat-glass-containers","7":"product_cat-glass-bottles","8":"product_cat-hot-sauce-bottles","9":"product_tag-glass-vinegar-bottles","10":"product_tag-salad-dressing-bottles","12":"first","13":"instock","14":"shipping-taxable","15":"product-type-simple"},"jetpack_sharing_enabled":true,"_links":{"self":[{"href":"https:\/\/minghanggroup.com\/pt\/wp-json\/wp\/v2\/product\/2547","targetHints":{"allow":["GET"]}}],"collection":[{"href":"https:\/\/minghanggroup.com\/pt\/wp-json\/wp\/v2\/product"}],"about":[{"href":"https:\/\/minghanggroup.com\/pt\/wp-json\/wp\/v2\/types\/product"}],"wp:featuredmedia":[{"embeddable":true,"href":"https:\/\/minghanggroup.com\/pt\/wp-json\/wp\/v2\/media\/2551"}],"wp:attachment":[{"href":"https:\/\/minghanggroup.com\/pt\/wp-json\/wp\/v2\/media?parent=2547"}],"wp:term":[{"taxonomy":"product_brand","embeddable":true,"href":"https:\/\/minghanggroup.com\/pt\/wp-json\/wp\/v2\/product_brand?post=2547"},{"taxonomy":"product_cat","embeddable":true,"href":"https:\/\/minghanggroup.com\/pt\/wp-json\/wp\/v2\/product_cat?post=2547"},{"taxonomy":"product_tag","embeddable":true,"href":"https:\/\/minghanggroup.com\/pt\/wp-json\/wp\/v2\/product_tag?post=2547"}],"curies":[{"name":"wp","href":"https:\/\/api.w.org\/{rel}","templated":true}]}}