{"id":2485,"date":"2025-11-06T15:45:10","date_gmt":"2025-11-06T07:45:10","guid":{"rendered":"https:\/\/minghanggroup.com\/?post_type=product&#038;p=2485"},"modified":"2026-01-20T14:13:23","modified_gmt":"2026-01-20T06:13:23","slug":"clear-glass-empty-hot-sauce-bottles-bulk","status":"publish","type":"product","link":"https:\/\/minghanggroup.com\/pt\/produto\/clear-glass-empty-hot-sauce-bottles-bulk\/","title":{"rendered":"Garrafas de vidro transparente vazias de 473 ml (16 oz) para molho picante - Pacote com 1"},"content":{"rendered":"<p>Estas garrafas vazias de molho picante v\u00eam com corpos de vidro transparente com detalhes texturizados no gargalo e na base, complementados por tampas douradas. Seu design minimalista e elegante \u00e9 perfeito para exibir o molho de pimenta em seu interior.<\/p>\n<h2>Caracter\u00edsticas do produto<\/h2>\n<ul>\n<li><strong>Material do vidro transparente:<\/strong> O recipiente de vidro transparente \u00e9 uma excelente maneira de mostrar a cor do molho de pimenta, bem como a quantidade restante.<\/li>\n<li><strong>Design de garrafa texturizada:<\/strong> A textura no decote e na parte inferior n\u00e3o s\u00f3 adiciona um toque de detalhe, como tamb\u00e9m melhora a est\u00e9tica do produto e a visibilidade da marca.<\/li>\n<li><strong>Grande capacidade:<\/strong> Com capacidade de 500ml, comporta confortavelmente tanto embalagens grandes de molhos comuns quanto de molhos especiais.<\/li>\n<\/ul>\n<h2 style=\"text-align: left;\">Especifica\u00e7\u00f5es principais<\/h2>\n<table class=\"aligncenter\" style=\"border-collapse: collapse; width: 418.52pt;\" border=\"0\" width=\"558\" cellspacing=\"0\" cellpadding=\"0\">\n<tbody>\n<tr style=\"height: 13.50pt;\">\n<td style=\"height: 13.50pt; width: 116.25pt;\" width=\"155\" height=\"18\">Recurso<\/td>\n<td style=\"width: 302.25pt;\" width=\"403\">Especifica\u00e7\u00e3o<\/td>\n<\/tr>\n<tr style=\"height: 13.50pt;\">\n<td style=\"height: 13.50pt;\" height=\"18\">Capacidade<\/td>\n<td>500ml\/16oz<\/td>\n<\/tr>\n<tr style=\"height: 13.50pt;\">\n<td style=\"height: 13.50pt;\" height=\"18\">Material<\/td>\n<td>Garrafa de vidro transparente, pr\u00f3pria para alimentos, sem chumbo.<\/td>\n<\/tr>\n<tr style=\"height: 13.50pt;\">\n<td style=\"height: 13.50pt;\" height=\"18\">Detalhes do projeto<\/td>\n<td>Bra\u00e7o e base texturizados; corpo liso<\/td>\n<\/tr>\n<tr style=\"height: 13.50pt;\">\n<td style=\"height: 13.50pt;\" height=\"18\">Pronto para o fechamento<\/td>\n<td>dourado, preto, prateado, vermelho (personalizado)<\/td>\n<\/tr>\n<tr style=\"height: 13.50pt;\">\n<td style=\"height: 13.50pt;\" height=\"18\">Tamanho da embalagem<\/td>\n<td>23 \u00d7 18 \u00d7 20 cm (empilhamento eficiente)<\/td>\n<\/tr>\n<tr style=\"height: 13.50pt;\">\n<td style=\"height: 13.50pt;\" height=\"18\">Ideal para<\/td>\n<td>Molho picante, molho de tomate, molho para salada<\/td>\n<\/tr>\n<tr style=\"height: 13.50pt;\">\n<td style=\"height: 13.50pt;\" height=\"18\">Uso ideal<\/td>\n<td>Garrafas de molho picante a granel, recipientes para molho picante<\/td>\n<\/tr>\n<\/tbody>\n<\/table>\n<h2>Caso de sucesso: como startups conquistam escalabilidade com garrafas de grande capacidade.<\/h2>\n<p>Uma startup de molho de pimenta encomendou inicialmente 2.000 garrafas vazias texturizadas personalizadas com seu logotipo. Em apenas tr\u00eas meses, o design texturizado e a tampa dourada ajudaram a empresa a entrar com sucesso em 15 mercados locais de alto padr\u00e3o. O excelente feedback dos clientes sobre a apar\u00eancia moderna resultou em um aumento de 80% nas vendas e um crescimento de 40% nas compras recorrentes. Sua distribui\u00e7\u00e3o n\u00e3o s\u00f3 se expandiu, como a empresa tamb\u00e9m se tornou um cliente est\u00e1vel e de grande volume, com pedidos trimestrais de 400.000 unidades e mais de 100 lojas na regi\u00e3o.<\/p>\n<h2>Sugest\u00f5es para personaliza\u00e7\u00e3o de garrafas<\/h2>\n<ul>\n<li><strong>Cores de bon\u00e9s personalizadas:<\/strong> A cor do bon\u00e9 pode ser preta, prateada ou branca, para combinar com as cores do logotipo da sua marca.<\/li>\n<li><strong>Padr\u00f5es de serigrafia:<\/strong> Os padr\u00f5es s\u00e3o aplicados diretamente na superf\u00edcie do vidro entre as faixas texturizadas para melhor resist\u00eancia ao desgaste.<\/li>\n<li><strong>Forros especiais:<\/strong> Troque os revestimentos das tampas por outros diferentes, adequados aos ingredientes espec\u00edficos, para prolongar a vida \u00fatil do produto.<\/li>\n<li><strong>Op\u00e7\u00f5es de ajuste do bico de despejo:<\/strong> Ajustadores de bico de diferentes tamanhos podem ser usados \u200b\u200bpara controlar o fluxo do l\u00edquido.<\/li>\n<\/ul>\n<p>Deseja encomendar molho picante de alta qualidade em grandes quantidades? Entre em contato conosco agora mesmo para obter cota\u00e7\u00f5es de pre\u00e7os de atacado e op\u00e7\u00f5es de envio convenientes.<\/p>","protected":false},"excerpt":{"rendered":"<p>Garrafas vazias premium para molho de pimenta com tampas de metal e design exclusivo. Ideais para personaliza\u00e7\u00e3o da marca e para compra em grandes quantidades. Fornecimento direto da f\u00e1brica.<\/p>","protected":false},"featured_media":2493,"template":"","meta":{"postBodyCss":"","postBodyMargin":[],"postBodyPadding":[],"postBodyBackground":{"backgroundType":"classic","gradient":""}},"product_brand":[],"product_cat":[15,16,54],"product_tag":[72],"class_list":{"0":"post-2485","1":"product","2":"type-product","3":"status-publish","4":"has-post-thumbnail","6":"product_cat-glass-containers","7":"product_cat-glass-bottles","8":"product_cat-hot-sauce-bottles","9":"product_tag-juice-bottles","11":"first","12":"instock","13":"shipping-taxable","14":"product-type-simple"},"jetpack_sharing_enabled":true,"_links":{"self":[{"href":"https:\/\/minghanggroup.com\/pt\/wp-json\/wp\/v2\/product\/2485","targetHints":{"allow":["GET"]}}],"collection":[{"href":"https:\/\/minghanggroup.com\/pt\/wp-json\/wp\/v2\/product"}],"about":[{"href":"https:\/\/minghanggroup.com\/pt\/wp-json\/wp\/v2\/types\/product"}],"wp:featuredmedia":[{"embeddable":true,"href":"https:\/\/minghanggroup.com\/pt\/wp-json\/wp\/v2\/media\/2493"}],"wp:attachment":[{"href":"https:\/\/minghanggroup.com\/pt\/wp-json\/wp\/v2\/media?parent=2485"}],"wp:term":[{"taxonomy":"product_brand","embeddable":true,"href":"https:\/\/minghanggroup.com\/pt\/wp-json\/wp\/v2\/product_brand?post=2485"},{"taxonomy":"product_cat","embeddable":true,"href":"https:\/\/minghanggroup.com\/pt\/wp-json\/wp\/v2\/product_cat?post=2485"},{"taxonomy":"product_tag","embeddable":true,"href":"https:\/\/minghanggroup.com\/pt\/wp-json\/wp\/v2\/product_tag?post=2485"}],"curies":[{"name":"wp","href":"https:\/\/api.w.org\/{rel}","templated":true}]}}