{"id":2466,"date":"2025-11-06T15:36:32","date_gmt":"2025-11-06T07:36:32","guid":{"rendered":"https:\/\/minghanggroup.com\/?post_type=product&#038;p=2466"},"modified":"2025-11-14T10:07:09","modified_gmt":"2025-11-14T02:07:09","slug":"glass-spices-jar-with-grinders-bulk","status":"publish","type":"product","link":"https:\/\/minghanggroup.com\/pt\/produto\/glass-spices-jar-with-grinders-bulk\/","title":{"rendered":"Pote de vidro para especiarias de 200ml com moedor de a\u00e7o inoxid\u00e1vel."},"content":{"rendered":"<p>N\u00e3o continue a tolerar temperos mal organizados que d\u00e3o \u00e0 sua cozinha um aspecto desorganizado. Produzimos potes de vidro para temperos de alta qualidade que n\u00e3o s\u00f3 deixam sua cozinha mais elegante, como tamb\u00e9m mant\u00eam seus temperos frescos. Mais do que simples recipientes, s\u00e3o a nova arma secreta da sua marca para organiza\u00e7\u00e3o da cozinha e embalagem de alimentos.<\/p>\n<h2>Caracter\u00edsticas do produto<\/h2>\n<ol>\n<li><strong>Clareza cristalina:<\/strong>O vidro altamente transparente permite que voc\u00ea veja rapidamente seus temperos, eliminando assim as d\u00favidas sobre quando \u00e9 hora de comprar mais.<\/li>\n<li><strong>Moedor embutido:<\/strong>A tampa de a\u00e7o inoxid\u00e1vel com moedor integrado permite ajustar a granulometria da pimenta-do-reino, do sal marinho e de outros temperos. \u00c9 perfeita para a sua cozinha.<\/li>\n<li><strong>Design redondo moderno:<\/strong>O formato redondo e elegante, com bordas suaves, n\u00e3o s\u00f3 confere o charme necess\u00e1rio aos seus recipientes de armazenamento de cozinha e potes de temperos, como tamb\u00e9m os torna mais sofisticados.<\/li>\n<\/ol>\n<h2>Especifica\u00e7\u00f5es principais<\/h2>\n<table style=\"border-collapse: collapse; width: 80%; margin-left: auto; margin-right: auto;\" border=\"0\" width=\"144\" cellspacing=\"0\" cellpadding=\"0\">\n<tbody>\n<tr style=\"height: 13.50pt;\">\n<td style=\"height: 13.5pt; width: 54pt; text-align: center;\" width=\"72\" height=\"18\">Recurso<\/td>\n<td style=\"width: 54pt; text-align: center;\" width=\"72\">Especifica\u00e7\u00e3o<\/td>\n<\/tr>\n<tr style=\"height: 13.50pt;\">\n<td style=\"height: 13.5pt; text-align: center;\" height=\"18\">Capacidade<\/td>\n<td style=\"text-align: center;\">150ml 200ml<\/td>\n<\/tr>\n<tr style=\"height: 13.50pt;\">\n<td style=\"height: 13.5pt; text-align: center;\" height=\"18\">Forma<\/td>\n<td style=\"text-align: center;\">Redondo<\/td>\n<\/tr>\n<tr style=\"height: 13.50pt;\">\n<td style=\"height: 13.5pt; text-align: center;\" height=\"18\">Acess\u00f3rio<\/td>\n<td style=\"text-align: center;\">Tampa de moagem<\/td>\n<\/tr>\n<tr style=\"height: 13.50pt;\">\n<td style=\"height: 13.5pt; text-align: center;\" height=\"18\">Uso<\/td>\n<td style=\"text-align: center;\">Pimenta-do-reino ou sal marinho, etc.<\/td>\n<\/tr>\n<\/tbody>\n<\/table>\n<h2>Caso de sucesso<\/h2>\n<p>Fomos contatados por uma marca gourmet europeia para ajud\u00e1-los a personalizar seus sofisticados potes de vidro e a\u00e7o inoxid\u00e1vel para especiarias com um moedor de metal. O moedor de metal tem ajuste de espessura e \u00e9 muito f\u00e1cil de usar, permitindo que se passe de sal marinho grosso a pimenta fina sem qualquer dificuldade. Para promover a marca e sua imagem, gravamos a laser seu logotipo geom\u00e9trico minimalista na tampa de metal.<\/p>\n<p>Ap\u00f3s o lan\u00e7amento do produto, a empresa registrou um aumento de 50% nas vendas e conseguiu confirmar sua posi\u00e7\u00e3o como marca premium no mercado.<\/p>\n<h2>Dicas de personaliza\u00e7\u00e3o<\/h2>\n<p>Os seus frascos de vidro para especiarias precisam estar \u00e0 altura da sofistica\u00e7\u00e3o da sua marca. Voc\u00ea pode escolher entre dois tipos de tampa de a\u00e7o inoxid\u00e1vel, escovada ou polida, ou personaliz\u00e1-las com o seu logotipo gravado a laser ou um discreto detalhe colorido. Deseja uma moagem mais fina para sal fino e uma mais grossa para misturas de pimentas? Podemos personalizar os moedores de cer\u00e2mica de acordo com a sua prefer\u00eancia.<\/p>\n<p>Independentemente de precisar de embalagens de 180 ml para prateleiras de varejo ou de 250 ml para fornecimento a restaurantes, garantimos que as veda\u00e7\u00f5es sejam herm\u00e9ticas, a est\u00e9tica elegante e a funcionalidade precisa. Podemos criar uma cole\u00e7\u00e3o de frascos de vidro para especiarias que encantar\u00e3o seus clientes.<\/p>","protected":false},"excerpt":{"rendered":"<p>Elegante pote para especiarias que combina vidro e a\u00e7o inoxid\u00e1vel. Perfeito para moer e armazenar pimenta, sal ou ervas com um toque moderno.<\/p>","protected":false},"featured_media":2468,"template":"","meta":{"postBodyCss":"","postBodyMargin":[],"postBodyPadding":[],"postBodyBackground":{"backgroundType":"classic","gradient":""}},"product_brand":[],"product_cat":[15,17,53],"product_tag":[],"class_list":{"0":"post-2466","1":"product","2":"type-product","3":"status-publish","4":"has-post-thumbnail","6":"product_cat-glass-containers","7":"product_cat-glass-jars","8":"product_cat-spice-jars","10":"first","11":"instock","12":"shipping-taxable","13":"product-type-simple"},"jetpack_sharing_enabled":true,"_links":{"self":[{"href":"https:\/\/minghanggroup.com\/pt\/wp-json\/wp\/v2\/product\/2466","targetHints":{"allow":["GET"]}}],"collection":[{"href":"https:\/\/minghanggroup.com\/pt\/wp-json\/wp\/v2\/product"}],"about":[{"href":"https:\/\/minghanggroup.com\/pt\/wp-json\/wp\/v2\/types\/product"}],"wp:featuredmedia":[{"embeddable":true,"href":"https:\/\/minghanggroup.com\/pt\/wp-json\/wp\/v2\/media\/2468"}],"wp:attachment":[{"href":"https:\/\/minghanggroup.com\/pt\/wp-json\/wp\/v2\/media?parent=2466"}],"wp:term":[{"taxonomy":"product_brand","embeddable":true,"href":"https:\/\/minghanggroup.com\/pt\/wp-json\/wp\/v2\/product_brand?post=2466"},{"taxonomy":"product_cat","embeddable":true,"href":"https:\/\/minghanggroup.com\/pt\/wp-json\/wp\/v2\/product_cat?post=2466"},{"taxonomy":"product_tag","embeddable":true,"href":"https:\/\/minghanggroup.com\/pt\/wp-json\/wp\/v2\/product_tag?post=2466"}],"curies":[{"name":"wp","href":"https:\/\/api.w.org\/{rel}","templated":true}]}}