{"id":2456,"date":"2025-11-06T14:39:39","date_gmt":"2025-11-06T06:39:39","guid":{"rendered":"https:\/\/minghanggroup.com\/?post_type=product&#038;p=2456"},"modified":"2025-11-14T10:07:16","modified_gmt":"2025-11-14T02:07:16","slug":"airtight-spice-jars-glass-kitchenware-bulk","status":"publish","type":"product","link":"https:\/\/minghanggroup.com\/pt\/produto\/airtight-spice-jars-glass-kitchenware-bulk\/","title":{"rendered":"Potes herm\u00e9ticos para especiarias de 100 ml com tampas de a\u00e7o inoxid\u00e1vel (em grande quantidade)"},"content":{"rendered":"<p>Pare de sofrer com a bagun\u00e7a no armazenamento de temperos que deixa sua cozinha um caos. Criamos potes herm\u00e9ticos premium para temperos que transformam sua cozinha em um espa\u00e7o elegante, mantendo seus temperos frescos. Eles n\u00e3o s\u00e3o apenas recipientes \u2014 s\u00e3o a nova arma secreta da sua marca para organiza\u00e7\u00e3o de cozinha e embalagem de alimentos.<\/p>\n<h2>Caracter\u00edsticas do produto<\/h2>\n<ol>\n<li><strong>Cristalino:<\/strong>O recipiente de vidro com excelente transpar\u00eancia permite verificar visualmente os temperos, eliminando a necessidade de adivinhar quando reabastecer.<\/li>\n<li><strong>Bem vedado:<\/strong>A tampa de a\u00e7o inoxid\u00e1vel com veda\u00e7\u00e3o met\u00e1lica na borda superior proporciona um fechamento herm\u00e9tico que mant\u00e9m os temperos frescos e, ao mesmo tempo, impede que a umidade danifique o recipiente.<\/li>\n<li><strong>Tampa interna multifuncional:<\/strong>A tampa herm\u00e9tica do frasco de especiarias tamb\u00e9m est\u00e1 equipada com um polvilhador multifuncional, com orif\u00edcios maiores para gr\u00e3os de pimenta maiores e orif\u00edcios menores para p\u00f3s mais finos.<\/li>\n<\/ol>\n<h2>Especifica\u00e7\u00f5es principais<\/h2>\n<table style=\"border-collapse: collapse; width: 80%; margin-left: auto; margin-right: auto;\" border=\"0\" width=\"144\" cellspacing=\"0\" cellpadding=\"0\">\n<tbody>\n<tr style=\"height: 13.50pt;\">\n<td style=\"height: 13.5pt; width: 54pt; text-align: center;\" width=\"72\" height=\"18\">Recurso<\/td>\n<td style=\"width: 54pt; text-align: center;\" width=\"72\">Especifica\u00e7\u00e3o<\/td>\n<\/tr>\n<tr style=\"height: 13.50pt;\">\n<td style=\"height: 13.5pt; text-align: center;\" height=\"18\">Capacidade<\/td>\n<td style=\"text-align: center;\">100ml<\/td>\n<\/tr>\n<tr style=\"height: 13.50pt;\">\n<td style=\"height: 13.5pt; text-align: center;\" height=\"18\">Tamanho<\/td>\n<td style=\"text-align: center;\">4,3 x 9,4 cm<\/td>\n<\/tr>\n<tr style=\"height: 13.50pt;\">\n<td style=\"height: 13.5pt; text-align: center;\" height=\"18\">Forma<\/td>\n<td style=\"text-align: center;\">Cilindro<\/td>\n<\/tr>\n<tr style=\"height: 13.50pt;\">\n<td style=\"height: 13.5pt; text-align: center;\" height=\"18\">Cor<\/td>\n<td style=\"text-align: center;\">Transparente ou personalizado<\/td>\n<\/tr>\n<\/tbody>\n<\/table>\n<h2>Caso de sucesso<\/h2>\n<p>Fomos contatados por uma marca alem\u00e3 de especiarias para criar uma s\u00e9rie personalizada de potes herm\u00e9ticos para especiarias como embalagem exclusiva para seu novo produto. O visual do produto \u00e9 essencialmente de vidro transparente combinado com uma tampa de a\u00e7o inoxid\u00e1vel escovado, resultando em um estilo minimalista e elegante. Para refor\u00e7ar a marca, gravamos o logotipo na tampa e adicionamos uma etiqueta remov\u00edvel no pote para facilitar a identifica\u00e7\u00e3o nos setores de varejo e servi\u00e7os de alimenta\u00e7\u00e3o.<\/p>\n<p>Apenas 3 meses ap\u00f3s o lan\u00e7amento do novo produto, as vendas offline da marca aumentaram 28%, e ela se tornou uma das marcas mais vendidas em diversos supermercados de luxo.<\/p>\n<h2>Dicas de personaliza\u00e7\u00e3o<\/h2>\n<p>Seus potes herm\u00e9ticos para temperos devem ser t\u00e3o sofisticados quanto seus pratos, e n\u00f3s os combinaremos com a transpar\u00eancia do vidro de sua escolha \u2014 perfeitamente transparente para temperos coloridos ou fosco se voc\u00ea preferir um visual minimalista para a cozinha. Adicione um logotipo da marca gravado a laser ou uma etiqueta impressa para elevar a identidade da sua marca a um novo patamar. Precisa de tamanhos diferentes para uma linha de produtos ou para as prateleiras da sua loja? Faremos ajustes no volume, na embalagem e na rotulagem para fornecer a cole\u00e7\u00e3o de recipientes para temperos que seja a sua marca preferida, aquela com a qual voc\u00ea tem mais consist\u00eancia.<\/p>","protected":false},"excerpt":{"rendered":"<p>Mantenha suas ervas e temperos frescos com nossos potes herm\u00e9ticos para especiarias. Esses recipientes de vidro para armazenar especiarias possuem tampas de a\u00e7o elegantes, perfeitas para uma organiza\u00e7\u00e3o moderna na cozinha.<\/p>","protected":false},"featured_media":2462,"template":"","meta":{"postBodyCss":"","postBodyMargin":[],"postBodyPadding":[],"postBodyBackground":{"backgroundType":"classic","gradient":""}},"product_brand":[],"product_cat":[15,17,53],"product_tag":[],"class_list":{"0":"post-2456","1":"product","2":"type-product","3":"status-publish","4":"has-post-thumbnail","6":"product_cat-glass-containers","7":"product_cat-glass-jars","8":"product_cat-spice-jars","10":"first","11":"instock","12":"shipping-taxable","13":"product-type-simple"},"jetpack_sharing_enabled":true,"_links":{"self":[{"href":"https:\/\/minghanggroup.com\/pt\/wp-json\/wp\/v2\/product\/2456","targetHints":{"allow":["GET"]}}],"collection":[{"href":"https:\/\/minghanggroup.com\/pt\/wp-json\/wp\/v2\/product"}],"about":[{"href":"https:\/\/minghanggroup.com\/pt\/wp-json\/wp\/v2\/types\/product"}],"wp:featuredmedia":[{"embeddable":true,"href":"https:\/\/minghanggroup.com\/pt\/wp-json\/wp\/v2\/media\/2462"}],"wp:attachment":[{"href":"https:\/\/minghanggroup.com\/pt\/wp-json\/wp\/v2\/media?parent=2456"}],"wp:term":[{"taxonomy":"product_brand","embeddable":true,"href":"https:\/\/minghanggroup.com\/pt\/wp-json\/wp\/v2\/product_brand?post=2456"},{"taxonomy":"product_cat","embeddable":true,"href":"https:\/\/minghanggroup.com\/pt\/wp-json\/wp\/v2\/product_cat?post=2456"},{"taxonomy":"product_tag","embeddable":true,"href":"https:\/\/minghanggroup.com\/pt\/wp-json\/wp\/v2\/product_tag?post=2456"}],"curies":[{"name":"wp","href":"https:\/\/api.w.org\/{rel}","templated":true}]}}