{"id":2455,"date":"2025-11-06T13:25:27","date_gmt":"2025-11-06T05:25:27","guid":{"rendered":"https:\/\/minghanggroup.com\/?post_type=product&#038;p=2455"},"modified":"2026-03-02T15:18:34","modified_gmt":"2026-03-02T07:18:34","slug":"bulk-glass-8-oz-hot-sauce-bottles-for-canning","status":"publish","type":"product","link":"https:\/\/minghanggroup.com\/pt\/produto\/bulk-glass-8-oz-hot-sauce-bottles-for-canning\/","title":{"rendered":"Garrafas de vidro de 236 ml (8 oz) para molho picante, ideais para conservas."},"content":{"rendered":"<p>Estas garrafas de molho picante de 237 ml (8 oz) s\u00e3o feitas de vidro transparente e possuem um formato c\u00f4nico elegante com tampa vermelha, discretas, por\u00e9m \u00fanicas, que refletem da maneira mais perfeita o delicioso sabor do molho em seu interior.<\/p>\n<h2>Caracter\u00edsticas do produto<\/h2>\n<ul>\n<li><strong>Design com ader\u00eancia segura:<\/strong> O design ergon\u00f4mico e c\u00f4nico oferece uma pegada confort\u00e1vel e antiderrapante, permitindo que o usu\u00e1rio despeje e transporte o l\u00edquido sem qualquer dificuldade.<\/li>\n<li><strong>Ideal para processamento em altas temperaturas:<\/strong> A garrafa de vidro \u00e9 suficientemente resistente para ser usada no envase em altas temperaturas e, ao mesmo tempo, pode servir como um bom conservante para o produto.<\/li>\n<li><strong>Visual deslumbrante:<\/strong> A tampa de rosca vermelha brilhante confere ao produto uma apar\u00eancia \u00fanica em um mercado saturado.<\/li>\n<\/ul>\n<h2 style=\"text-align: left;\">Especifica\u00e7\u00f5es principais<\/h2>\n<table class=\"aligncenter\" style=\"border-collapse: collapse; width: 462.77pt;\" border=\"0\" width=\"617\" cellspacing=\"0\" cellpadding=\"0\">\n<tbody>\n<tr style=\"height: 13.50pt;\">\n<td style=\"height: 13.50pt; width: 116.25pt;\" width=\"155\" height=\"18\">Recurso<\/td>\n<td style=\"width: 346.50pt;\" width=\"462\">Especifica\u00e7\u00e3o<\/td>\n<\/tr>\n<tr style=\"height: 13.50pt;\">\n<td style=\"height: 13.50pt;\" height=\"18\">Capacidade<\/td>\n<td>250ml (8 oz)<\/td>\n<\/tr>\n<tr style=\"height: 13.50pt;\">\n<td style=\"height: 13.50pt;\" height=\"18\">Forma<\/td>\n<td>Cl\u00e1ssico \u00f3culos de sol com cintura afunilada<\/td>\n<\/tr>\n<tr style=\"height: 13.50pt;\">\n<td style=\"height: 13.50pt;\" height=\"18\">Material<\/td>\n<td>Garrafa de vidro transparente, pr\u00f3pria para alimentos, sem chumbo.<\/td>\n<\/tr>\n<tr style=\"height: 13.50pt;\">\n<td style=\"height: 13.50pt;\" height=\"18\">Pronto para o fechamento<\/td>\n<td>tampas pretas, douradas, vermelhas ou met\u00e1licas<\/td>\n<\/tr>\n<tr style=\"height: 13.50pt;\">\n<td style=\"height: 13.50pt;\" height=\"18\">Tamanho da embalagem<\/td>\n<td>15 \u00d7 17 \u00d7 30 cm<\/td>\n<\/tr>\n<tr style=\"height: 13.50pt;\">\n<td style=\"height: 13.50pt;\" height=\"18\">Ideal para<\/td>\n<td>Molho picante, molho de pimenta, condimento, bebidas, suco<\/td>\n<\/tr>\n<tr style=\"height: 13.50pt;\">\n<td style=\"height: 13.50pt;\" height=\"18\">Uso ideal<\/td>\n<td>Garrafas para molho picante para conservas, garrafas para condimentos a granel,<\/td>\n<\/tr>\n<\/tbody>\n<\/table>\n<h2>Hist\u00f3ria de sucesso: de startup local \u00e0 distribui\u00e7\u00e3o nacional<\/h2>\n<p>A pequena empresa de molho picante artesanal utiliza esta garrafa de 237 ml (8 on\u00e7as) para toda a sua linha de produtos. Sua boa estabilidade t\u00e9rmica \u00e9 o principal motivo da escolha para o processo de envase, reduzindo os problemas de produ\u00e7\u00e3o em 30%. O conceito diferenciado da garrafa permitiu que a empresa conquistasse mais de 200 pontos de venda em apenas seis meses. Gra\u00e7as ao crescimento de 45% nas vendas online, impulsionado pela embalagem sofisticada, a empresa conseguiu manter um volume de pedidos trimestrais superior a 150.000 unidades por tr\u00eas anos consecutivos, expandindo assim para o mercado nacional.<\/p>\n<h2>Sugest\u00f5es para personaliza\u00e7\u00e3o de garrafas<\/h2>\n<ul>\n<li><strong>Cores de bon\u00e9s personalizadas:<\/strong> Op\u00e7\u00f5es em preto, branco ou tons met\u00e1licos para combinar perfeitamente ou parcialmente com a cor da sua marca.<\/li>\n<li><strong>Op\u00e7\u00f5es de vidro colorido:<\/strong> O vidro \u00e2mbar ou verde seria perfeito para produtos sens\u00edveis \u00e0 luz, ajudando assim a elevar o posicionamento do produto.<\/li>\n<li><strong>Superf\u00edcie fosca:<\/strong> O acabamento transparente gravado com \u00e1cido possui uma textura fosca que melhora tanto a apar\u00eancia quanto a ader\u00eancia do usu\u00e1rio.<\/li>\n<li><strong>Padr\u00f5es de vidro texturizado:<\/strong> A textura da superf\u00edcie facilita o manuseio, proporcionando melhor ader\u00eancia aos contornos da garrafa.<\/li>\n<\/ul>\n<p>Est\u00e1 pronto para elevar a qualidade das suas embalagens com estas garrafas multiuso de 236 ml para molho picante? Pre\u00e7os de atacado, pedidos f\u00e1ceis e entrega r\u00e1pida \u2013 entre em contato conosco hoje mesmo!<\/p>","protected":false},"excerpt":{"rendered":"<p>Elegantes garrafas de 237 ml (8 oz) para molho de pimenta com design exclusivo na cintura. Perfeitas para conservas, pedidos em grande quantidade, personaliza\u00e7\u00e3o, entrega r\u00e1pida e op\u00e7\u00f5es de amostra gr\u00e1tis.<\/p>","protected":false},"featured_media":2457,"template":"","meta":{"postBodyCss":"","postBodyMargin":[],"postBodyPadding":[],"postBodyBackground":{"backgroundType":"classic","gradient":""}},"product_brand":[],"product_cat":[15,16,54],"product_tag":[99,72,98],"class_list":{"0":"post-2455","1":"product","2":"type-product","3":"status-publish","4":"has-post-thumbnail","6":"product_cat-glass-containers","7":"product_cat-glass-bottles","8":"product_cat-hot-sauce-bottles","9":"product_tag-glass-vinegar-bottles","10":"product_tag-juice-bottles","11":"product_tag-salad-dressing-bottles","13":"first","14":"instock","15":"shipping-taxable","16":"product-type-simple"},"jetpack_sharing_enabled":true,"_links":{"self":[{"href":"https:\/\/minghanggroup.com\/pt\/wp-json\/wp\/v2\/product\/2455","targetHints":{"allow":["GET"]}}],"collection":[{"href":"https:\/\/minghanggroup.com\/pt\/wp-json\/wp\/v2\/product"}],"about":[{"href":"https:\/\/minghanggroup.com\/pt\/wp-json\/wp\/v2\/types\/product"}],"wp:featuredmedia":[{"embeddable":true,"href":"https:\/\/minghanggroup.com\/pt\/wp-json\/wp\/v2\/media\/2457"}],"wp:attachment":[{"href":"https:\/\/minghanggroup.com\/pt\/wp-json\/wp\/v2\/media?parent=2455"}],"wp:term":[{"taxonomy":"product_brand","embeddable":true,"href":"https:\/\/minghanggroup.com\/pt\/wp-json\/wp\/v2\/product_brand?post=2455"},{"taxonomy":"product_cat","embeddable":true,"href":"https:\/\/minghanggroup.com\/pt\/wp-json\/wp\/v2\/product_cat?post=2455"},{"taxonomy":"product_tag","embeddable":true,"href":"https:\/\/minghanggroup.com\/pt\/wp-json\/wp\/v2\/product_tag?post=2455"}],"curies":[{"name":"wp","href":"https:\/\/api.w.org\/{rel}","templated":true}]}}