{"id":2446,"date":"2025-11-06T11:38:16","date_gmt":"2025-11-06T03:38:16","guid":{"rendered":"https:\/\/minghanggroup.com\/?post_type=product&#038;p=2446"},"modified":"2026-03-02T15:19:36","modified_gmt":"2026-03-02T07:19:36","slug":"wholesale-transparent-glass-sauce-container-with-lids","status":"publish","type":"product","link":"https:\/\/minghanggroup.com\/pt\/produto\/wholesale-transparent-glass-sauce-container-with-lids\/","title":{"rendered":"Recipiente de vidro transparente para molho, com tampa, para atacado, 250ml e 350ml"},"content":{"rendered":"<p>A parte de vidro desses recipientes para molho \u00e9 transparente, eles t\u00eam uma estrutura larga e um gargalo estreito, permitindo visualizar claramente o molho vermelho intenso em seu interior. Dispon\u00edveis em dois tamanhos, oferecem aos consumidores diversas op\u00e7\u00f5es para diferentes situa\u00e7\u00f5es de consumo.<\/p>\n<h2>Caracter\u00edsticas do produto<\/h2>\n<ul>\n<li>Transpar\u00eancia ideal: A embalagem transparente, com seu design minimalista, transmite visualmente a qualidade e a pureza do produto em segundos, construindo rapidamente a confian\u00e7a do consumidor.<\/li>\n<li>Design de garrafa de f\u00e1cil fabrica\u00e7\u00e3o: O design s\u00f3lido e est\u00e1vel da garrafa permite opera\u00e7\u00f5es mesmo em linhas de envase de alta velocidade, sem necessidade de interrup\u00e7\u00f5es para manuten\u00e7\u00e3o.<\/li>\n<li>Op\u00e7\u00f5es de Capacidade Dupla: As duas op\u00e7\u00f5es volum\u00e9tricas, 250ml e 350ml, est\u00e3o dispon\u00edveis e, portanto, s\u00e3o as mais adequadas para suas estrat\u00e9gias de dispensa\u00e7\u00e3o e precifica\u00e7\u00e3o de produtos.<\/li>\n<\/ul>\n<h2 style=\"text-align: left;\">Especifica\u00e7\u00f5es principais<\/h2>\n<table class=\"aligncenter\" style=\"border-collapse: collapse; width: 441.77pt;\" border=\"0\" width=\"589\" cellspacing=\"0\" cellpadding=\"0\">\n<tbody>\n<tr style=\"height: 13.50pt;\">\n<td style=\"height: 13.50pt; width: 125.25pt;\" width=\"167\" height=\"18\">Recurso<\/td>\n<td style=\"width: 316.50pt;\" width=\"422\">Especifica\u00e7\u00e3o<\/td>\n<\/tr>\n<tr style=\"height: 13.50pt;\">\n<td style=\"height: 13.50pt;\" height=\"18\">Capacidades<\/td>\n<td>250 ml\/8 oz (6,8 \u00d7 16,7 cm), 350 ml\/12 oz (6,2 \u00d7 15,4 cm)<\/td>\n<\/tr>\n<tr style=\"height: 13.50pt;\">\n<td style=\"height: 13.50pt;\" height=\"18\">Forma<\/td>\n<td>Garrafa de vidro cil\u00edndrica reta<\/td>\n<\/tr>\n<tr style=\"height: 13.50pt;\">\n<td style=\"height: 13.50pt;\" height=\"18\">Material<\/td>\n<td>Garrafa de vidro transparente, pr\u00f3pria para alimentos, sem chumbo.<\/td>\n<\/tr>\n<tr style=\"height: 13.50pt;\">\n<td style=\"height: 13.50pt;\" height=\"18\">Op\u00e7\u00f5es de fechamento<\/td>\n<td>Tampa de rosca em preto ou branco (personaliz\u00e1vel)<\/td>\n<\/tr>\n<tr style=\"height: 13.50pt;\">\n<td style=\"height: 13.50pt;\" height=\"18\">Ideal para<\/td>\n<td>Molho picante, molho de pimenta, ketchup, molho para salada<\/td>\n<\/tr>\n<tr style=\"height: 13.50pt;\">\n<td style=\"height: 13.50pt;\" height=\"18\">Uso ideal<\/td>\n<td>Recipientes para molho por atacado, garrafas de vidro para molho<\/td>\n<\/tr>\n<\/tbody>\n<\/table>\n<h2>Hist\u00f3rias de sucesso: como a embalagem adequada levou ao aumento das vendas no varejo<\/h2>\n<p>O fabricante de alimentos especiais optou por nossas garrafas de vidro de 350 ml para molho picante, seu produto principal. A transpar\u00eancia da garrafa logo revelou a alta qualidade do produto. Em apenas seis meses, as vendas no varejo aumentaram 25% e um restaurante de churrasco reduziu o desperd\u00edcio em 33%, gra\u00e7as ao controle do volume servido (com o uso de um limitador de fluxo). O cliente comentou que o desempenho e a durabilidade das garrafas foram fatores essenciais para sua satisfa\u00e7\u00e3o e, por isso, encomendou mais de 100.000 garrafas por trimestre nos \u00faltimos dois anos.<\/p>\n<h2>Sugest\u00f5es para personaliza\u00e7\u00e3o de garrafas<\/h2>\n<ul>\n<li><strong>Op\u00e7\u00f5es de vitrais:<\/strong> Al\u00e9m de oferecer prote\u00e7\u00e3o contra a luz, use vidros \u00e2mbar ou azuis para um visual moderno e cl\u00e1ssico.<\/li>\n<li><strong>Cores de bon\u00e9s personalizadas:<\/strong> Um bon\u00e9 branco, prateado ou de cor personalizada que combine perfeitamente com o tom da sua marca.<\/li>\n<li><strong>Logotipo impresso:<\/strong> Torne-o mais exclusivo e reconhec\u00edvel gravando seu logotipo diretamente na superf\u00edcie do vidro.<\/li>\n<\/ul>\n<p>Tem interesse em elevar o n\u00edvel dos seus recipientes para molho? Estes recipientes de vidro para molho est\u00e3o dispon\u00edveis para venda e a entrega \u00e9 r\u00e1pida. Entre em contato conosco hoje mesmo para saber os pre\u00e7os de atacado e como podemos ajudar sua marca a se destacar.<\/p>","protected":false},"excerpt":{"rendered":"<p>Elegantes garrafas de vidro para molhos, ideais para chili, churrasco ou condimentos. Perfeitas para restaurantes e f\u00e1bricas de alimentos. Amostras gr\u00e1tis dispon\u00edveis e entrega r\u00e1pida.<\/p>","protected":false},"featured_media":2447,"template":"","meta":{"postBodyCss":"","postBodyMargin":[],"postBodyPadding":[],"postBodyBackground":{"backgroundType":"classic","gradient":""}},"product_brand":[],"product_cat":[15,16,54],"product_tag":[72,98],"class_list":{"0":"post-2446","1":"product","2":"type-product","3":"status-publish","4":"has-post-thumbnail","6":"product_cat-glass-containers","7":"product_cat-glass-bottles","8":"product_cat-hot-sauce-bottles","9":"product_tag-juice-bottles","10":"product_tag-salad-dressing-bottles","12":"first","13":"instock","14":"shipping-taxable","15":"product-type-simple"},"jetpack_sharing_enabled":true,"_links":{"self":[{"href":"https:\/\/minghanggroup.com\/pt\/wp-json\/wp\/v2\/product\/2446","targetHints":{"allow":["GET"]}}],"collection":[{"href":"https:\/\/minghanggroup.com\/pt\/wp-json\/wp\/v2\/product"}],"about":[{"href":"https:\/\/minghanggroup.com\/pt\/wp-json\/wp\/v2\/types\/product"}],"wp:featuredmedia":[{"embeddable":true,"href":"https:\/\/minghanggroup.com\/pt\/wp-json\/wp\/v2\/media\/2447"}],"wp:attachment":[{"href":"https:\/\/minghanggroup.com\/pt\/wp-json\/wp\/v2\/media?parent=2446"}],"wp:term":[{"taxonomy":"product_brand","embeddable":true,"href":"https:\/\/minghanggroup.com\/pt\/wp-json\/wp\/v2\/product_brand?post=2446"},{"taxonomy":"product_cat","embeddable":true,"href":"https:\/\/minghanggroup.com\/pt\/wp-json\/wp\/v2\/product_cat?post=2446"},{"taxonomy":"product_tag","embeddable":true,"href":"https:\/\/minghanggroup.com\/pt\/wp-json\/wp\/v2\/product_tag?post=2446"}],"curies":[{"name":"wp","href":"https:\/\/api.w.org\/{rel}","templated":true}]}}