{"id":2443,"date":"2025-11-06T13:23:48","date_gmt":"2025-11-06T05:23:48","guid":{"rendered":"https:\/\/minghanggroup.com\/?post_type=product&#038;p=2443"},"modified":"2025-11-14T10:07:27","modified_gmt":"2025-11-14T02:07:27","slug":"seasoning-bottles-spices-container-wholesale","status":"publish","type":"product","link":"https:\/\/minghanggroup.com\/pt\/produto\/seasoning-bottles-spices-container-wholesale\/","title":{"rendered":"Frascos de vidro de 50ml para temperos com tampa colorida, ideais para armazenamento na cozinha."},"content":{"rendered":"<p>N\u00e3o deixe que potes de tempero bagun\u00e7ados, que deixam sua cozinha desorganizada, sejam mais um problema. Fabricamos recipientes para temperos de alta qualidade que n\u00e3o s\u00f3 mant\u00eam seus temperos frescos, como tamb\u00e9m deixam sua cozinha com um visual moderno. Eles n\u00e3o s\u00e3o apenas recipientes, mas sim a nova arma secreta da sua marca para organiza\u00e7\u00e3o da cozinha e embalagem de alimentos.<\/p>\n<h2>Caracter\u00edsticas do produto<\/h2>\n<ol>\n<li><strong>Design com textura antiderrapante:<\/strong>O padr\u00e3o quadriculado na superf\u00edcie de vidro proporciona uma pegada confort\u00e1vel e adiciona um toque moderno ao seu espa\u00e7o de armazenamento na cozinha.<\/li>\n<li><strong>Op\u00e7\u00f5es coloridas:<\/strong>Para as tampas dos seus frascos de vidro para temperos, voc\u00ea pode escolher entre vermelho, preto, branco, amarelo ou verde para combinar com a sua marca e, assim, criar uma apar\u00eancia harmoniosa.<\/li>\n<li><strong>Clareza cristalina:<\/strong>Com a ajuda do vidro transparente, voc\u00ea pode verificar rapidamente o n\u00edvel de tempero e, assim, saber exatamente quando \u00e9 hora de fazer um novo pedido.<\/li>\n<\/ol>\n<h2>Especifica\u00e7\u00f5es principais<\/h2>\n<table style=\"border-collapse: collapse; width: 80%; margin-left: auto; margin-right: auto;\" border=\"0\" width=\"144\" cellspacing=\"0\" cellpadding=\"0\">\n<tbody>\n<tr style=\"height: 13.50pt;\">\n<td style=\"height: 13.5pt; width: 54pt; text-align: center;\" width=\"72\" height=\"18\">Recurso<\/td>\n<td style=\"width: 54pt; text-align: center;\" width=\"72\">Especifica\u00e7\u00e3o<\/td>\n<\/tr>\n<tr style=\"height: 13.50pt;\">\n<td style=\"height: 13.5pt; text-align: center;\" height=\"18\">Capacidade<\/td>\n<td style=\"text-align: center;\">50ml<\/td>\n<\/tr>\n<tr style=\"height: 13.50pt;\">\n<td style=\"height: 13.5pt; text-align: center;\" height=\"18\">Tamanho<\/td>\n<td style=\"text-align: center;\">3,9 x 8,3 cm<\/td>\n<\/tr>\n<tr style=\"height: 13.50pt;\">\n<td style=\"height: 13.5pt; text-align: center;\" height=\"18\">Op\u00e7\u00f5es de tampa<\/td>\n<td style=\"text-align: center;\">Pl\u00e1stico, metal, bambu<\/td>\n<\/tr>\n<tr style=\"height: 13.50pt;\">\n<td style=\"height: 13.5pt; text-align: center;\" height=\"18\">Forma<\/td>\n<td style=\"text-align: center;\">Cilindro<\/td>\n<\/tr>\n<tr style=\"height: 13.50pt;\">\n<td style=\"height: 13.5pt; text-align: center;\" height=\"18\">Adequado para<\/td>\n<td style=\"text-align: center;\">Restaurantes, caf\u00e9s, supermercados, etc.<\/td>\n<\/tr>\n<\/tbody>\n<\/table>\n<h2>Caso de sucesso<\/h2>\n<p>Nosso cliente, um fornecedor de especiarias sul-americano, nos procurou para codificar por cores esses frascos de vidro para temperos, usando tampas de cores diferentes \u2014 vermelho para pimenta em p\u00f3, amarelo para c\u00farcuma e verde para ervas \u2014 para que os usu\u00e1rios possam encontrar rapidamente o que precisam.<\/p>\n<p>Seus recipientes para especiarias, inovadores e dur\u00e1veis, impulsionaram as vendas em 40% em apenas tr\u00eas meses.<\/p>\n<h2>Dicas de personaliza\u00e7\u00e3o<\/h2>\n<p>Se voc\u00ea deseja criar um porta-temperos visualmente atraente com este recipiente de vidro, sugerimos que personalize as cores das tampas para corresponder a diferentes especiarias \u2014 por exemplo, vermelho para pimenta, verde para ervas e assim por diante. Al\u00e9m disso, voc\u00ea pode adicionar a identidade da sua marca e se destacar com etiquetas impressas ou em relevo. Considere tamb\u00e9m permitir que seus clientes escolham os diferentes tamanhos de furos na tampa do saleiro para usar com p\u00f3s finos ou temperos mais grossos, criando um design atraente, pr\u00e1tico e conveniente para o uso di\u00e1rio na cozinha.<\/p>","protected":false},"excerpt":{"rendered":"<p>Frascos de vidro brilhantes e pr\u00e1ticos para temperos, com tampas coloridas. Recipiente ideal para sal, pimenta ou ervas \u2014 perfeito para cozinhas e restaurantes.<\/p>","protected":false},"featured_media":2444,"template":"","meta":{"postBodyCss":"","postBodyMargin":[],"postBodyPadding":[],"postBodyBackground":{"backgroundType":"classic","gradient":""}},"product_brand":[],"product_cat":[15,17,53],"product_tag":[],"class_list":{"0":"post-2443","1":"product","2":"type-product","3":"status-publish","4":"has-post-thumbnail","6":"product_cat-glass-containers","7":"product_cat-glass-jars","8":"product_cat-spice-jars","10":"first","11":"instock","12":"shipping-taxable","13":"product-type-simple"},"jetpack_sharing_enabled":true,"_links":{"self":[{"href":"https:\/\/minghanggroup.com\/pt\/wp-json\/wp\/v2\/product\/2443","targetHints":{"allow":["GET"]}}],"collection":[{"href":"https:\/\/minghanggroup.com\/pt\/wp-json\/wp\/v2\/product"}],"about":[{"href":"https:\/\/minghanggroup.com\/pt\/wp-json\/wp\/v2\/types\/product"}],"wp:featuredmedia":[{"embeddable":true,"href":"https:\/\/minghanggroup.com\/pt\/wp-json\/wp\/v2\/media\/2444"}],"wp:attachment":[{"href":"https:\/\/minghanggroup.com\/pt\/wp-json\/wp\/v2\/media?parent=2443"}],"wp:term":[{"taxonomy":"product_brand","embeddable":true,"href":"https:\/\/minghanggroup.com\/pt\/wp-json\/wp\/v2\/product_brand?post=2443"},{"taxonomy":"product_cat","embeddable":true,"href":"https:\/\/minghanggroup.com\/pt\/wp-json\/wp\/v2\/product_cat?post=2443"},{"taxonomy":"product_tag","embeddable":true,"href":"https:\/\/minghanggroup.com\/pt\/wp-json\/wp\/v2\/product_tag?post=2443"}],"curies":[{"name":"wp","href":"https:\/\/api.w.org\/{rel}","templated":true}]}}