{"id":2438,"date":"2025-11-06T11:13:23","date_gmt":"2025-11-06T03:13:23","guid":{"rendered":"https:\/\/minghanggroup.com\/?post_type=product&#038;p=2438"},"modified":"2025-11-14T10:07:34","modified_gmt":"2025-11-14T02:07:34","slug":"stainless-steel-seasoning-shakers-bulk-glass-jars-factory","status":"publish","type":"product","link":"https:\/\/minghanggroup.com\/pt\/produto\/stainless-steel-seasoning-shakers-bulk-glass-jars-factory\/","title":{"rendered":"Saleiro e pimenteiro de a\u00e7o inoxid\u00e1vel de 85g para organizar sua cozinha."},"content":{"rendered":"<p>Pare de sofrer com a bagun\u00e7a no armazenamento de temperos que deixa sua cozinha um caos. Criamos saleiros e pimenteiros premium que transformam sua cozinha em um espa\u00e7o elegante, mantendo seus temperos frescos. Eles n\u00e3o s\u00e3o apenas recipientes \u2014 s\u00e3o a nova arma secreta da sua marca para organiza\u00e7\u00e3o de cozinha e embalagem de alimentos.<\/p>\n<h2>Caracter\u00edsticas do produto<\/h2>\n<ol>\n<li><strong>Parte de vidro transparente:<\/strong>A parte de vidro no centro dos saleiros e pimenteiros permite que voc\u00ea veja os temperos sem precisar abrir o frasco \u2014 chega de ter que adivinhar quando \u00e9 hora de comprar mais.<\/li>\n<li><strong>Tampa com capacidade vari\u00e1vel para agitar:<\/strong>Controle o fluxo de seus temperos com os pequenos orif\u00edcios na tampa, ideais para sal, pimenta e ervas \u2014 perfeitos para seus frascos de temperos na cozinha.<\/li>\n<li><strong>Estilo contempor\u00e2neo em a\u00e7o inoxid\u00e1vel:<\/strong>Dur\u00e1veis, modernos e perfeitos para cozinhas dom\u00e9sticas ou restaurantes, esses potes de especiarias embelezam instantaneamente qualquer ambiente.<\/li>\n<li><strong>Personaliza\u00e7\u00e3o de cores:<\/strong>Escolha entre as cores vermelho, preto, azul ou verde para combinar com a identidade visual da sua marca para os seus recipientes de armazenamento de especiarias.<\/li>\n<\/ol>\n<h2>Especifica\u00e7\u00f5es principais<\/h2>\n<table style=\"border-collapse: collapse; width: 80%; margin-left: auto; margin-right: auto;\" border=\"0\" width=\"144\" cellspacing=\"0\" cellpadding=\"0\">\n<tbody>\n<tr style=\"height: 13.50pt;\">\n<td style=\"height: 13.5pt; width: 54pt; text-align: center;\" width=\"72\" height=\"18\">Recurso<\/td>\n<td style=\"width: 54pt; text-align: center;\" width=\"72\">Especifica\u00e7\u00e3o<\/td>\n<\/tr>\n<tr style=\"height: 13.50pt;\">\n<td style=\"height: 13.5pt; text-align: center;\" height=\"18\">Capacidade<\/td>\n<td style=\"text-align: center;\">80ml 90ml (3oz) 100ml<\/td>\n<\/tr>\n<tr style=\"height: 13.50pt;\">\n<td style=\"height: 13.5pt; text-align: center;\" height=\"18\">Forma<\/td>\n<td style=\"text-align: center;\">Cilindro<\/td>\n<\/tr>\n<tr style=\"height: 13.50pt;\">\n<td style=\"height: 13.5pt; text-align: center;\" height=\"18\">Material<\/td>\n<td style=\"text-align: center;\">A\u00e7o inoxid\u00e1vel, vidro sem chumbo<\/td>\n<\/tr>\n<tr style=\"height: 13.50pt;\">\n<td style=\"height: 13.5pt; text-align: center;\" height=\"18\">Personaliza\u00e7\u00e3o<\/td>\n<td style=\"text-align: center;\">Cor, Etiqueta, Prateleira, Logotipo, Impress\u00e3o<\/td>\n<\/tr>\n<\/tbody>\n<\/table>\n<h2>Caso de sucesso<\/h2>\n<p>Fomos contratados por uma empresa europeia de produtos secos para criar estes saleiros e pimenteiros personalizados. O frasco de a\u00e7o inoxid\u00e1vel, em cores vibrantes, possui uma tampa ajust\u00e1vel para facilitar o controle das por\u00e7\u00f5es e evitar que o tempero estrague. Cada frasco \u00e9 gravado a laser com o logotipo da empresa, complementando perfeitamente o tema moderno de cozinha da marca.<\/p>\n<p>Desde o lan\u00e7amento deste novo produto, suas vendas online aumentaram 40%.<\/p>\n<h2>Dicas de personaliza\u00e7\u00e3o<\/h2>\n<p>A ampla gama de op\u00e7\u00f5es de personaliza\u00e7\u00e3o destes frascos de especiarias permite que voc\u00ea escolha a cor da parte externa que melhor se adapta \u00e0 imagem da sua marca, como o tradicional preto, o branco creme ou o prata met\u00e1lico. Um bico girat\u00f3rio facilita o controle da dosagem do condimento. Estes frascos de especiarias podem ser fabricados com uma combina\u00e7\u00e3o de vidro borossilicato e a\u00e7o inoxid\u00e1vel, o que os torna n\u00e3o apenas dur\u00e1veis, mas tamb\u00e9m visualmente atraentes. Voc\u00ea pode imprimir o logotipo da sua marca no frasco ou na tampa para maior reconhecimento da marca. H\u00e1 tamb\u00e9m a op\u00e7\u00e3o de embalagem em caixa de presente, que torna este produto um presente sofisticado para a cozinha ou um conjunto promocional.<\/p>","protected":false},"excerpt":{"rendered":"<p>Potes de tempero vibrantes em a\u00e7o inoxid\u00e1vel, com tampas ajust\u00e1veis, perfeitos para armazenar sal, pimenta e ervas com estilo e frescor.<\/p>","protected":false},"featured_media":2439,"template":"","meta":{"postBodyCss":"","postBodyMargin":[],"postBodyPadding":[],"postBodyBackground":{"backgroundType":"classic","gradient":""}},"product_brand":[],"product_cat":[53,15,17],"product_tag":[],"class_list":{"0":"post-2438","1":"product","2":"type-product","3":"status-publish","4":"has-post-thumbnail","6":"product_cat-spice-jars","7":"product_cat-glass-containers","8":"product_cat-glass-jars","10":"first","11":"instock","12":"shipping-taxable","13":"product-type-simple"},"jetpack_sharing_enabled":true,"_links":{"self":[{"href":"https:\/\/minghanggroup.com\/pt\/wp-json\/wp\/v2\/product\/2438","targetHints":{"allow":["GET"]}}],"collection":[{"href":"https:\/\/minghanggroup.com\/pt\/wp-json\/wp\/v2\/product"}],"about":[{"href":"https:\/\/minghanggroup.com\/pt\/wp-json\/wp\/v2\/types\/product"}],"wp:featuredmedia":[{"embeddable":true,"href":"https:\/\/minghanggroup.com\/pt\/wp-json\/wp\/v2\/media\/2439"}],"wp:attachment":[{"href":"https:\/\/minghanggroup.com\/pt\/wp-json\/wp\/v2\/media?parent=2438"}],"wp:term":[{"taxonomy":"product_brand","embeddable":true,"href":"https:\/\/minghanggroup.com\/pt\/wp-json\/wp\/v2\/product_brand?post=2438"},{"taxonomy":"product_cat","embeddable":true,"href":"https:\/\/minghanggroup.com\/pt\/wp-json\/wp\/v2\/product_cat?post=2438"},{"taxonomy":"product_tag","embeddable":true,"href":"https:\/\/minghanggroup.com\/pt\/wp-json\/wp\/v2\/product_tag?post=2438"}],"curies":[{"name":"wp","href":"https:\/\/api.w.org\/{rel}","templated":true}]}}