{"id":2433,"date":"2025-11-06T09:19:13","date_gmt":"2025-11-06T01:19:13","guid":{"rendered":"https:\/\/minghanggroup.com\/?post_type=product&#038;p=2433"},"modified":"2026-03-02T15:19:16","modified_gmt":"2026-03-02T07:19:16","slug":"wholesale-empty-clear-glass-bbq-sauce-bottles","status":"publish","type":"product","link":"https:\/\/minghanggroup.com\/pt\/produto\/wholesale-empty-clear-glass-bbq-sauce-bottles\/","title":{"rendered":"Garrafas de vidro transparente vazias para molho barbecue, 267ml e 473ml, para venda por atacado."},"content":{"rendered":"<p>Este frasco para molho apresenta um design de vidro redondo com paredes retas, sem curvas ou adornos desnecess\u00e1rios. Seu corpo puro e transparente faz com que seu molho picante, molho barbecue ou molho dourado para salada seja o foco visual.<\/p>\n<h2>Caracter\u00edsticas do produto<\/h2>\n<ul>\n<li><strong>Material de vidro transparente:<\/strong> Com um recipiente de vidro transparente, a cor e a consist\u00eancia do produto tornam-se imediatamente o principal atrativo para os clientes.<\/li>\n<li><strong>Design minimalista:<\/strong> O frasco transparente, juntamente com a tampa prateada ou preta, confere uma impress\u00e3o visual elegante e simples, sendo, portanto, pr\u00e1tico e vers\u00e1til.<\/li>\n<li><strong>Op\u00e7\u00f5es de dupla capacidade:<\/strong> Est\u00e3o dispon\u00edveis duas op\u00e7\u00f5es de capacidade para as garrafas: 267 ml e 473 ml, que atendem perfeitamente \u00e0s suas necessidades, seja para armazenar uma pequena quantidade de molhos especiais ou uma grande quantidade de molho barbecue.<\/li>\n<\/ul>\n<h2 style=\"text-align: left;\">Especifica\u00e7\u00f5es principais<\/h2>\n<table class=\"aligncenter\" style=\"border-collapse: collapse; width: 435.77pt;\" border=\"0\" width=\"581\" cellspacing=\"0\" cellpadding=\"0\">\n<tbody>\n<tr style=\"height: 13.50pt;\">\n<td style=\"height: 13.50pt; width: 119.25pt;\" width=\"159\" height=\"18\">Recurso<\/td>\n<td style=\"width: 316.50pt;\" width=\"422\">Especifica\u00e7\u00e3o<\/td>\n<\/tr>\n<tr style=\"height: 13.50pt;\">\n<td style=\"height: 13.50pt;\" height=\"18\">Capacidades<\/td>\n<td>267 ml, 473 ml<\/td>\n<\/tr>\n<tr style=\"height: 13.50pt;\">\n<td style=\"height: 13.50pt;\" height=\"18\">Tamanho da embalagem<\/td>\n<td>20 \u00d7 15 \u00d7 15 cm (mesmo tamanho para ambos os casos)<\/td>\n<\/tr>\n<tr style=\"height: 13.50pt;\">\n<td style=\"height: 13.50pt;\" height=\"18\">Forma<\/td>\n<td>Garrafa de vidro cil\u00edndrica reta<\/td>\n<\/tr>\n<tr style=\"height: 13.50pt;\">\n<td style=\"height: 13.50pt;\" height=\"18\">Material<\/td>\n<td>Garrafa de vidro transparente, pr\u00f3pria para alimentos, sem chumbo.<\/td>\n<\/tr>\n<tr style=\"height: 13.50pt;\">\n<td style=\"height: 13.50pt;\" height=\"18\">Op\u00e7\u00f5es de fechamento<\/td>\n<td>Tampa de rosca em preto ou prata (personaliz\u00e1vel)<\/td>\n<\/tr>\n<tr style=\"height: 13.50pt;\">\n<td style=\"height: 13.50pt;\" height=\"18\">Ideal para<\/td>\n<td>Molho picante, molho barbecue, condimento<\/td>\n<\/tr>\n<tr style=\"height: 13.50pt;\">\n<td style=\"height: 13.50pt;\" height=\"18\">Uso ideal<\/td>\n<td>Garrafas de molho de pimenta e molho barbecue no atacado.<\/td>\n<\/tr>\n<\/tbody>\n<\/table>\n<h2>Caso de sucesso: como uma empresa de condimentos simplificou as embalagens.<\/h2>\n<p>A empresa de condimentos, em r\u00e1pido crescimento, utilizava diversos tipos de garrafas para embalar seus produtos, o que dificultava o gerenciamento de estoque e o envio. No in\u00edcio de 2024, eles experimentaram nossas garrafas para molho picante no atacado e fizeram um primeiro pedido de 3.000 unidades (1.500 de cada tamanho). O resultado foi surpreendente: uma marca de molho barbecue que utilizava garrafas de 473 ml registrou um aumento de 41% nas vendas no varejo, pois os clientes foram atra\u00eddos pelo design moderno e pelo gargalo que facilita o despejo. Um produtor de molho picante experimentou garrafas de amostra de 267 ml e observou um aumento de 35% nas recompras \u2014 os consumidores expressaram o desejo de comprar o produto em tamanho normal ap\u00f3s experiment\u00e1-lo. Atualmente, eles fazem pedidos em grande quantidade para ambos os tamanhos a cada trimestre, o que demonstra claramente a efic\u00e1cia de solu\u00e7\u00f5es de embalagem simplificadas e escal\u00e1veis.<\/p>\n<h2>Sugest\u00f5es para personaliza\u00e7\u00e3o de garrafas<\/h2>\n<ul>\n<li><strong>Op\u00e7\u00f5es de cores para o vidro:<\/strong> Garrafas redondas de vidro \u00e2mbar ou verde podem ser uma op\u00e7\u00e3o atraente e exclusiva nas prateleiras, al\u00e9m de oferecerem prote\u00e7\u00e3o para produtos sens\u00edveis \u00e0 luz.<\/li>\n<li><strong>\u0623\u062d\u062f\u062b \u0627\u062a\u062c\u0627\u0647\u0627\u062a \u0635\u0646\u0627\u0639\u0629 \u0632\u062c\u0627\u062c\u0627\u062a \u0627\u0644\u0642\u0637\u0627\u0631\u0629 \u0641\u064a \u0639\u0627\u0645 \u0662\u0660\u0662\u0666 - \u0634\u0631\u0643\u0629 \u0645\u064a\u0646\u063a\u0647\u0627\u0646\u063a \u0644\u0644\u062a\u063a\u0644\u064a\u0641<\/strong> \/ \u0623\u062d\u062f\u062b \u0627\u0644\u0627\u062a\u062c\u0627\u0647\u0627\u062a \u0641\u064a \u062a\u0635\u0646\u064a\u0639 \u0632\u062c\u0627\u062c\u0627\u062a \u0627\u0644\u0642\u0637\u0627\u0631\u0629 \u0641\u064a \u0639\u0627\u0645 2026<\/li>\n<li><strong>Gr\u00e1ficos impressos em serigrafia:<\/strong> \u00c9 poss\u00edvel imprimir seu logotipo ou qualquer outro design diretamente na superf\u00edcie do vidro, obtendo assim um r\u00f3tulo dur\u00e1vel e \u00e0 prova d&#039;\u00e1gua que, visual e fisicamente, se torna parte integrante do recipiente.<\/li>\n<li><strong>Op\u00e7\u00f5es de regulador de fluxo:<\/strong> Ao escolher um regulador de fluxo com tamanho adequado \u00e0 viscosidade do seu molho, o controle da vaz\u00e3o ser\u00e1 simples, seja para uma calda fina ou um molho barbecue espesso.<\/li>\n<\/ul>","protected":false},"excerpt":{"rendered":"<p>Garrafas de molho premium feitas de vidro grosso e transparente \u2014 perfeitas para molho barbecue ou molho de pimenta. Personaliza\u00e7\u00e3o dispon\u00edvel com amostras gr\u00e1tis para compras em grande quantidade de garrafas de molho barbecue.<\/p>","protected":false},"featured_media":2435,"template":"","meta":{"postBodyCss":"","postBodyMargin":[],"postBodyPadding":[],"postBodyBackground":{"backgroundType":"classic","gradient":""}},"product_brand":[],"product_cat":[15,16,54],"product_tag":[72,98],"class_list":{"0":"post-2433","1":"product","2":"type-product","3":"status-publish","4":"has-post-thumbnail","6":"product_cat-glass-containers","7":"product_cat-glass-bottles","8":"product_cat-hot-sauce-bottles","9":"product_tag-juice-bottles","10":"product_tag-salad-dressing-bottles","12":"first","13":"instock","14":"shipping-taxable","15":"product-type-simple"},"jetpack_sharing_enabled":true,"_links":{"self":[{"href":"https:\/\/minghanggroup.com\/pt\/wp-json\/wp\/v2\/product\/2433","targetHints":{"allow":["GET"]}}],"collection":[{"href":"https:\/\/minghanggroup.com\/pt\/wp-json\/wp\/v2\/product"}],"about":[{"href":"https:\/\/minghanggroup.com\/pt\/wp-json\/wp\/v2\/types\/product"}],"wp:featuredmedia":[{"embeddable":true,"href":"https:\/\/minghanggroup.com\/pt\/wp-json\/wp\/v2\/media\/2435"}],"wp:attachment":[{"href":"https:\/\/minghanggroup.com\/pt\/wp-json\/wp\/v2\/media?parent=2433"}],"wp:term":[{"taxonomy":"product_brand","embeddable":true,"href":"https:\/\/minghanggroup.com\/pt\/wp-json\/wp\/v2\/product_brand?post=2433"},{"taxonomy":"product_cat","embeddable":true,"href":"https:\/\/minghanggroup.com\/pt\/wp-json\/wp\/v2\/product_cat?post=2433"},{"taxonomy":"product_tag","embeddable":true,"href":"https:\/\/minghanggroup.com\/pt\/wp-json\/wp\/v2\/product_tag?post=2433"}],"curies":[{"name":"wp","href":"https:\/\/api.w.org\/{rel}","templated":true}]}}