{"id":2428,"date":"2025-11-05T15:24:26","date_gmt":"2025-11-05T07:24:26","guid":{"rendered":"https:\/\/minghanggroup.com\/?post_type=product&#038;p=2428"},"modified":"2026-03-02T15:18:57","modified_gmt":"2026-03-02T07:18:57","slug":"custom-hot-sauce-bottles-with-textured-glass-design","status":"publish","type":"product","link":"https:\/\/minghanggroup.com\/pt\/produto\/custom-hot-sauce-bottles-with-textured-glass-design\/","title":{"rendered":"Garrafas personalizadas para molho picante com design em vidro texturizado, 375ml e 500ml"},"content":{"rendered":"<p>Estas garrafas de molho picante s\u00e3o produzidas em vidro transparente e possuem ranhuras verticais para uma pega confort\u00e1vel, tornando-as perfeitas para alimentos gordurosos e adicionando estilo \u00e0 sua embalagem.<\/p>\n<h2>Caracter\u00edsticas do produto<\/h2>\n<ul>\n<li><strong>Ader\u00eancia sem escorregar:<\/strong> A textura projetada proporciona ao usu\u00e1rio uma boa ader\u00eancia, permitindo o uso mesmo com as m\u00e3os oleosas sem erros.<\/li>\n<li><strong>Dur\u00e1vel e ideal para venda por atacado:<\/strong> As garrafas de vidro transparente e resistente podem ser enviadas em grandes volumes e usadas diariamente sem desgaste, sendo, portanto, a solu\u00e7\u00e3o perfeita para molhos picantes a granel ou para esta\u00e7\u00f5es de condimentos em restaurantes.<\/li>\n<li><strong>Dispon\u00edvel em dois tamanhos:<\/strong> Dispon\u00edveis em embalagens de 375ml (para varejo em pequena escala) e 500ml (para atacado em grande quantidade), para diferentes finalidades.<\/li>\n<\/ul>\n<h2 style=\"text-align: left;\">Especifica\u00e7\u00f5es principais<\/h2>\n<table class=\"aligncenter\" style=\"border-collapse: collapse; width: 468.77pt;\" border=\"0\" width=\"625\" cellspacing=\"0\" cellpadding=\"0\">\n<tbody>\n<tr style=\"height: 13.50pt;\">\n<td style=\"height: 13.50pt; width: 127.50pt;\" width=\"170\" height=\"18\">Recurso<\/td>\n<td style=\"width: 341.25pt;\" width=\"455\">Especifica\u00e7\u00e3o<\/td>\n<\/tr>\n<tr style=\"height: 13.50pt;\">\n<td style=\"height: 13.50pt;\" height=\"18\">Capacidades<\/td>\n<td>375ml e 500ml<\/td>\n<\/tr>\n<tr style=\"height: 13.50pt;\">\n<td style=\"height: 13.50pt;\" height=\"18\">Tamanho da embalagem<\/td>\n<td>20\u00d715\u00d715 cm (serve para ambos os tamanhos)<\/td>\n<\/tr>\n<tr style=\"height: 13.50pt;\">\n<td style=\"height: 13.50pt;\" height=\"18\">Material<\/td>\n<td>Garrafa de vidro transparente, pr\u00f3pria para alimentos.<\/td>\n<\/tr>\n<tr style=\"height: 13.50pt;\">\n<td style=\"height: 13.50pt;\" height=\"18\">Superf\u00edcie<\/td>\n<td>Textura estriada vertical para melhor ader\u00eancia<\/td>\n<\/tr>\n<tr style=\"height: 13.50pt;\">\n<td style=\"height: 13.50pt;\" height=\"18\">Op\u00e7\u00f5es de fechamento<\/td>\n<td>Tampa de rosca preta ou dourada<\/td>\n<\/tr>\n<tr style=\"height: 13.50pt;\">\n<td style=\"height: 13.50pt;\" height=\"18\">Ideal para<\/td>\n<td>Molho picante, vinagre, molho para salada, molho de pimenta, condimento<\/td>\n<\/tr>\n<tr style=\"height: 13.50pt;\">\n<td style=\"height: 13.50pt;\" height=\"18\">Uso ideal<\/td>\n<td>Garrafas de molho picante por atacado, garrafas de molho de pimenta<\/td>\n<\/tr>\n<\/tbody>\n<\/table>\n<h2>Caso de sucesso: como a textura aumenta o reconhecimento da marca<\/h2>\n<p>A marca de molho barbecue de preparo r\u00e1pido enfrentava o problema de seus produtos serem indistingu\u00edveis dos concorrentes que utilizavam o mesmo design de garrafa de vidro arredondada. A empresa optou por nossa garrafa de vidro texturizado de 500ml com tampa dourada para molho picante como embalagem de seu principal produto. Ap\u00f3s essa mudan\u00e7a, a empresa registrou um crescimento de 40% nas vendas em menos de seis meses. Al\u00e9m disso, a firmeza da embalagem resultou em uma redu\u00e7\u00e3o de 15% nas quebras durante o transporte, diminuindo os custos operacionais. O cliente ficou muito satisfeito e decidiu fazer quatro pedidos consecutivos de 100.000 garrafas cada.<\/p>\n<h2>Op\u00e7\u00f5es de personaliza\u00e7\u00e3o de garrafas de molho<\/h2>\n<p>Utilize as seguintes op\u00e7\u00f5es de personaliza\u00e7\u00e3o de vidro para criar garrafas de molho exclusivas:<\/p>\n<ul>\n<li>Altera\u00e7\u00e3o da Profundidade da Textura: Utilize texturas claras e escuras alternadas para criar ilus\u00f5es visuais impressionantes.<\/li>\n<li>Textura fosca: A difus\u00e3o da luz e a ader\u00eancia podem ser bastante melhoradas com a aplica\u00e7\u00e3o de um acabamento fosco nas \u00e1reas texturizadas.<\/li>\n<li>Logotipo impresso na parte inferior: O logotipo da sua empresa pode ser impresso em um elegante painel inferior, proporcionando uma apar\u00eancia bonita e, ao mesmo tempo, discreta.<\/li>\n<li>Textura de Vitral: Aplique padr\u00f5es texturizados em garrafas de vidro \u00e2mbar ou verde.<\/li>\n<\/ul>\n<p>Ent\u00e3o, por que n\u00e3o entrar em contato conosco para obter pre\u00e7os de atacado nessas pr\u00e1ticas garrafas de vidro para molho?<\/p>","protected":false},"excerpt":{"rendered":"<p>Garrafas de molho picante de alta qualidade com texturas elegantes, ideais para marcas premium. Dur\u00e1veis, personaliz\u00e1veis \u200b\u200bcom logotipos, dispon\u00edveis em grandes quantidades com descontos para revenda.<\/p>","protected":false},"featured_media":2429,"template":"","meta":{"postBodyCss":"","postBodyMargin":[],"postBodyPadding":[],"postBodyBackground":{"backgroundType":"classic","gradient":""}},"product_brand":[],"product_cat":[15,16,54],"product_tag":[72,98],"class_list":{"0":"post-2428","1":"product","2":"type-product","3":"status-publish","4":"has-post-thumbnail","6":"product_cat-glass-containers","7":"product_cat-glass-bottles","8":"product_cat-hot-sauce-bottles","9":"product_tag-juice-bottles","10":"product_tag-salad-dressing-bottles","12":"first","13":"instock","14":"shipping-taxable","15":"product-type-simple"},"jetpack_sharing_enabled":true,"_links":{"self":[{"href":"https:\/\/minghanggroup.com\/pt\/wp-json\/wp\/v2\/product\/2428","targetHints":{"allow":["GET"]}}],"collection":[{"href":"https:\/\/minghanggroup.com\/pt\/wp-json\/wp\/v2\/product"}],"about":[{"href":"https:\/\/minghanggroup.com\/pt\/wp-json\/wp\/v2\/types\/product"}],"wp:featuredmedia":[{"embeddable":true,"href":"https:\/\/minghanggroup.com\/pt\/wp-json\/wp\/v2\/media\/2429"}],"wp:attachment":[{"href":"https:\/\/minghanggroup.com\/pt\/wp-json\/wp\/v2\/media?parent=2428"}],"wp:term":[{"taxonomy":"product_brand","embeddable":true,"href":"https:\/\/minghanggroup.com\/pt\/wp-json\/wp\/v2\/product_brand?post=2428"},{"taxonomy":"product_cat","embeddable":true,"href":"https:\/\/minghanggroup.com\/pt\/wp-json\/wp\/v2\/product_cat?post=2428"},{"taxonomy":"product_tag","embeddable":true,"href":"https:\/\/minghanggroup.com\/pt\/wp-json\/wp\/v2\/product_tag?post=2428"}],"curies":[{"name":"wp","href":"https:\/\/api.w.org\/{rel}","templated":true}]}}