{"id":2423,"date":"2025-11-05T14:10:38","date_gmt":"2025-11-05T06:10:38","guid":{"rendered":"https:\/\/minghanggroup.com\/?post_type=product&#038;p=2423"},"modified":"2025-11-05T17:02:08","modified_gmt":"2025-11-05T09:02:08","slug":"wholesale-woozy-bottles-for-hot-sauce-packaging","status":"publish","type":"product","link":"https:\/\/minghanggroup.com\/pt\/produto\/wholesale-woozy-bottles-for-hot-sauce-packaging\/","title":{"rendered":"Frascos Woozy de 3oz, 5oz e 8oz para embalagem de molho picante (atacado)."},"content":{"rendered":"<p>Uma dessas garrafas t\u00edpicas para molho picante tem formato especial; a garrafa Woozy \u00e9 transparente e feita de vidro 100% puro. A garrafa \u00e9 circular, com um gargalo \u00fanico e fino que, gradualmente, se afunila at\u00e9 uma abertura padr\u00e3o, permitindo ao usu\u00e1rio controlar com precis\u00e3o a quantidade de molho utilizada.<\/p>\n<h2>Caracter\u00edsticas do produto<\/h2>\n<ul>\n<li><strong>O controle de fluxo \u00e9 preciso:<\/strong> O uso \u00e9 facilitado pelo gargalo fino e pela abertura usual do design, que controla o fluxo, evitando derramamentos mesmo com molhos espessos ou picantes, permitindo que o recipiente seja segurado com apenas uma m\u00e3o.<\/li>\n<li><strong>Uso vers\u00e1til:<\/strong> O recipiente \u00e9 muito adequado para qualquer tipo de molho, seja vinagrete, molho cremoso para salada ou xarope.<\/li>\n<li><strong>Material do vidro transparente:<\/strong> A garrafa \u00e9 feita de vidro natural transparente, e a cor e a quantidade de molho restante em seu interior s\u00e3o bastante vis\u00edveis.<\/li>\n<\/ul>\n<h2 style=\"text-align: left;\">Especifica\u00e7\u00f5es principais<\/h2>\n<table class=\"aligncenter\" style=\"border-collapse: collapse; width: 516.02pt;\" border=\"0\" width=\"688\" cellspacing=\"0\" cellpadding=\"0\">\n<tbody>\n<tr style=\"height: 13.50pt;\">\n<td class=\"et2\" style=\"height: 13.50pt; width: 90.00pt;\" width=\"120\" height=\"18\">Recurso<\/td>\n<td class=\"et2\" style=\"width: 426.00pt;\" width=\"568\">Especifica\u00e7\u00e3o<\/td>\n<\/tr>\n<tr style=\"height: 13.50pt;\">\n<td class=\"et2\" style=\"height: 13.50pt; width: 90.00pt;\" width=\"120\" height=\"18\">Capacidades<\/td>\n<td class=\"et2\" style=\"width: 426.00pt;\" width=\"568\">90ml\/3oz (4\u00d715,1cm), 150ml\/5oz (4,8\u00d717,2cm), 250ml\/8oz (5,5\u00d719,8cm)<\/td>\n<\/tr>\n<tr style=\"height: 13.50pt;\">\n<td class=\"et2\" style=\"height: 13.50pt; width: 90.00pt;\" width=\"120\" height=\"18\">Material<\/td>\n<td class=\"et2\" style=\"width: 426.00pt;\" width=\"568\">Garrafa de vidro transparente, pr\u00f3pria para alimentos, sem chumbo.<\/td>\n<\/tr>\n<tr style=\"height: 13.50pt;\">\n<td class=\"et2\" style=\"height: 13.50pt; width: 90.00pt;\" width=\"120\" height=\"18\">Encerramento<\/td>\n<td class=\"et2\" style=\"width: 426.00pt;\" width=\"568\">Tampa de rosca (preta ou em cor personalizada)<\/td>\n<\/tr>\n<tr style=\"height: 13.50pt;\">\n<td class=\"et2\" style=\"height: 13.50pt; width: 90.00pt;\" width=\"120\" height=\"18\">Ideal para<\/td>\n<td class=\"et2\" style=\"width: 426.00pt;\" width=\"568\">Molho picante, molho, tempero para salada<\/td>\n<\/tr>\n<tr style=\"height: 13.50pt;\">\n<td class=\"et2\" style=\"height: 13.50pt; width: 90.00pt;\" width=\"120\" height=\"18\">Uso ideal<\/td>\n<td class=\"et2\" style=\"width: 426.00pt;\" width=\"568\">Garrafas de molho picante a granel, garrafas de condimentos, garrafa para dar tontura<\/td>\n<\/tr>\n<\/tbody>\n<\/table>\n<h2>Caso de sucesso: como uma startup com um produto cl\u00e1ssico se tornou escal\u00e1vel.<\/h2>\n<p>Uma fabricante de molho picante artesanal em r\u00e1pido crescimento enfrentava um problema: seus clientes tinham dificuldades com garrafas de pl\u00e1stico que vazavam e eram de baixa qualidade, ou com garrafas de vidro que n\u00e3o se encaixavam bem. Ap\u00f3s a mudan\u00e7a para garrafas de vidro perfuradas de 150 ml com tampas pretas, eles observaram uma grande melhora em seu desempenho. O design cl\u00e1ssico da garrafa \u00e9 uma \u00f3tima ferramenta para construir a confian\u00e7a do cliente \u2014 uma marca de molho picante relatou um aumento de 42% nas vendas online, facilitado pelo limitador de fluxo no gargalo da garrafa, que ajudou a controlar melhor o despejo do molho, reduzindo o desperd\u00edcio em 31%. O sucesso dessa mudan\u00e7a fez com que os pedidos recorrentes da empresa disparassem de 50.000 garrafas por rodada para 250.000. Em seguida, eles ampliaram sua linha de produtos e ainda utilizam todos os tr\u00eas tamanhos do nosso cat\u00e1logo.<\/p>\n<h2>Sugest\u00f5es de personaliza\u00e7\u00e3o de garrafas para molho picante<\/h2>\n<ul>\n<li><strong>Garrafa fosca:<\/strong> O acabamento fosco em pe\u00e7a \u00fanica confere uma superf\u00edcie suave e mate, atenua a apar\u00eancia das impress\u00f5es digitais e aumenta o valor percebido do produto.<\/li>\n<li><strong>Marcadores de Volume Elevado:<\/strong> Letras em relevo na \u00e1rea do gargalo indicam o volume, ideal para rotular receitas ou molhos.<\/li>\n<li><strong>Logotipo impresso em serigrafia:<\/strong> Seu logotipo pode ser impresso diretamente na garrafa de vidro, garantindo uma identidade visual dur\u00e1vel e de alta qualidade que permanece vibrante ao longo do tempo.<\/li>\n<li><strong>Op\u00e7\u00f5es de vitrais:<\/strong> Vidros \u00e2mbar ou verdes podem ser usados \u200b\u200bpara proteger os ingredientes sens\u00edveis \u00e0 luz e, ao mesmo tempo, conferir um ar vintage.<\/li>\n<\/ul>","protected":false},"excerpt":{"rendered":"<p>Garrafas premium com design arrojado, ideais para diversos molhos. Garrafas de alta qualidade para molho picante, dispon\u00edveis em grandes quantidades \u2014 perfeitas para restaurantes e f\u00e1bricas de alimentos. Amostras gr\u00e1tis.<\/p>","protected":false},"featured_media":2427,"template":"","meta":{"postBodyCss":"","postBodyMargin":[],"postBodyPadding":[],"postBodyBackground":{"backgroundType":"classic","gradient":""}},"product_brand":[],"product_cat":[15,16,54],"product_tag":[],"class_list":{"0":"post-2423","1":"product","2":"type-product","3":"status-publish","4":"has-post-thumbnail","6":"product_cat-glass-containers","7":"product_cat-glass-bottles","8":"product_cat-hot-sauce-bottles","10":"first","11":"instock","12":"shipping-taxable","13":"product-type-simple"},"jetpack_sharing_enabled":true,"_links":{"self":[{"href":"https:\/\/minghanggroup.com\/pt\/wp-json\/wp\/v2\/product\/2423","targetHints":{"allow":["GET"]}}],"collection":[{"href":"https:\/\/minghanggroup.com\/pt\/wp-json\/wp\/v2\/product"}],"about":[{"href":"https:\/\/minghanggroup.com\/pt\/wp-json\/wp\/v2\/types\/product"}],"wp:featuredmedia":[{"embeddable":true,"href":"https:\/\/minghanggroup.com\/pt\/wp-json\/wp\/v2\/media\/2427"}],"wp:attachment":[{"href":"https:\/\/minghanggroup.com\/pt\/wp-json\/wp\/v2\/media?parent=2423"}],"wp:term":[{"taxonomy":"product_brand","embeddable":true,"href":"https:\/\/minghanggroup.com\/pt\/wp-json\/wp\/v2\/product_brand?post=2423"},{"taxonomy":"product_cat","embeddable":true,"href":"https:\/\/minghanggroup.com\/pt\/wp-json\/wp\/v2\/product_cat?post=2423"},{"taxonomy":"product_tag","embeddable":true,"href":"https:\/\/minghanggroup.com\/pt\/wp-json\/wp\/v2\/product_tag?post=2423"}],"curies":[{"name":"wp","href":"https:\/\/api.w.org\/{rel}","templated":true}]}}