{"id":2399,"date":"2025-11-04T15:52:22","date_gmt":"2025-11-04T07:52:22","guid":{"rendered":"https:\/\/minghanggroup.com\/?post_type=product&#038;p=2399"},"modified":"2025-11-14T10:07:42","modified_gmt":"2025-11-14T02:07:42","slug":"striped-empty-spice-jars-with-lids-bulk","status":"publish","type":"product","link":"https:\/\/minghanggroup.com\/pt\/produto\/striped-empty-spice-jars-with-lids-bulk\/","title":{"rendered":"Potes de tempero vazios listrados de 142 g (5 oz) com tampas - Pacote com v\u00e1rias unidades"},"content":{"rendered":"<p>Pare de sofrer com a bagun\u00e7a no armazenamento de temperos que deixa sua cozinha um caos. Criamos potes de tempero vazios de alta qualidade que transformam sua cozinha em um espa\u00e7o elegante, mantendo seus temperos frescos. Eles n\u00e3o s\u00e3o apenas recipientes \u2014 s\u00e3o a nova arma secreta da sua marca para organiza\u00e7\u00e3o de cozinha e embalagem de alimentos.<\/p>\n<h2>Caracter\u00edsticas do produto<\/h2>\n<ol>\n<li><strong>Cristalino<\/strong>O vidro transparente e resistente permite verificar rapidamente o estado das suas especiarias, sem ter que adivinhar quando \u00e9 hora de comprar mais recipientes de vidro para especiarias.<\/li>\n<li><strong>Design de preenchimento f\u00e1cil:<\/strong>Gra\u00e7as \u00e0 sua ampla abertura, \u00e9 f\u00e1cil encher o recipiente com sal, a\u00e7\u00facar, pimenta, farinha ou outros temperos em p\u00f3 para armazenar na sua cozinha.<\/li>\n<li><strong>Ergonomia elegante:<\/strong>O design curvo e simples da al\u00e7a proporciona uma pegada confort\u00e1vel durante o despejo, que \u00e9 feito sem esfor\u00e7o, e serve para armazenar seus potes de vidro redondos para especiarias.<\/li>\n<\/ol>\n<h2>Especifica\u00e7\u00f5es principais<\/h2>\n<table style=\"border-collapse: collapse; width: 80%; margin-left: auto; margin-right: auto;\" border=\"0\" width=\"144\" cellspacing=\"0\" cellpadding=\"0\">\n<tbody>\n<tr style=\"height: 13.50pt;\">\n<td style=\"height: 13.5pt; width: 54pt; text-align: center;\" width=\"72\" height=\"18\">Capacidade<\/td>\n<td style=\"width: 54pt; text-align: center;\" width=\"72\">150ml\/5oz<\/td>\n<\/tr>\n<tr style=\"height: 13.50pt;\">\n<td style=\"height: 13.5pt; text-align: center;\" height=\"18\">Material<\/td>\n<td style=\"text-align: center;\">Vidro + Tampa de Metal<\/td>\n<\/tr>\n<tr style=\"height: 13.50pt;\">\n<td style=\"height: 13.5pt; text-align: center;\" height=\"18\">Cor<\/td>\n<td style=\"text-align: center;\">Transparente e personaliz\u00e1vel<\/td>\n<\/tr>\n<tr style=\"height: 13.50pt;\">\n<td style=\"height: 13.5pt; text-align: center;\" height=\"18\">Tratamento de superf\u00edcie<\/td>\n<td style=\"text-align: center;\">Serigrafia\/fosco\/decalque\/pintura em spray\/etiqueta<\/td>\n<\/tr>\n<\/tbody>\n<\/table>\n<h2>Caso de sucesso<\/h2>\n<p>Fomos contatados por uma rede de restaurantes italianos para personalizar esses potes de vidro redondos para condimentos, usados \u200b\u200bpara o reabastecimento di\u00e1rio de temperos como sal, pimenta em flocos e queijo ralado. Cada tampa tamb\u00e9m tinha o logotipo do restaurante gravado, criando assim uma imagem de marca sofisticada.<\/p>\n<p>Ent\u00e3o, como foi no final das contas? Os novos potes de condimentos foram citados pelos clientes como um dos principais motivos para uma atmosfera &#034;profissional, por\u00e9m acolhedora&#034; \u2014 exatamente como era o estilo minimalista italiano da marca, ap\u00f3s o lan\u00e7amento em mais de 60 lojas.<\/p>\n<h2>Dicas de personaliza\u00e7\u00e3o<\/h2>\n<p>Precisa que as mesas do seu restaurante ou os utens\u00edlios da sua cozinha chamem a aten\u00e7\u00e3o? Personalize estes potes de tempero com o seu logotipo ou um design exclusivo para a tampa. Voc\u00ea pode escolher entre tampas de a\u00e7o inoxid\u00e1vel ou preto fosco, alterar o tamanho dos furos para sal, pimenta ou queijo, e tamb\u00e9m optar por potes de vidro coloridos para combinar com a sua marca. N\u00e3o h\u00e1 limites para as possibilidades de uso: restaurantes, caf\u00e9s ou kits gourmet para presente \u2014 garanta que cada detalhe conte a hist\u00f3ria da sua marca com eleg\u00e2ncia.<\/p>","protected":false},"excerpt":{"rendered":"<p>Potes de vidro redondos e resistentes, feitos de vidro transparente com tampas de a\u00e7o inoxid\u00e1vel. Recipientes de vidro perfeitos para armazenar ervas, sal, pimenta e temperos.<\/p>","protected":false},"featured_media":2400,"template":"","meta":{"postBodyCss":"","postBodyMargin":[],"postBodyPadding":[],"postBodyBackground":{"backgroundType":"classic","gradient":""}},"product_brand":[],"product_cat":[15,17,53],"product_tag":[],"class_list":{"0":"post-2399","1":"product","2":"type-product","3":"status-publish","4":"has-post-thumbnail","6":"product_cat-glass-containers","7":"product_cat-glass-jars","8":"product_cat-spice-jars","10":"first","11":"instock","12":"shipping-taxable","13":"product-type-simple"},"jetpack_sharing_enabled":true,"_links":{"self":[{"href":"https:\/\/minghanggroup.com\/pt\/wp-json\/wp\/v2\/product\/2399","targetHints":{"allow":["GET"]}}],"collection":[{"href":"https:\/\/minghanggroup.com\/pt\/wp-json\/wp\/v2\/product"}],"about":[{"href":"https:\/\/minghanggroup.com\/pt\/wp-json\/wp\/v2\/types\/product"}],"wp:featuredmedia":[{"embeddable":true,"href":"https:\/\/minghanggroup.com\/pt\/wp-json\/wp\/v2\/media\/2400"}],"wp:attachment":[{"href":"https:\/\/minghanggroup.com\/pt\/wp-json\/wp\/v2\/media?parent=2399"}],"wp:term":[{"taxonomy":"product_brand","embeddable":true,"href":"https:\/\/minghanggroup.com\/pt\/wp-json\/wp\/v2\/product_brand?post=2399"},{"taxonomy":"product_cat","embeddable":true,"href":"https:\/\/minghanggroup.com\/pt\/wp-json\/wp\/v2\/product_cat?post=2399"},{"taxonomy":"product_tag","embeddable":true,"href":"https:\/\/minghanggroup.com\/pt\/wp-json\/wp\/v2\/product_tag?post=2399"}],"curies":[{"name":"wp","href":"https:\/\/api.w.org\/{rel}","templated":true}]}}