{"id":2394,"date":"2025-11-04T14:20:46","date_gmt":"2025-11-04T06:20:46","guid":{"rendered":"https:\/\/minghanggroup.com\/?post_type=product&#038;p=2394"},"modified":"2025-11-14T10:07:49","modified_gmt":"2025-11-14T02:07:49","slug":"10oz-glass-spice-jar-set-bulk-spice-storage-containers","status":"publish","type":"product","link":"https:\/\/minghanggroup.com\/pt\/produto\/10oz-glass-spice-jar-set-bulk-spice-storage-containers\/","title":{"rendered":"Conjunto de Potes de Vidro para Especiarias de 283g (10oz) | Recipientes para Armazenar Especiarias"},"content":{"rendered":"<p>N\u00e3o sofra mais com a bagun\u00e7a no armazenamento de temperos que deixa sua cozinha desorganizada. Fabricamos potes de vidro de alta qualidade para temperos que n\u00e3o s\u00f3 deixam sua cozinha mais bonita, como tamb\u00e9m mant\u00eam seus temperos frescos. Mais do que potes, s\u00e3o a nova arma secreta da sua marca para organiza\u00e7\u00e3o da cozinha e embalagem de alimentos.<\/p>\n<h2>Caracter\u00edsticas do produto<\/h2>\n<ol>\n<li><strong>Projeto preciso do agitador:<\/strong>A tampa do saleiro em a\u00e7o inoxid\u00e1vel, com furos de tamanho e distribui\u00e7\u00e3o iguais, permite controlar ao m\u00e1ximo a quantidade de temperos como sal, pimenta e outras especiarias finas.<\/li>\n<li><strong>Al\u00e7a confort\u00e1vel:<\/strong>As ranhuras verticais na parte que serve de apoio para a m\u00e3o n\u00e3o s\u00f3 melhoram o conforto ao segurar, como tamb\u00e9m conferem um aspeto cl\u00e1ssico aos seus frascos de vidro para especiarias.<\/li>\n<\/ol>\n<h2>Especifica\u00e7\u00f5es principais<\/h2>\n<table style=\"border-collapse: collapse; width: 80%; margin-left: auto; margin-right: auto;\" border=\"0\" width=\"144\" cellspacing=\"0\" cellpadding=\"0\">\n<tbody>\n<tr style=\"height: 13.50pt;\">\n<td style=\"height: 13.5pt; width: 54pt; text-align: center;\" width=\"72\" height=\"18\">Capacidade<\/td>\n<td style=\"width: 54pt; text-align: center;\" width=\"72\">330ml\/10oz<\/td>\n<\/tr>\n<tr style=\"height: 13.50pt;\">\n<td style=\"height: 13.5pt; text-align: center;\" height=\"18\">Dimens\u00f5es<\/td>\n<td style=\"text-align: center;\">7,5 x 13,5 cm<\/td>\n<\/tr>\n<tr style=\"height: 13.50pt;\">\n<td style=\"height: 13.5pt; text-align: center;\" height=\"18\">Material<\/td>\n<td style=\"text-align: center;\">Vidro + Tampa de Metal<\/td>\n<\/tr>\n<tr style=\"height: 13.50pt;\">\n<td style=\"height: 13.5pt; text-align: center;\" height=\"18\">Uso<\/td>\n<td style=\"text-align: center;\">A\u00e7\u00facar, sal, tempero<\/td>\n<\/tr>\n<tr style=\"height: 13.50pt;\">\n<td style=\"height: 13.5pt; text-align: center;\" height=\"18\">Cor<\/td>\n<td style=\"text-align: center;\">Personalizado<\/td>\n<\/tr>\n<\/tbody>\n<\/table>\n<h2>Caso de sucesso<\/h2>\n<p>Uma marca de utens\u00edlios de cozinha de alta qualidade colaborou conosco para projetar este conjunto exclusivo de recipientes multifuncionais para temperos. Os potes possuem uma textura especial nas paredes de vidro para melhor ader\u00eancia e tampas de a\u00e7o inoxid\u00e1vel com acabamento espelhado que n\u00e3o enferrujam, mesmo com lavagens frequentes. Um dos potes tem um bico dosador preciso, ideal para azeite ou molho de soja; os outros potes possuem dosadores e tampas com boca estreita para sal, a\u00e7\u00facar e pimenta, respectivamente.<\/p>\n<p>Durante o primeiro trimestre, o conjunto foi o produto mais vendido em lojas de estilo de vida, bem como em varejistas online, e as vendas superaram a meta em 40%.<\/p>\n<h2>Dicas de personaliza\u00e7\u00e3o<\/h2>\n<p>Esses recipientes de vidro para temperos podem ser um \u00f3timo produto se voc\u00ea os personalizar, aprimorando a apar\u00eancia e adicionando alguns detalhes interessantes. Para um visual elegante e profissional, o logotipo da sua marca pode ser aplicado na tampa ou no frasco por meio de grava\u00e7\u00e3o a laser ou serigrafia. Al\u00e9m disso, o frasco pode ganhar um toque de luxo simplesmente por ser feito de vidro colorido (\u00e2mbar, verde ou cinza fum\u00ea), que tamb\u00e9m ajuda a proteger o conte\u00fado da luz.<\/p>","protected":false},"excerpt":{"rendered":"<p>Descubra nosso conjunto de potes de vidro resistentes com tampas de a\u00e7o inoxid\u00e1vel \u2014 recipientes ideais para armazenar e organizar sal, a\u00e7\u00facar, \u00f3leo e muito mais.<\/p>","protected":false},"featured_media":2395,"template":"","meta":{"postBodyCss":"","postBodyMargin":[],"postBodyPadding":[],"postBodyBackground":{"backgroundType":"classic","gradient":""}},"product_brand":[],"product_cat":[17,15,53],"product_tag":[],"class_list":{"0":"post-2394","1":"product","2":"type-product","3":"status-publish","4":"has-post-thumbnail","6":"product_cat-glass-jars","7":"product_cat-glass-containers","8":"product_cat-spice-jars","10":"first","11":"instock","12":"shipping-taxable","13":"product-type-simple"},"jetpack_sharing_enabled":true,"_links":{"self":[{"href":"https:\/\/minghanggroup.com\/pt\/wp-json\/wp\/v2\/product\/2394","targetHints":{"allow":["GET"]}}],"collection":[{"href":"https:\/\/minghanggroup.com\/pt\/wp-json\/wp\/v2\/product"}],"about":[{"href":"https:\/\/minghanggroup.com\/pt\/wp-json\/wp\/v2\/types\/product"}],"wp:featuredmedia":[{"embeddable":true,"href":"https:\/\/minghanggroup.com\/pt\/wp-json\/wp\/v2\/media\/2395"}],"wp:attachment":[{"href":"https:\/\/minghanggroup.com\/pt\/wp-json\/wp\/v2\/media?parent=2394"}],"wp:term":[{"taxonomy":"product_brand","embeddable":true,"href":"https:\/\/minghanggroup.com\/pt\/wp-json\/wp\/v2\/product_brand?post=2394"},{"taxonomy":"product_cat","embeddable":true,"href":"https:\/\/minghanggroup.com\/pt\/wp-json\/wp\/v2\/product_cat?post=2394"},{"taxonomy":"product_tag","embeddable":true,"href":"https:\/\/minghanggroup.com\/pt\/wp-json\/wp\/v2\/product_tag?post=2394"}],"curies":[{"name":"wp","href":"https:\/\/api.w.org\/{rel}","templated":true}]}}