{"id":2387,"date":"2025-11-04T10:57:15","date_gmt":"2025-11-04T02:57:15","guid":{"rendered":"https:\/\/minghanggroup.com\/?post_type=product&#038;p=2387"},"modified":"2025-11-14T10:07:56","modified_gmt":"2025-11-14T02:07:56","slug":"the-spice-jar-with-lid-for-kitchen-wholesale","status":"publish","type":"product","link":"https:\/\/minghanggroup.com\/pt\/produto\/the-spice-jar-with-lid-for-kitchen-wholesale\/","title":{"rendered":"Pote de temperos de 200ml com tampa preta para cozinha (venda por atacado)"},"content":{"rendered":"<p>Pare de lutar com o armazenamento bagun\u00e7ado de temperos, que faz com que sua cozinha pare\u00e7a desordenada. Criamos potes de vidro premium para temperos que transformam sua cozinha em um espa\u00e7o elegante, mantendo os temperos frescos. Esses n\u00e3o s\u00e3o apenas recipientes - eles s\u00e3o a nova arma secreta da sua marca para a organiza\u00e7\u00e3o da cozinha e o acondicionamento de alimentos.<\/p>\n<h2>Caracter\u00edsticas do produto<\/h2>\n<ol>\n<li><strong>Cristalino:<\/strong>Sem d\u00favida, \u00e9 por meio do vidro grosso e transparente que voc\u00ea pode determinar facilmente os n\u00edveis de especiarias que ainda restam, de modo que n\u00e3o h\u00e1 como adivinhar quando \u00e9 hora de fazer um novo pedido.<\/li>\n<li><strong>Op\u00e7\u00f5es vers\u00e1teis:<\/strong>A tampa de pl\u00e1stico preto tem colheres de formatos diferentes, portanto, s\u00e3o perfeitas para armazenar mel, \u00f3leo de cozinha ou temperos em p\u00f3!<\/li>\n<li><strong>Customiza\u00e7\u00e3o personalizada:<\/strong>Ao selecionar branco, preto ou at\u00e9 mesmo cores personalizadas, voc\u00ea pode criar um pote de temperos \u00fanico que reflita sua marca ou simplesmente combine com a cor da marca.<\/li>\n<\/ol>\n<h2>Especifica\u00e7\u00f5es principais<\/h2>\n<table style=\"border-collapse: collapse; width: 80%; margin-left: auto; margin-right: auto;\" border=\"0\" width=\"144\" cellspacing=\"0\" cellpadding=\"0\">\n<tbody>\n<tr style=\"height: 13.50pt;\">\n<td style=\"height: 13.5pt; width: 54pt; text-align: center;\" width=\"72\" height=\"18\">Capacidade<\/td>\n<td style=\"width: 54pt; text-align: center;\" width=\"72\">200 ml<\/td>\n<\/tr>\n<tr style=\"height: 13.50pt;\">\n<td style=\"height: 13.5pt; text-align: center;\" height=\"18\">Dimens\u00f5es<\/td>\n<td style=\"text-align: center;\">6,5 * 14 cm<\/td>\n<\/tr>\n<tr style=\"height: 13.50pt;\">\n<td style=\"height: 13.5pt; text-align: center;\" height=\"18\">Forma<\/td>\n<td style=\"text-align: center;\">Redondo<\/td>\n<\/tr>\n<tr style=\"height: 13.50pt;\">\n<td style=\"height: 13.5pt; text-align: center;\" height=\"18\">Material<\/td>\n<td style=\"text-align: center;\">Vidro<\/td>\n<\/tr>\n<tr style=\"height: 13.50pt;\">\n<td style=\"height: 13.5pt; text-align: center;\" height=\"18\">Cor<\/td>\n<td style=\"text-align: center;\">Transparente e personaliz\u00e1vel<\/td>\n<\/tr>\n<tr style=\"height: 13.50pt;\">\n<td style=\"height: 13.5pt; text-align: center;\" height=\"18\">Uso<\/td>\n<td style=\"text-align: center;\">Recipiente de especiarias, frasco de especiarias<\/td>\n<\/tr>\n<tr style=\"height: 13.50pt;\">\n<td style=\"height: 13.5pt; text-align: center;\" height=\"18\">Op\u00e7\u00f5es de personaliza\u00e7\u00e3o<\/td>\n<td style=\"text-align: center;\">Logotipo, tampas, cor, etiqueta, tamanho<\/td>\n<\/tr>\n<\/tbody>\n<\/table>\n<h2>Caso de sucesso<\/h2>\n<p>Uma marca italiana de especiarias colaborou conosco para fazer esses elegantes potes de vidro para sua nova cole\u00e7\u00e3o \"Golden Kitchen\". Todos os potes s\u00e3o feitos de vidro denso e muito transparente, o que proporciona a vis\u00e3o mais natural do mel, dos temperos e das ervas, ao mesmo tempo em que as tampas pretas brilhantes d\u00e3o um charme moderno e refinado. Al\u00e9m disso, a marca fez um logotipo estampado em ouro nas tampas para uso pr\u00f3prio.<\/p>\n<p>Tr\u00eas meses ap\u00f3s o lan\u00e7amento do produto, a embalagem limpa e consistente elevou a imagem da marca no ponto de venda, o que foi seguido por um aumento de 45% nas vendas.<\/p>\n<h2>Dicas de personaliza\u00e7\u00e3o<\/h2>\n<p>Dizer que as embalagens de especiarias s\u00e3o as coisas mais chatas \u00e9 provavelmente um eufemismo. Seus potes de especiarias n\u00e3o devem ser apenas um mero armazenamento de sabores, mas tamb\u00e9m devem ser os \u00fanicos a exibi-los. Deseja estar alinhado com a imagem culin\u00e1ria de sua marca em um estilo sofisticado? Voc\u00ea pode brincar com diferentes claridades de vidro, com a cor das tampas e at\u00e9 mesmo inserir colheres de mel, colheres de sopa ou pequenos pinc\u00e9is dentro da tampa. A grava\u00e7\u00e3o de sua marca ou a adi\u00e7\u00e3o de detalhes em metal dar\u00e3o uma sensa\u00e7\u00e3o ainda mais luxuosa. As op\u00e7\u00f5es de compra a granel podem ser discutidas se voc\u00ea quiser. Criando um pote de especiarias que transforma cada prateleira em um palco do gosto e do estilo de sua marca, vamos?<\/p>","protected":false},"excerpt":{"rendered":"<p>Aprimore sua cozinha com a cole\u00e7\u00e3o de potes de especiarias. Esses pequenos potes de especiarias apresentam tampas pretas elegantes, ideais para armazenar mel, ervas e temperos de forma organizada.<\/p>","protected":false},"featured_media":2388,"template":"","meta":{"postBodyCss":"","postBodyMargin":[],"postBodyPadding":[],"postBodyBackground":{"backgroundType":"classic","gradient":""}},"product_brand":[],"product_cat":[15,17,53],"product_tag":[],"class_list":{"0":"post-2387","1":"product","2":"type-product","3":"status-publish","4":"has-post-thumbnail","6":"product_cat-glass-containers","7":"product_cat-glass-jars","8":"product_cat-spice-jars","10":"first","11":"instock","12":"shipping-taxable","13":"product-type-simple"},"jetpack_sharing_enabled":true,"_links":{"self":[{"href":"https:\/\/minghanggroup.com\/pt\/wp-json\/wp\/v2\/product\/2387","targetHints":{"allow":["GET"]}}],"collection":[{"href":"https:\/\/minghanggroup.com\/pt\/wp-json\/wp\/v2\/product"}],"about":[{"href":"https:\/\/minghanggroup.com\/pt\/wp-json\/wp\/v2\/types\/product"}],"wp:featuredmedia":[{"embeddable":true,"href":"https:\/\/minghanggroup.com\/pt\/wp-json\/wp\/v2\/media\/2388"}],"wp:attachment":[{"href":"https:\/\/minghanggroup.com\/pt\/wp-json\/wp\/v2\/media?parent=2387"}],"wp:term":[{"taxonomy":"product_brand","embeddable":true,"href":"https:\/\/minghanggroup.com\/pt\/wp-json\/wp\/v2\/product_brand?post=2387"},{"taxonomy":"product_cat","embeddable":true,"href":"https:\/\/minghanggroup.com\/pt\/wp-json\/wp\/v2\/product_cat?post=2387"},{"taxonomy":"product_tag","embeddable":true,"href":"https:\/\/minghanggroup.com\/pt\/wp-json\/wp\/v2\/product_tag?post=2387"}],"curies":[{"name":"wp","href":"https:\/\/api.w.org\/{rel}","templated":true}]}}